{"id":692,"date":"2021-02-14T23:05:57","date_gmt":"2021-02-14T23:05:57","guid":{"rendered":"https:\/\/hawadyc.com\/politica-de-cookies\/"},"modified":"2021-02-18T08:55:59","modified_gmt":"2021-02-18T08:55:59","slug":"politica-de-cookies","status":"publish","type":"page","link":"https:\/\/hawadyc.com\/pt-pt\/politica-de-cookies\/","title":{"rendered":"Politica de Cookies"},"content":{"rendered":"<p>[et_pb_section fb_built=&#8221;1&#8243; fullwidth=&#8221;on&#8221; _builder_version=&#8221;4.8.2&#8243; _module_preset=&#8221;default&#8221;][et_pb_fullwidth_image src=&#8221;https:\/\/hawadyc.com\/wp-content\/uploads\/2021\/01\/hawadyc-printer-2.jpg&#8221; alt=&#8221;hawadyc impressora&#8221; title_text=&#8221;hawadyc impressora&#8221; _builder_version=&#8221;4.8.2&#8243; _module_preset=&#8221;default&#8221;][\/et_pb_fullwidth_image][\/et_pb_section][et_pb_section fb_built=&#8221;1&#8243; _builder_version=&#8221;4.8.2&#8243; _module_preset=&#8221;default&#8221;][et_pb_row _builder_version=&#8221;4.8.2&#8243; _module_preset=&#8221;default&#8221;][et_pb_column type=&#8221;4_4&#8243; _builder_version=&#8221;4.8.2&#8243; _module_preset=&#8221;default&#8221;][et_pb_post_title meta=&#8221;off&#8221; featured_image=&#8221;off&#8221; _builder_version=&#8221;4.8.2&#8243; _module_preset=&#8221;default&#8221; title_font=&#8221;Montserrat|800||on|||||&#8221; title_text_color=&#8221;#242424&#8243; title_font_size=&#8221;45px&#8221;][\/et_pb_post_title][\/et_pb_column][\/et_pb_row][et_pb_row _builder_version=&#8221;4.8.2&#8243; _module_preset=&#8221;default&#8221;][et_pb_column type=&#8221;4_4&#8243; _builder_version=&#8221;4.8.2&#8243; _module_preset=&#8221;default&#8221;][et_pb_text _builder_version=&#8221;4.9.0&#8243; _module_preset=&#8221;default&#8221; header_2_font=&#8221;Montserrat|600|||||||&#8221; header_2_line_height=&#8221;1.5em&#8221; hover_enabled=&#8221;0&#8243; sticky_enabled=&#8221;0&#8243;]O objetivo desta pol\u00edtica de cookies \u00e9 inform\u00e1-lo de forma clara e precisa sobre os cookies que s\u00e3o usados \u200b\u200bna p\u00e1gina www.hawadyc.com.<\/p>\n<h2>O que s\u00e3o cookies?<\/h2>\n<p>Um cookie \u00e9 um pequeno texto que os sites que voc\u00ea visita envia para o navegador e permite que o site se lembre das informa\u00e7\u00f5es sobre sua visita, como seu idioma preferido e outras op\u00e7\u00f5es, para facilitar sua pr\u00f3xima visita e fazer com que o site site \u00e9 mais \u00fatil. Os cookies desempenham um papel muito importante e contribuem para uma melhor experi\u00eancia de navega\u00e7\u00e3o para o usu\u00e1rio.<\/p>\n<h2>Tipos de cookies<\/h2>\n<p>Dependendo da entidade que gerencia o dom\u00ednio do qual os cookies s\u00e3o enviados e os dados obtidos s\u00e3o processados, dois tipos podem ser distinguidos: cookies pr\u00f3prios e cookies de terceiros. H\u00e1 tamb\u00e9m uma segunda classifica\u00e7\u00e3o de acordo com o per\u00edodo de tempo que elas permanecem armazenadas no navegador do cliente, que pode ser cookies de sess\u00e3o ou cookies persistentes.<\/p>\n<p>Por fim, h\u00e1 outra classifica\u00e7\u00e3o com cinco tipos de cookies de acordo com a finalidade para a qual os dados obtidos s\u00e3o processados: cookies t\u00e9cnicos, cookies de personaliza\u00e7\u00e3o, cookies de an\u00e1lise, cookies de publicidade e cookies de publicidade comportamental.<\/p>\n<p>Para mais informa\u00e7\u00f5es sobre este assunto, voc\u00ea pode consultar o Guia sobre o uso de cookies pela Ag\u00eancia Espanhola de Prote\u00e7\u00e3o de Dados.<\/p>\n<h2>Cookies usados \u200b\u200bna web<\/h2>\n<p>Em seguida, s\u00e3o identificados os cookies que est\u00e3o sendo utilizados neste portal, bem como sua tipologia e fun\u00e7\u00e3o:<\/p>\n<p>O site HAWADYC usa o Google Analytics, um servi\u00e7o de an\u00e1lise da web desenvolvido pelo Google, que permite a medi\u00e7\u00e3o e a an\u00e1lise da navega\u00e7\u00e3o em p\u00e1ginas da web. No seu navegador voc\u00ea pode ver cookies para este servi\u00e7o. De acordo com a tipologia anterior, s\u00e3o os cookies pr\u00f3prios, de sess\u00e3o e de an\u00e1lise.<\/p>\n<p>Por meio da an\u00e1lise da web, obt\u00eam-se informa\u00e7\u00f5es sobre o n\u00famero de usu\u00e1rios que acessam a web, o n\u00famero de exibi\u00e7\u00f5es de p\u00e1gina, a frequ\u00eancia e a repeti\u00e7\u00e3o de visitas, sua dura\u00e7\u00e3o, o navegador usado, o operador que fornece o servi\u00e7o, o idioma , o terminal que voc\u00ea usa e a cidade \u00e0 qual seu endere\u00e7o IP est\u00e1 atribu\u00eddo. Informa\u00e7\u00f5es que possibilitam um servi\u00e7o melhor e mais apropriado por este portal.<\/p>\n<p>Para garantir o anonimato, o Google converter\u00e1 suas informa\u00e7\u00f5es em an\u00f4nimas, truncando o endere\u00e7o IP antes de armazen\u00e1-lo, de modo que o Google Analytics n\u00e3o seja usado para localizar ou coletar informa\u00e7\u00f5es de identifica\u00e7\u00e3o pessoal dos visitantes do site. O Google s\u00f3 pode enviar informa\u00e7\u00f5es coletadas pelo Google<\/p>\n<p>Analytics para terceiros quando legalmente exigido para o fazer. De acordo com as condi\u00e7\u00f5es de fornecimento de servi\u00e7os do Google Analytics, o Google n\u00e3o associar\u00e1 seu endere\u00e7o IP a nenhum outro dado retido pelo Google.<\/p>\n<p>Outro dos cookies que s\u00e3o baixados \u00e9 um cookie de tipo t\u00e9cnico chamado ASP.NET_SessionId. Este cookie permite que voc\u00ea armazene um identificador exclusivo por sess\u00e3o, atrav\u00e9s do qual \u00e9 poss\u00edvel vincular os dados necess\u00e1rios para permitir a navega\u00e7\u00e3o cont\u00ednua.<\/p>\n<p>Finalmente, um cookie chamado ControlCookies, pr\u00f3prio, t\u00e9cnico e tipo de sess\u00e3o \u00e9 baixado. Gerenciar o consentimento do usu\u00e1rio para o uso de cookies no site, a fim de lembrar aqueles usu\u00e1rios que os aceitaram e aqueles que n\u00e3o o fizeram, para que os primeiros n\u00e3o sejam mostrados informa\u00e7\u00f5es no topo da p\u00e1gina. sobre isso.<\/p>\n<h2>Aceita\u00e7\u00e3o da pol\u00edtica de cookies<\/h2>\n<p>Pressionar o bot\u00e3o \u201cAceitar\u201d pressup\u00f5e que voc\u00ea aceita o uso de cookies.<\/p>\n<h2>Como modificar a configura\u00e7\u00e3o de cookies<\/h2>\n<p>Voc\u00ea pode restringir, bloquear ou excluir cookies de www.hawadyc.com ou qualquer outro site usando o seu navegador. Em cada navegador, a opera\u00e7\u00e3o \u00e9 diferente, a fun\u00e7\u00e3o \u201cAjuda\u201d mostrar\u00e1 como fazer isso.<\/p>\n<h2>Downloads<\/h2>\n<p>Guia sobre o uso de cookies pela Ag\u00eancia Espanhola de Prote\u00e7\u00e3o de Dados:<\/p>\n<p><a href=\"https:\/\/www.agpd.es\/portalwebAGPD\/canaldocumentacion\/publicaciones\/common\/Guias\/Guia_Cookies.pdf\" target=\"_blank\" rel=\"noopener\">https:\/\/www.agpd.es\/portalwebAGPD\/canaldocumentacion\/publicaciones\/common\/Guias\/Guia_Cookies.pdf<\/a>[\/et_pb_text][\/et_pb_column][\/et_pb_row][\/et_pb_section]<\/p>\n","protected":false},"excerpt":{"rendered":"<p>O objetivo desta pol\u00edtica de cookies \u00e9 inform\u00e1-lo de forma clara e precisa sobre os cookies que s\u00e3o usados \u200b\u200bna p\u00e1gina www.hawadyc.com. O que s\u00e3o cookies? Um cookie \u00e9 um pequeno texto que os sites que voc\u00ea visita envia para o navegador e permite que o site se lembre das informa\u00e7\u00f5es sobre sua visita, como [&hellip;]<\/p>\n","protected":false},"author":3,"featured_media":0,"parent":0,"menu_order":0,"comment_status":"closed","ping_status":"closed","template":"","meta":{"_et_pb_use_builder":"on","_et_pb_old_content":"","_et_gb_content_width":"","footnotes":""},"class_list":["post-692","page","type-page","status-publish","hentry"],"yoast_head":"<!-- This site is optimized with the Yoast SEO plugin v27.4 - https:\/\/yoast.com\/product\/yoast-seo-wordpress\/ -->\n<title>Politica de Cookies - Hawadyc<\/title>\n<meta name=\"robots\" content=\"noindex, nofollow\" \/>\n<meta property=\"og:locale\" content=\"pt_PT\" \/>\n<meta property=\"og:type\" content=\"article\" \/>\n<meta property=\"og:title\" content=\"Politica de Cookies - Hawadyc\" \/>\n<meta property=\"og:description\" content=\"O objetivo desta pol\u00edtica de cookies \u00e9 inform\u00e1-lo de forma clara e precisa sobre os cookies que s\u00e3o usados \u200b\u200bna p\u00e1gina www.hawadyc.com. O que s\u00e3o cookies? Um cookie \u00e9 um pequeno texto que os sites que voc\u00ea visita envia para o navegador e permite que o site se lembre das informa\u00e7\u00f5es sobre sua visita, como [&hellip;]\" \/>\n<meta property=\"og:url\" content=\"https:\/\/hawadyc.com\/pt-pt\/politica-de-cookies\/\" \/>\n<meta property=\"og:site_name\" content=\"Hawadyc\" \/>\n<meta property=\"article:modified_time\" content=\"2021-02-18T08:55:59+00:00\" \/>\n<meta name=\"twitter:card\" content=\"summary_large_image\" \/>\n<meta name=\"twitter:label1\" content=\"Est. reading time\" \/>\n\t<meta name=\"twitter:data1\" content=\"4 minutes\" \/>\n<script type=\"application\/ld+json\" class=\"yoast-schema-graph\">{\"@context\":\"https:\\\/\\\/schema.org\",\"@graph\":[{\"@type\":\"WebPage\",\"@id\":\"https:\\\/\\\/hawadyc.com\\\/pt-pt\\\/politica-de-cookies\\\/\",\"url\":\"https:\\\/\\\/hawadyc.com\\\/pt-pt\\\/politica-de-cookies\\\/\",\"name\":\"Politica de Cookies - Hawadyc\",\"isPartOf\":{\"@id\":\"https:\\\/\\\/hawadyc.com\\\/pt-pt\\\/#website\"},\"datePublished\":\"2021-02-14T23:05:57+00:00\",\"dateModified\":\"2021-02-18T08:55:59+00:00\",\"breadcrumb\":{\"@id\":\"https:\\\/\\\/hawadyc.com\\\/pt-pt\\\/politica-de-cookies\\\/#breadcrumb\"},\"inLanguage\":\"pt-PT\",\"potentialAction\":[{\"@type\":\"ReadAction\",\"target\":[\"https:\\\/\\\/hawadyc.com\\\/pt-pt\\\/politica-de-cookies\\\/\"]}]},{\"@type\":\"BreadcrumbList\",\"@id\":\"https:\\\/\\\/hawadyc.com\\\/pt-pt\\\/politica-de-cookies\\\/#breadcrumb\",\"itemListElement\":[{\"@type\":\"ListItem\",\"position\":1,\"name\":\"Portada\",\"item\":\"https:\\\/\\\/hawadyc.com\\\/pt-pt\\\/inicio\\\/\"},{\"@type\":\"ListItem\",\"position\":2,\"name\":\"Politica de Cookies\"}]},{\"@type\":\"WebSite\",\"@id\":\"https:\\\/\\\/hawadyc.com\\\/pt-pt\\\/#website\",\"url\":\"https:\\\/\\\/hawadyc.com\\\/pt-pt\\\/\",\"name\":\"Hawadyc\",\"description\":\"Etiquetado profesional textil y prendas de ropa\",\"potentialAction\":[{\"@type\":\"SearchAction\",\"target\":{\"@type\":\"EntryPoint\",\"urlTemplate\":\"https:\\\/\\\/hawadyc.com\\\/pt-pt\\\/?s={search_term_string}\"},\"query-input\":{\"@type\":\"PropertyValueSpecification\",\"valueRequired\":true,\"valueName\":\"search_term_string\"}}],\"inLanguage\":\"pt-PT\"}]}<\/script>\n<!-- \/ Yoast SEO plugin. -->","yoast_head_json":{"title":"Politica de Cookies - Hawadyc","robots":{"index":"noindex","follow":"nofollow"},"og_locale":"pt_PT","og_type":"article","og_title":"Politica de Cookies - Hawadyc","og_description":"O objetivo desta pol\u00edtica de cookies \u00e9 inform\u00e1-lo de forma clara e precisa sobre os cookies que s\u00e3o usados \u200b\u200bna p\u00e1gina www.hawadyc.com. O que s\u00e3o cookies? Um cookie \u00e9 um pequeno texto que os sites que voc\u00ea visita envia para o navegador e permite que o site se lembre das informa\u00e7\u00f5es sobre sua visita, como [&hellip;]","og_url":"https:\/\/hawadyc.com\/pt-pt\/politica-de-cookies\/","og_site_name":"Hawadyc","article_modified_time":"2021-02-18T08:55:59+00:00","twitter_card":"summary_large_image","twitter_misc":{"Est. reading time":"4 minutes"},"schema":{"@context":"https:\/\/schema.org","@graph":[{"@type":"WebPage","@id":"https:\/\/hawadyc.com\/pt-pt\/politica-de-cookies\/","url":"https:\/\/hawadyc.com\/pt-pt\/politica-de-cookies\/","name":"Politica de Cookies - Hawadyc","isPartOf":{"@id":"https:\/\/hawadyc.com\/pt-pt\/#website"},"datePublished":"2021-02-14T23:05:57+00:00","dateModified":"2021-02-18T08:55:59+00:00","breadcrumb":{"@id":"https:\/\/hawadyc.com\/pt-pt\/politica-de-cookies\/#breadcrumb"},"inLanguage":"pt-PT","potentialAction":[{"@type":"ReadAction","target":["https:\/\/hawadyc.com\/pt-pt\/politica-de-cookies\/"]}]},{"@type":"BreadcrumbList","@id":"https:\/\/hawadyc.com\/pt-pt\/politica-de-cookies\/#breadcrumb","itemListElement":[{"@type":"ListItem","position":1,"name":"Portada","item":"https:\/\/hawadyc.com\/pt-pt\/inicio\/"},{"@type":"ListItem","position":2,"name":"Politica de Cookies"}]},{"@type":"WebSite","@id":"https:\/\/hawadyc.com\/pt-pt\/#website","url":"https:\/\/hawadyc.com\/pt-pt\/","name":"Hawadyc","description":"Etiquetado profesional textil y prendas de ropa","potentialAction":[{"@type":"SearchAction","target":{"@type":"EntryPoint","urlTemplate":"https:\/\/hawadyc.com\/pt-pt\/?s={search_term_string}"},"query-input":{"@type":"PropertyValueSpecification","valueRequired":true,"valueName":"search_term_string"}}],"inLanguage":"pt-PT"}]}},"_links":{"self":[{"href":"https:\/\/hawadyc.com\/pt-pt\/wp-json\/wp\/v2\/pages\/692","targetHints":{"allow":["GET"]}}],"collection":[{"href":"https:\/\/hawadyc.com\/pt-pt\/wp-json\/wp\/v2\/pages"}],"about":[{"href":"https:\/\/hawadyc.com\/pt-pt\/wp-json\/wp\/v2\/types\/page"}],"author":[{"embeddable":true,"href":"https:\/\/hawadyc.com\/pt-pt\/wp-json\/wp\/v2\/users\/3"}],"replies":[{"embeddable":true,"href":"https:\/\/hawadyc.com\/pt-pt\/wp-json\/wp\/v2\/comments?post=692"}],"version-history":[{"count":5,"href":"https:\/\/hawadyc.com\/pt-pt\/wp-json\/wp\/v2\/pages\/692\/revisions"}],"predecessor-version":[{"id":775,"href":"https:\/\/hawadyc.com\/pt-pt\/wp-json\/wp\/v2\/pages\/692\/revisions\/775"}],"wp:attachment":[{"href":"https:\/\/hawadyc.com\/pt-pt\/wp-json\/wp\/v2\/media?parent=692"}],"curies":[{"name":"wp","href":"https:\/\/api.w.org\/{rel}","templated":true}]}}