{"id":646,"date":"2021-02-11T16:17:28","date_gmt":"2021-02-11T16:17:28","guid":{"rendered":"https:\/\/hawadyc.com\/sobre-nos\/"},"modified":"2021-02-11T16:17:29","modified_gmt":"2021-02-11T16:17:29","slug":"sobre-nos","status":"publish","type":"page","link":"https:\/\/hawadyc.com\/pt-pt\/sobre-nos\/","title":{"rendered":"Sobre n\u00f3s"},"content":{"rendered":"<p>[et_pb_section fb_built=&#8221;1&#8243; admin_label=&#8221;Header&#8221; _builder_version=&#8221;4.5.1&#8243; background_color=&#8221;#2b343b&#8221; custom_padding=&#8221;||||false|false&#8221; locked=&#8221;off&#8221;][et_pb_row column_structure=&#8221;1_2,1_2&#8243; _builder_version=&#8221;4.5.1&#8243;][et_pb_column type=&#8221;1_2&#8243; _builder_version=&#8221;4.5.1&#8243;][et_pb_image src=&#8221;https:\/\/hawadyc.com\/wp-content\/uploads\/2021\/01\/transfusional-duo.png&#8221; alt=&#8221;Pulseiras de seguran\u00e7a de transfus\u00e3o&#8221; title_text=&#8221;Pulseiras de seguran\u00e7a de transfus\u00e3o&#8221; align=&#8221;center&#8221; _builder_version=&#8221;4.7.7&#8243; positioning=&#8221;absolute&#8221; position_origin_a_tablet=&#8221;&#8221; position_origin_a_phone=&#8221;&#8221; position_origin_a_last_edited=&#8221;on|tablet&#8221; position_origin_f_tablet=&#8221;&#8221; position_origin_f_phone=&#8221;&#8221; position_origin_f_last_edited=&#8221;on|tablet&#8221; position_origin_r_tablet=&#8221;&#8221; position_origin_r_phone=&#8221;&#8221; position_origin_r_last_edited=&#8221;on|tablet&#8221; max_width_tablet=&#8221;300px&#8221; max_width_phone=&#8221;250px&#8221; max_width_last_edited=&#8221;off|desktop&#8221; max_height_tablet=&#8221;400px&#8221; max_height_phone=&#8221;300px&#8221; max_height_last_edited=&#8221;on|phone&#8221; custom_margin=&#8221;|||-10vw|false|false&#8221; custom_margin_tablet=&#8221;|||0vw|false|false&#8221; custom_margin_phone=&#8221;&#8221; custom_margin_last_edited=&#8221;on|tablet&#8221; positioning_tablet=&#8221;none&#8221; positioning_phone=&#8221;&#8221; positioning_last_edited=&#8221;on|tablet&#8221;][\/et_pb_image][\/et_pb_column][et_pb_column type=&#8221;1_2&#8243; _builder_version=&#8221;4.5.1&#8243; background_enable_color=&#8221;off&#8221; background_image=&#8221;https:\/\/hawadyc.com\/wp-content\/uploads\/2021\/01\/beauty-product_57.png&#8221; background_size=&#8221;contain&#8221; custom_padding=&#8221;15%||15%||true|false&#8221; custom_padding_tablet=&#8221;&#8221; custom_padding_phone=&#8221;&#8221; custom_padding_last_edited=&#8221;on|phone&#8221;][et_pb_text _builder_version=&#8221;4.7.7&#8243; header_font=&#8221;Montserrat|800||on|||||&#8221; header_font_size=&#8221;60px&#8221; header_letter_spacing=&#8221;4px&#8221; header_line_height=&#8221;1.2em&#8221; text_orientation=&#8221;center&#8221; background_layout=&#8221;dark&#8221; header_font_size_tablet=&#8221;40px&#8221; header_font_size_phone=&#8221;30px&#8221; header_font_size_last_edited=&#8221;on|phone&#8221; locked=&#8221;off&#8221;]<\/p>\n<h1>Sobre n\u00f3s<\/h1>\n<p>[\/et_pb_text][\/et_pb_column][\/et_pb_row][\/et_pb_section][et_pb_section fb_built=&#8221;1&#8243; admin_label=&#8221;About&#8221; _builder_version=&#8221;4.5.1&#8243; background_color=&#8221;#f8f5f3&#8243; background_enable_image=&#8221;off&#8221; custom_padding=&#8221;10vw||||false|false&#8221; locked=&#8221;off&#8221;][et_pb_row column_structure=&#8221;1_2,1_2&#8243; make_equal=&#8221;on&#8221; _builder_version=&#8221;4.5.1&#8243;][et_pb_column type=&#8221;1_2&#8243; _builder_version=&#8221;4.5.1&#8243;][et_pb_text _builder_version=&#8221;4.7.7&#8243; header_2_font=&#8221;Montserrat|800||on|||||&#8221; header_2_text_color=&#8221;#2B343B&#8221; header_2_font_size=&#8221;50px&#8221; header_2_letter_spacing=&#8221;3px&#8221; header_2_line_height=&#8221;1.2em&#8221; header_2_font_size_tablet=&#8221;40px&#8221; header_2_font_size_phone=&#8221;30px&#8221; header_2_font_size_last_edited=&#8221;on|phone&#8221; locked=&#8221;off&#8221;]<\/p>\n<h2>Nossa empresa<\/h2>\n<p>[\/et_pb_text][et_pb_text _builder_version=&#8221;4.8.2&#8243; text_font=&#8221;Montserrat||||||||&#8221; text_font_size=&#8221;16px&#8221; text_line_height=&#8221;2em&#8221; max_width=&#8221;800px&#8221; hover_enabled=&#8221;0&#8243; text_font_size_tablet=&#8221;14px&#8221; text_font_size_phone=&#8221;14px&#8221; text_font_size_last_edited=&#8221;on|desktop&#8221; text_line_height_phone=&#8221;1.6em&#8221; text_line_height_last_edited=&#8221;off|desktop&#8221; locked=&#8221;off&#8221; sticky_enabled=&#8221;0&#8243;]<\/p>\n<p>Em 1998, o grupo Hawadyc foi criado para responder aos problemas de identifica\u00e7\u00e3o nos setores hospitalares e geri\u00e1tricos da Espanha.<\/p>\n<p>No setor hospitalar, somos os pioneiros na identifica\u00e7\u00e3o de pacientes por meio de pulseiras. Desde 2005, a divis\u00e3o de neg\u00f3cios El Corte Ingl\u00e9s distribui as nossas pulseiras exclusivamente para Espanha.<\/p>\n<p>Na \u00e1rea geri\u00e1trica, somos especializados em etiquetagem t\u00eaxtil (marca\u00e7\u00e3o de roupas para residentes e uniformidade)<\/p>\n<p>Pela nossa trajet\u00f3ria e conhecimento, somos atualmente a principal refer\u00eancia para identifica\u00e7\u00e3o nestes setores.<\/p>\n<p>[\/et_pb_text][\/et_pb_column][et_pb_column type=&#8221;1_2&#8243; _builder_version=&#8221;4.5.1&#8243; custom_padding=&#8221;35px||65px||false|false&#8221; custom_padding_last_edited=&#8221;off|desktop&#8221; border_width_all=&#8221;20px&#8221; border_color_all=&#8221;#2B343B&#8221;][et_pb_image src=&#8221;https:\/\/hawadyc.com\/wp-content\/uploads\/2021\/01\/quirofano-hospital.jpeg&#8221; title_text=&#8221;sala de cirurgia do hospital&#8221; _builder_version=&#8221;4.8.1&#8243; background_enable_color=&#8221;off&#8221; custom_margin=&#8221;|0px||-60px|false|false&#8221; custom_margin_tablet=&#8221;0%|||0%|false|false&#8221; custom_margin_last_edited=&#8221;off|desktop&#8221; locked=&#8221;off&#8221;][\/et_pb_image][\/et_pb_column][\/et_pb_row][\/et_pb_section][et_pb_section fb_built=&#8221;1&#8243; _builder_version=&#8221;4.8.1&#8243; _module_preset=&#8221;default&#8221;][et_pb_row _builder_version=&#8221;4.8.1&#8243; _module_preset=&#8221;default&#8221;][et_pb_column type=&#8221;4_4&#8243; _builder_version=&#8221;4.8.1&#8243; _module_preset=&#8221;default&#8221;][et_pb_text _builder_version=&#8221;4.8.1&#8243; _module_preset=&#8221;default&#8221; header_3_font=&#8221;Montserrat|800|||||||&#8221; header_3_text_align=&#8221;center&#8221; header_3_font_size=&#8221;6vh&#8221; header_3_letter_spacing=&#8221;2px&#8221;]<\/p>\n<h3>Subsidi\u00e1rias do grupo Hawadyc<\/h3>\n<p>[\/et_pb_text][\/et_pb_column][\/et_pb_row][et_pb_row column_structure=&#8221;1_3,1_3,1_3&#8243; _builder_version=&#8221;4.8.1&#8243; _module_preset=&#8221;default&#8221;][et_pb_column type=&#8221;1_3&#8243; _builder_version=&#8221;4.8.1&#8243; _module_preset=&#8221;default&#8221;][et_pb_blurb title=&#8221;Reino Unido&#8221; url=&#8221;https:\/\/www.hetikal.com\/en\/&#8221; url_new_window=&#8221;on&#8221; image=&#8221;https:\/\/hawadyc.com\/wp-content\/uploads\/2021\/01\/hetikal-uk.png&#8221; alt=&#8221;Hetikal LTD UK&#8221; _builder_version=&#8221;4.8.1&#8243; _module_preset=&#8221;default&#8221; header_font=&#8221;Montserrat|700|||||||&#8221; header_text_align=&#8221;center&#8221; text_orientation=&#8221;center&#8221; link_option_url_new_window=&#8221;on&#8221;]<\/p>\n<p>estabelecida em 2011<\/p>\n<p>[\/et_pb_blurb][\/et_pb_column][et_pb_column type=&#8221;1_3&#8243; _builder_version=&#8221;4.8.1&#8243; _module_preset=&#8221;default&#8221;][et_pb_blurb title=&#8221;Fran\u00e7a&#8221; url=&#8221;https:\/\/www.hetikal.com\/fr\/&#8221; url_new_window=&#8221;on&#8221; image=&#8221;https:\/\/hawadyc.com\/wp-content\/uploads\/2021\/01\/hetikal-france.png&#8221; alt=&#8221;Hetikal France&#8221; _builder_version=&#8221;4.8.1&#8243; _module_preset=&#8221;default&#8221; header_font=&#8221;Montserrat|700|||||||&#8221; header_text_align=&#8221;center&#8221; text_orientation=&#8221;center&#8221; link_option_url_new_window=&#8221;on&#8221;]<\/p>\n<p>estabelecida em 2015<\/p>\n<p>[\/et_pb_blurb][\/et_pb_column][et_pb_column type=&#8221;1_3&#8243; _builder_version=&#8221;4.8.1&#8243; _module_preset=&#8221;default&#8221;][et_pb_blurb title=&#8221;Portugal&#8221; url=&#8221;https:\/\/www.hetikal.com\/pt-pt\/&#8221; url_new_window=&#8221;on&#8221; image=&#8221;https:\/\/hawadyc.com\/wp-content\/uploads\/2021\/02\/hetikal-portugal.png&#8221; alt=&#8221;Hetikal Portugal&#8221; _builder_version=&#8221;4.8.2&#8243; _module_preset=&#8221;default&#8221; header_font=&#8221;Montserrat|700|||||||&#8221; header_text_align=&#8221;center&#8221; text_orientation=&#8221;center&#8221; link_option_url_new_window=&#8221;on&#8221; hover_enabled=&#8221;0&#8243; title_text=&#8221;Hetikal Portugal&#8221; sticky_enabled=&#8221;0&#8243;]<\/p>\n<p>estabelecida em 2018<\/p>\n<p>[\/et_pb_blurb][\/et_pb_column][\/et_pb_row][\/et_pb_section][et_pb_section fb_built=&#8221;1&#8243; admin_label=&#8221;Mission&#8221; _builder_version=&#8221;4.5.1&#8243; background_color=&#8221;#f8f5f3&#8243; background_enable_image=&#8221;off&#8221; custom_padding=&#8221;10vw||10vw||true|false&#8221;][et_pb_row _builder_version=&#8221;4.8.1&#8243; background_color=&#8221;#2b343b&#8221; custom_padding=&#8221;80px|40px|80px|40px|true|true&#8221;][et_pb_column type=&#8221;4_4&#8243; _builder_version=&#8221;4.8.1&#8243; custom_padding=&#8221;|||8vw|false|false&#8221; custom_padding_tablet=&#8221;&#8221; custom_padding_phone=&#8221;&#8221; custom_padding_last_edited=&#8221;on|tablet&#8221;][et_pb_image src=&#8221;https:\/\/hawadyc.com\/wp-content\/uploads\/2021\/01\/pulseras-hawaydyc_ver.png&#8221; alt=&#8221;Pulseira de identifica\u00e7ao adultos&#8221; title_text=&#8221;impressora e pulseiras identifica\u00e7ao hawaydyc&#8221; align=&#8221;center&#8221; _builder_version=&#8221;4.8.1&#8243; transform_origin=&#8221;100%|50%&#8221; positioning=&#8221;absolute&#8221; position_origin_a=&#8221;center_left&#8221; horizontal_offset=&#8221;-130px&#8221; horizontal_offset_tablet=&#8221;0px&#8221; horizontal_offset_phone=&#8221;&#8221; horizontal_offset_last_edited=&#8221;on|desktop&#8221; position_origin_a_tablet=&#8221;&#8221; position_origin_a_phone=&#8221;&#8221; position_origin_a_last_edited=&#8221;on|tablet&#8221; position_origin_f_tablet=&#8221;&#8221; position_origin_f_phone=&#8221;&#8221; position_origin_f_last_edited=&#8221;on|tablet&#8221; position_origin_r_tablet=&#8221;&#8221; position_origin_r_phone=&#8221;&#8221; position_origin_r_last_edited=&#8221;on|tablet&#8221; max_width=&#8221;350px&#8221; min_height_tablet=&#8221;&#8221; min_height_phone=&#8221;&#8221; min_height_last_edited=&#8221;on|tablet&#8221; max_height_tablet=&#8221;350px&#8221; max_height_phone=&#8221;&#8221; max_height_last_edited=&#8221;on|desktop&#8221; custom_margin=&#8221;|||-3vw|false|false&#8221; positioning_tablet=&#8221;none&#8221; positioning_phone=&#8221;&#8221; positioning_last_edited=&#8221;on|tablet&#8221; module_alignment_tablet=&#8221;center&#8221; module_alignment_last_edited=&#8221;off|phone&#8221;][\/et_pb_image][et_pb_text _builder_version=&#8221;4.8.2&#8243; header_2_font=&#8221;Montserrat|800||on|||||&#8221; header_2_text_align=&#8221;center&#8221; header_2_font_size=&#8221;50px&#8221; header_2_letter_spacing=&#8221;3px&#8221; header_2_line_height=&#8221;1.2em&#8221; text_orientation=&#8221;center&#8221; background_layout=&#8221;dark&#8221; max_width=&#8221;580px&#8221; module_alignment=&#8221;center&#8221; hover_enabled=&#8221;0&#8243; header_2_font_size_tablet=&#8221;40px&#8221; header_2_font_size_phone=&#8221;30px&#8221; header_2_font_size_last_edited=&#8221;on|phone&#8221; locked=&#8221;off&#8221; sticky_enabled=&#8221;0&#8243;]<\/p>\n<h2>Sistemas de identifica\u00e7\u00e3o<\/h2>\n<p>[\/et_pb_text][et_pb_text _builder_version=&#8221;4.8.2&#8243; text_font=&#8221;Montserrat||||||||&#8221; text_font_size=&#8221;16px&#8221; text_line_height=&#8221;2em&#8221; background_layout=&#8221;dark&#8221; max_width=&#8221;580px&#8221; module_alignment=&#8221;center&#8221; hover_enabled=&#8221;0&#8243; text_font_size_tablet=&#8221;14px&#8221; text_font_size_phone=&#8221;14px&#8221; text_font_size_last_edited=&#8221;on|desktop&#8221; text_line_height_phone=&#8221;1.6em&#8221; text_line_height_last_edited=&#8221;off|desktop&#8221; text_text_shadow_style=&#8221;preset3&#8243; locked=&#8221;off&#8221; text_orientation=&#8221;center&#8221; sticky_enabled=&#8221;0&#8243;]<\/p>\n<p>Como especialistas em sistemas de identifica\u00e7\u00e3o, desde 1998, respondemos a complexos problemas t\u00e9cnicos e de gest\u00e3o pela identifica\u00e7\u00e3o \u00e1gil e simples que nossos clientes exigem.<\/p>\n<p>Hawadyc n\u00e3o se preocupa apenas com a identifica\u00e7\u00e3o completa e o conforto do paciente. Mas tamb\u00e9m se soma a tudo isso, um processo de gest\u00e3o simples para as equipes hospitalares envolvidas.<\/p>\n<p>Nosso departamento de I+D pode fornecer solu\u00e7\u00f5es para qualquer requisito solicitado.<\/p>\n<p>[\/et_pb_text][\/et_pb_column][\/et_pb_row][\/et_pb_section]<\/p>\n","protected":false},"excerpt":{"rendered":"<p>Sobre n\u00f3sNossa empresaEm 1998, o grupo Hawadyc foi criado para responder aos problemas de identifica\u00e7\u00e3o nos setores hospitalares e geri\u00e1tricos da Espanha. No setor hospitalar, somos os pioneiros na identifica\u00e7\u00e3o de pacientes por meio de pulseiras. Desde 2005, a divis\u00e3o de neg\u00f3cios El Corte Ingl\u00e9s distribui as nossas pulseiras exclusivamente para Espanha. Na \u00e1rea geri\u00e1trica, [&hellip;]<\/p>\n","protected":false},"author":3,"featured_media":0,"parent":0,"menu_order":0,"comment_status":"closed","ping_status":"closed","template":"","meta":{"_et_pb_use_builder":"on","_et_pb_old_content":"","_et_gb_content_width":"","footnotes":""},"class_list":["post-646","page","type-page","status-publish","hentry"],"yoast_head":"<!-- This site is optimized with the Yoast SEO plugin v27.4 - https:\/\/yoast.com\/product\/yoast-seo-wordpress\/ -->\n<title>Sobre n\u00f3s - Hawadyc<\/title>\n<meta name=\"robots\" content=\"index, follow, max-snippet:-1, max-image-preview:large, max-video-preview:-1\" \/>\n<link rel=\"canonical\" href=\"https:\/\/hawadyc.com\/pt-pt\/sobre-nos\/\" \/>\n<meta property=\"og:locale\" content=\"pt_PT\" \/>\n<meta property=\"og:type\" content=\"article\" \/>\n<meta property=\"og:title\" content=\"Sobre n\u00f3s - Hawadyc\" \/>\n<meta property=\"og:description\" content=\"Sobre n\u00f3sNossa empresaEm 1998, o grupo Hawadyc foi criado para responder aos problemas de identifica\u00e7\u00e3o nos setores hospitalares e geri\u00e1tricos da Espanha. No setor hospitalar, somos os pioneiros na identifica\u00e7\u00e3o de pacientes por meio de pulseiras. Desde 2005, a divis\u00e3o de neg\u00f3cios El Corte Ingl\u00e9s distribui as nossas pulseiras exclusivamente para Espanha. Na \u00e1rea geri\u00e1trica, [&hellip;]\" \/>\n<meta property=\"og:url\" content=\"https:\/\/hawadyc.com\/pt-pt\/sobre-nos\/\" \/>\n<meta property=\"og:site_name\" content=\"Hawadyc\" \/>\n<meta property=\"article:modified_time\" content=\"2021-02-11T16:17:29+00:00\" \/>\n<meta name=\"twitter:card\" content=\"summary_large_image\" \/>\n<meta name=\"twitter:label1\" content=\"Est. reading time\" \/>\n\t<meta name=\"twitter:data1\" content=\"7 minutes\" \/>\n<script type=\"application\/ld+json\" class=\"yoast-schema-graph\">{\"@context\":\"https:\\\/\\\/schema.org\",\"@graph\":[{\"@type\":\"WebPage\",\"@id\":\"https:\\\/\\\/hawadyc.com\\\/pt-pt\\\/sobre-nos\\\/\",\"url\":\"https:\\\/\\\/hawadyc.com\\\/pt-pt\\\/sobre-nos\\\/\",\"name\":\"Sobre n\u00f3s - Hawadyc\",\"isPartOf\":{\"@id\":\"https:\\\/\\\/hawadyc.com\\\/pt-pt\\\/#website\"},\"datePublished\":\"2021-02-11T16:17:28+00:00\",\"dateModified\":\"2021-02-11T16:17:29+00:00\",\"breadcrumb\":{\"@id\":\"https:\\\/\\\/hawadyc.com\\\/pt-pt\\\/sobre-nos\\\/#breadcrumb\"},\"inLanguage\":\"pt-PT\",\"potentialAction\":[{\"@type\":\"ReadAction\",\"target\":[\"https:\\\/\\\/hawadyc.com\\\/pt-pt\\\/sobre-nos\\\/\"]}]},{\"@type\":\"BreadcrumbList\",\"@id\":\"https:\\\/\\\/hawadyc.com\\\/pt-pt\\\/sobre-nos\\\/#breadcrumb\",\"itemListElement\":[{\"@type\":\"ListItem\",\"position\":1,\"name\":\"Portada\",\"item\":\"https:\\\/\\\/hawadyc.com\\\/pt-pt\\\/inicio\\\/\"},{\"@type\":\"ListItem\",\"position\":2,\"name\":\"Sobre n\u00f3s\"}]},{\"@type\":\"WebSite\",\"@id\":\"https:\\\/\\\/hawadyc.com\\\/pt-pt\\\/#website\",\"url\":\"https:\\\/\\\/hawadyc.com\\\/pt-pt\\\/\",\"name\":\"Hawadyc\",\"description\":\"Etiquetado profesional textil y prendas de ropa\",\"potentialAction\":[{\"@type\":\"SearchAction\",\"target\":{\"@type\":\"EntryPoint\",\"urlTemplate\":\"https:\\\/\\\/hawadyc.com\\\/pt-pt\\\/?s={search_term_string}\"},\"query-input\":{\"@type\":\"PropertyValueSpecification\",\"valueRequired\":true,\"valueName\":\"search_term_string\"}}],\"inLanguage\":\"pt-PT\"}]}<\/script>\n<!-- \/ Yoast SEO plugin. -->","yoast_head_json":{"title":"Sobre n\u00f3s - Hawadyc","robots":{"index":"index","follow":"follow","max-snippet":"max-snippet:-1","max-image-preview":"max-image-preview:large","max-video-preview":"max-video-preview:-1"},"canonical":"https:\/\/hawadyc.com\/pt-pt\/sobre-nos\/","og_locale":"pt_PT","og_type":"article","og_title":"Sobre n\u00f3s - Hawadyc","og_description":"Sobre n\u00f3sNossa empresaEm 1998, o grupo Hawadyc foi criado para responder aos problemas de identifica\u00e7\u00e3o nos setores hospitalares e geri\u00e1tricos da Espanha. No setor hospitalar, somos os pioneiros na identifica\u00e7\u00e3o de pacientes por meio de pulseiras. Desde 2005, a divis\u00e3o de neg\u00f3cios El Corte Ingl\u00e9s distribui as nossas pulseiras exclusivamente para Espanha. Na \u00e1rea geri\u00e1trica, [&hellip;]","og_url":"https:\/\/hawadyc.com\/pt-pt\/sobre-nos\/","og_site_name":"Hawadyc","article_modified_time":"2021-02-11T16:17:29+00:00","twitter_card":"summary_large_image","twitter_misc":{"Est. reading time":"7 minutes"},"schema":{"@context":"https:\/\/schema.org","@graph":[{"@type":"WebPage","@id":"https:\/\/hawadyc.com\/pt-pt\/sobre-nos\/","url":"https:\/\/hawadyc.com\/pt-pt\/sobre-nos\/","name":"Sobre n\u00f3s - Hawadyc","isPartOf":{"@id":"https:\/\/hawadyc.com\/pt-pt\/#website"},"datePublished":"2021-02-11T16:17:28+00:00","dateModified":"2021-02-11T16:17:29+00:00","breadcrumb":{"@id":"https:\/\/hawadyc.com\/pt-pt\/sobre-nos\/#breadcrumb"},"inLanguage":"pt-PT","potentialAction":[{"@type":"ReadAction","target":["https:\/\/hawadyc.com\/pt-pt\/sobre-nos\/"]}]},{"@type":"BreadcrumbList","@id":"https:\/\/hawadyc.com\/pt-pt\/sobre-nos\/#breadcrumb","itemListElement":[{"@type":"ListItem","position":1,"name":"Portada","item":"https:\/\/hawadyc.com\/pt-pt\/inicio\/"},{"@type":"ListItem","position":2,"name":"Sobre n\u00f3s"}]},{"@type":"WebSite","@id":"https:\/\/hawadyc.com\/pt-pt\/#website","url":"https:\/\/hawadyc.com\/pt-pt\/","name":"Hawadyc","description":"Etiquetado profesional textil y prendas de ropa","potentialAction":[{"@type":"SearchAction","target":{"@type":"EntryPoint","urlTemplate":"https:\/\/hawadyc.com\/pt-pt\/?s={search_term_string}"},"query-input":{"@type":"PropertyValueSpecification","valueRequired":true,"valueName":"search_term_string"}}],"inLanguage":"pt-PT"}]}},"_links":{"self":[{"href":"https:\/\/hawadyc.com\/pt-pt\/wp-json\/wp\/v2\/pages\/646","targetHints":{"allow":["GET"]}}],"collection":[{"href":"https:\/\/hawadyc.com\/pt-pt\/wp-json\/wp\/v2\/pages"}],"about":[{"href":"https:\/\/hawadyc.com\/pt-pt\/wp-json\/wp\/v2\/types\/page"}],"author":[{"embeddable":true,"href":"https:\/\/hawadyc.com\/pt-pt\/wp-json\/wp\/v2\/users\/3"}],"replies":[{"embeddable":true,"href":"https:\/\/hawadyc.com\/pt-pt\/wp-json\/wp\/v2\/comments?post=646"}],"version-history":[{"count":2,"href":"https:\/\/hawadyc.com\/pt-pt\/wp-json\/wp\/v2\/pages\/646\/revisions"}],"predecessor-version":[{"id":648,"href":"https:\/\/hawadyc.com\/pt-pt\/wp-json\/wp\/v2\/pages\/646\/revisions\/648"}],"wp:attachment":[{"href":"https:\/\/hawadyc.com\/pt-pt\/wp-json\/wp\/v2\/media?parent=646"}],"curies":[{"name":"wp","href":"https:\/\/api.w.org\/{rel}","templated":true}]}}