{"id":643,"date":"2021-02-11T16:13:39","date_gmt":"2021-02-11T16:13:39","guid":{"rendered":"https:\/\/hawadyc.com\/pulseiras\/pulseira-de-emergencia-de-triagem\/"},"modified":"2021-02-11T16:13:41","modified_gmt":"2021-02-11T16:13:41","slug":"pulseira-de-emergencia-de-triagem","status":"publish","type":"page","link":"https:\/\/hawadyc.com\/pt-pt\/pulseiras\/pulseira-de-emergencia-de-triagem\/","title":{"rendered":"Pulseira de emerg\u00eancia de triagem"},"content":{"rendered":"<p>[et_pb_section fb_built=&#8221;1&#8243; admin_label=&#8221;Header&#8221; _builder_version=&#8221;4.8.1&#8243; background_color=&#8221;#eee8e2&#8243; background_enable_image=&#8221;off&#8221; custom_padding=&#8221;0px||0px|||&#8221; background_last_edited=&#8221;on|phone&#8221; background_enable_image_tablet=&#8221;off&#8221; locked=&#8221;off&#8221;][et_pb_row column_structure=&#8221;2_3,1_3&#8243; use_custom_gutter=&#8221;on&#8221; gutter_width=&#8221;1&#8243; make_equal=&#8221;on&#8221; _builder_version=&#8221;4.8.1&#8243; custom_padding=&#8221;0px||0px|||&#8221;][et_pb_column type=&#8221;2_3&#8243; _builder_version=&#8221;4.8.1&#8243; use_background_color_gradient=&#8221;on&#8221; background_color_gradient_start=&#8221;rgba(0,0,0,0)&#8221; background_color_gradient_end=&#8221;#d8c1c7&#8243; background_color_gradient_direction=&#8221;90deg&#8221; background_color_gradient_start_position=&#8221;50%&#8221; background_color_gradient_end_position=&#8221;0%&#8221; custom_padding=&#8221;160px|51px|||false|false&#8221; custom_padding_tablet=&#8221;80px||||false|false&#8221; custom_padding_phone=&#8221;&#8221; custom_padding_last_edited=&#8221;on|phone&#8221;][et_pb_text _builder_version=&#8221;4.8.1&#8243; header_font=&#8221;Montserrat|800||on|||||&#8221; header_text_color=&#8221;#2B343B&#8221; header_font_size=&#8221;60px&#8221; header_letter_spacing=&#8221;3px&#8221; header_line_height=&#8221;1.2em&#8221; custom_margin=&#8221;||||false|false&#8221; header_font_size_tablet=&#8221;60px&#8221; header_font_size_phone=&#8221;30px&#8221; header_font_size_last_edited=&#8221;on|desktop&#8221;]<\/p>\n<h1>Pulseira de emerg\u00eancia de triagem<\/h1>\n<p>[\/et_pb_text][et_pb_text _builder_version=&#8221;4.8.1&#8243; header_3_font=&#8221;Montserrat|700||on|||||&#8221; header_3_text_color=&#8221;#75263B&#8221; header_3_font_size=&#8221;40px&#8221; header_3_letter_spacing=&#8221;2px&#8221; header_3_line_height=&#8221;1.2em&#8221; custom_margin=&#8221;||40px||false|false&#8221; header_3_font_size_tablet=&#8221;40px&#8221; header_3_font_size_phone=&#8221;30px&#8221; header_3_font_size_last_edited=&#8221;on|phone&#8221;]<\/p>\n<h3>Mod. PLP-UT<\/h3>\n<p>[\/et_pb_text][\/et_pb_column][et_pb_column type=&#8221;1_3&#8243; _builder_version=&#8221;4.5.2&#8243; custom_padding=&#8221;64px||212px||false|false&#8221;][et_pb_image src=&#8221;https:\/\/hawadyc.com\/wp-content\/uploads\/2021\/01\/alergias-sombra.png&#8221; alt=&#8221;pulseira de identifica\u00e7\u00e3o de emerg\u00eancia de triagem&#8221; title_text=&#8221;pulseira de identifica\u00e7\u00e3o de emerg\u00eancia de triagem&#8221; _builder_version=&#8221;4.8.1&#8243; _module_preset=&#8221;default&#8221; z_index=&#8221;1&#8243; max_height_tablet=&#8221;420px&#8221; max_height_phone=&#8221;420px&#8221; max_height_last_edited=&#8221;on|phone&#8221;][\/et_pb_image][et_pb_image src=&#8221;https:\/\/hawadyc.com\/wp-content\/uploads\/2020\/12\/Oval.png&#8221; title_text=&#8221;Oval&#8221; _builder_version=&#8221;4.8.1&#8243; _module_preset=&#8221;default&#8221; transform_scale=&#8221;160%|160%&#8221; transform_scale_tablet=&#8221;100%|100%&#8221; transform_scale_phone=&#8221;&#8221; transform_scale_last_edited=&#8221;on|tablet&#8221; transform_translate_tablet=&#8221;&#8221; transform_translate_phone=&#8221;&#8221; transform_translate_last_edited=&#8221;on|phone&#8221; transform_rotate_tablet=&#8221;&#8221; transform_rotate_phone=&#8221;&#8221; transform_rotate_last_edited=&#8221;on|phone&#8221; transform_skew_tablet=&#8221;&#8221; transform_skew_phone=&#8221;&#8221; transform_skew_last_edited=&#8221;on|phone&#8221; transform_origin_tablet=&#8221;&#8221; transform_origin_phone=&#8221;&#8221; transform_origin_last_edited=&#8221;on|phone&#8221; transform_styles_last_edited=&#8221;on|tablet&#8221; positioning=&#8221;absolute&#8221; position_origin_a=&#8221;center_right&#8221; z_index=&#8221;1&#8243; position_origin_a_tablet=&#8221;top_left&#8221; position_origin_a_phone=&#8221;&#8221; position_origin_a_last_edited=&#8221;on|phone&#8221; position_origin_f_tablet=&#8221;&#8221; position_origin_f_phone=&#8221;&#8221; position_origin_f_last_edited=&#8221;on|phone&#8221; position_origin_r_tablet=&#8221;&#8221; position_origin_r_phone=&#8221;&#8221; position_origin_r_last_edited=&#8221;on|phone&#8221; max_height_last_edited=&#8221;off|tablet&#8221; scroll_vertical_motion_enable=&#8221;on&#8221; scroll_vertical_motion=&#8221;0|50|50|100|-5|0|2&#8243; transform_styles_tablet=&#8221;&#8221; transform_styles_phone=&#8221;&#8221; positioning_tablet=&#8221;&#8221; positioning_phone=&#8221;&#8221; positioning_last_edited=&#8221;on|phone&#8221;][\/et_pb_image][et_pb_divider show_divider=&#8221;off&#8221; _builder_version=&#8221;4.8.1&#8243; _module_preset=&#8221;default&#8221; background_color=&#8221;#D8C1C7&#8243; transform_translate=&#8221;100%|-50%&#8221; transform_translate_linked=&#8221;off&#8221; positioning=&#8221;absolute&#8221; position_origin_a=&#8221;center_right&#8221; width=&#8221;72%&#8221; height=&#8221;350px&#8221; custom_margin=&#8221;||||false|false&#8221;][\/et_pb_divider][\/et_pb_column][\/et_pb_row][\/et_pb_section][et_pb_section fb_built=&#8221;1&#8243; admin_label=&#8221;Features&#8221; _builder_version=&#8221;4.8.1&#8243; background_color=&#8221;#EEE8E2&#8243; background_enable_image=&#8221;off&#8221; custom_padding=&#8221;||||false|false&#8221; locked=&#8221;off&#8221;][et_pb_row column_structure=&#8221;2_3,1_3&#8243; use_custom_gutter=&#8221;on&#8221; gutter_width=&#8221;1&#8243; _builder_version=&#8221;4.5.2&#8243; custom_padding=&#8221;0px||||false|false&#8221;][et_pb_column type=&#8221;2_3&#8243; _builder_version=&#8221;4.5.2&#8243; border_width_all=&#8221;20px&#8221; border_color_all=&#8221;#2B343B&#8221;][et_pb_image src=&#8221;https:\/\/hawadyc.com\/wp-content\/uploads\/2021\/01\/alerta-condiciones-medicas-sombra.png&#8221; alt=&#8221;pulseiras de identifica\u00e7\u00e3o de emerg\u00eancia de triagem&#8221; title_text=&#8221;pulseiras de identifica\u00e7\u00e3o de emerg\u00eancia de triagem&#8221; _builder_version=&#8221;4.8.1&#8243; max_width=&#8221;60%&#8221; module_alignment=&#8221;center&#8221;][\/et_pb_image][\/et_pb_column][et_pb_column type=&#8221;1_3&#8243; _builder_version=&#8221;4.5.2&#8243; custom_padding=&#8221;60px|||30px|false|false&#8221; custom_padding_tablet=&#8221;|||0px|false|false&#8221; custom_padding_phone=&#8221;&#8221; custom_padding_last_edited=&#8221;on|desktop&#8221;][et_pb_text _builder_version=&#8221;4.8.1&#8243; text_font=&#8221;Montserrat||||||||&#8221; header_2_font=&#8221;Montserrat|800||on|||||&#8221; header_2_text_color=&#8221;#2b343b&#8221; header_2_font_size=&#8221;22px&#8221; header_2_letter_spacing=&#8221;2px&#8221; header_2_line_height=&#8221;1.2em&#8221; max_width=&#8221;800px&#8221; custom_margin=&#8221;||30px||false|false&#8221; text_font_size_tablet=&#8221;14px&#8221; text_font_size_phone=&#8221;14px&#8221; text_font_size_last_edited=&#8221;off|desktop&#8221; text_line_height_phone=&#8221;1.6em&#8221; text_line_height_last_edited=&#8221;off|desktop&#8221; header_2_font_size_tablet=&#8221;24px&#8221; header_2_font_size_phone=&#8221;20px&#8221; header_2_font_size_last_edited=&#8221;off|desktop&#8221; locked=&#8221;off&#8221;]<\/p>\n<h2>Medidas<\/h2>\n<p><strong>PLP-UT<\/strong><br \/>\nComprimento: 260mm \/ Largura: 20mm<br \/>\nComprimento total incluindo r\u00f3tulos Triagem: 310mm[\/et_pb_text][et_pb_text _builder_version=&#8221;4.8.2&#8243; text_font=&#8221;Montserrat||||||||&#8221; header_2_font=&#8221;Montserrat|800||on|||||&#8221; header_2_text_color=&#8221;#2b343b&#8221; header_2_font_size=&#8221;22px&#8221; header_2_letter_spacing=&#8221;2px&#8221; header_2_line_height=&#8221;1.2em&#8221; max_width=&#8221;800px&#8221; custom_margin=&#8221;||30px||false|false&#8221; hover_enabled=&#8221;0&#8243; locked=&#8221;off&#8221; sticky_enabled=&#8221;0&#8243;]<\/p>\n<h2>L\u00e2mina de Protec\u00e7\u00e3o<\/h2>\n<p>O <strong>Tecido N\u00e3o Tecido<\/strong> permite a transpira\u00e7\u00e3o do paciente e evita atrito, garantindo o conforto da pulseira<\/p>\n<p>[\/et_pb_text][\/et_pb_column][\/et_pb_row][\/et_pb_section][et_pb_section fb_built=&#8221;1&#8243; admin_label=&#8221;CTA&#8221; _builder_version=&#8221;4.8.1&#8243; use_background_color_gradient=&#8221;on&#8221; background_color_gradient_start=&#8221;#2b343b&#8221; background_color_gradient_end=&#8221;#d8c1c7&#8243; background_color_gradient_direction=&#8221;90deg&#8221; background_color_gradient_start_position=&#8221;50%&#8221; background_color_gradient_end_position=&#8221;50%&#8221; custom_padding=&#8221;10vw||10vw||true|false&#8221; background_last_edited=&#8221;on|tablet&#8221; use_background_color_gradient_tablet=&#8221;on&#8221; background_color_gradient_start_tablet=&#8221;#a16b79&#8243; global_module=&#8221;397&#8243; saved_tabs=&#8221;all&#8221;][et_pb_row _builder_version=&#8221;4.8.1&#8243; _module_preset=&#8221;default&#8221;][et_pb_column type=&#8221;4_4&#8243; _builder_version=&#8221;4.8.1&#8243; _module_preset=&#8221;default&#8221;][et_pb_text _builder_version=&#8221;4.8.1&#8243; _module_preset=&#8221;default&#8221; header_text_align=&#8221;center&#8221; header_2_font=&#8221;Montserrat|800||on|||||&#8221; header_2_text_align=&#8221;center&#8221; header_2_text_color=&#8221;#FFFFFF&#8221; header_2_font_size=&#8221;50px&#8221; header_2_letter_spacing=&#8221;2px&#8221; header_3_font=&#8221;Montserrat|600||on|||||&#8221; header_3_text_align=&#8221;center&#8221; header_3_text_color=&#8221;#FFFFFF&#8221; header_3_font_size=&#8221;30px&#8221; header_3_line_height=&#8221;1.4em&#8221;]<\/p>\n<h2>Caracteristicas Pulseiras<\/h2>\n<h3>Sistema de identifica\u00e7\u00e3o Hawadyc<\/h3>\n<p>[\/et_pb_text][\/et_pb_column][\/et_pb_row][et_pb_row column_structure=&#8221;1_2,1_2&#8243; _builder_version=&#8221;4.8.1&#8243; _module_preset=&#8221;default&#8221;][et_pb_column type=&#8221;1_2&#8243; _builder_version=&#8221;4.8.1&#8243; _module_preset=&#8221;default&#8221;][et_pb_text ol_position=&#8221;outside&#8221; _builder_version=&#8221;4.8.1&#8243; _module_preset=&#8221;default&#8221; text_font=&#8221;|600|||||||&#8221; text_text_color=&#8221;#FFFFFF&#8221; text_font_size=&#8221;1.2em&#8221; ol_line_height=&#8221;1.6em&#8221;]<\/p>\n<p><strong>Composi\u00e7\u00e3o:<\/strong> polipropileno t\u00e9rmico de 80 m\u00edcrons + almofada de tecido n\u00e3o tecido (TNT).<\/p>\n<p><strong>Sem l\u00e1tex.<\/strong><\/p>\n<p>O estofamento de tecido n\u00e3o tecido (TNT) <strong>evita poss\u00edveis desconfortos<\/strong> ao paciente por fric\u00e7\u00e3o ou excesso de press\u00e3o no fecho da pulseira e permite a transpira\u00e7\u00e3o do paciente.<\/p>\n<p><strong>Resistente a tens\u00f5es e ruptura<\/strong> em qualquer dire\u00e7\u00e3o, seja \u00famida ou seca.<\/p>\n<p>[\/et_pb_text][\/et_pb_column][et_pb_column type=&#8221;1_2&#8243; _builder_version=&#8221;4.8.1&#8243; _module_preset=&#8221;default&#8221;][et_pb_text _builder_version=&#8221;4.8.1&#8243; _module_preset=&#8221;default&#8221; text_font=&#8221;|600|||||||&#8221; text_text_color=&#8221;#242424&#8243; text_font_size=&#8221;1.2em&#8221; text_text_color_tablet=&#8221;#FFFFFF&#8221; text_text_color_phone=&#8221;&#8221; text_text_color_last_edited=&#8221;on|phone&#8221;]<\/p>\n<p><strong>Fecho de seguran\u00e7a com adesivo recortado<\/strong> para evitar reutiliza\u00e7\u00e3o. Inclui um ponto de ruptura controlado que evita danos ao paciente em caso de engate da pulseira.<\/p>\n<p><strong>Pr\u00e9-impress\u00e3o de f\u00e1brica<\/strong> da pulseira em v\u00e1rias cores de acordo com a imagem corporativa do hospital, com tintas de secagem ultravioleta que oferecem grande resist\u00eancia e inalterabilidade.<\/p>\n<p><strong>Impress\u00e3o t\u00e9rmica instant\u00e2nea<\/strong> sob demanda dos dados do paciente, bem como a possibilidade conjunta de impress\u00e3o de c\u00f3digos de barras.<\/p>\n<p><strong>Fixa\u00e7\u00e3o r\u00e1pida e f\u00e1cil no paciente<\/strong>, basta retirar o papel<\/p>\n<p>[\/et_pb_text][\/et_pb_column][\/et_pb_row][\/et_pb_section][et_pb_section fb_built=&#8221;1&#8243; admin_label=&#8221;Related&#8221; _builder_version=&#8221;4.5.2&#8243; _module_preset=&#8221;default&#8221; background_color=&#8221;#f8f5f3&#8243; background_enable_image=&#8221;off&#8221; custom_padding=&#8221;||||false|false&#8221;][et_pb_row _builder_version=&#8221;4.8.1&#8243; _module_preset=&#8221;default&#8221;][et_pb_column type=&#8221;4_4&#8243; _builder_version=&#8221;4.8.1&#8243; _module_preset=&#8221;default&#8221;][et_pb_text _builder_version=&#8221;4.8.1&#8243; _module_preset=&#8221;default&#8221; header_4_font=&#8221;Montserrat|700||on|||||&#8221; header_4_text_align=&#8221;center&#8221; header_4_font_size=&#8221;30px&#8221; header_4_letter_spacing=&#8221;2px&#8221;]<\/p>\n<h4>Outras pulseiras de identifica\u00e7\u00e3o<\/h4>\n<p>[\/et_pb_text][\/et_pb_column][\/et_pb_row][et_pb_row column_structure=&#8221;1_4,1_4,1_4,1_4&#8243; _builder_version=&#8221;4.5.2&#8243; _module_preset=&#8221;default&#8221;][et_pb_column type=&#8221;1_4&#8243; _builder_version=&#8221;4.5.2&#8243; _module_preset=&#8221;default&#8221;][et_pb_image src=&#8221;https:\/\/hawadyc.com\/wp-content\/uploads\/2021\/01\/transfusional-sombra.png&#8221; alt=&#8221;Pulseira de seguran\u00e7a de transfus\u00e3o&#8221; title_text=&#8221;Pulseira de seguran\u00e7a de transfus\u00e3o&#8221; url=&#8221;@ET-DC@eyJkeW5hbWljIjp0cnVlLCJjb250ZW50IjoicG9zdF9saW5rX3VybF9wYWdlIiwic2V0dGluZ3MiOnsicG9zdF9pZCI6IjI0NyJ9fQ==@&#8221; _builder_version=&#8221;4.8.1&#8243; _dynamic_attributes=&#8221;url&#8221; _module_preset=&#8221;default&#8221; width=&#8221;120%&#8221; module_alignment=&#8221;center&#8221; custom_margin=&#8221;-3vw||||false|false&#8221; custom_padding=&#8221;||||false|false&#8221;][\/et_pb_image][\/et_pb_column][et_pb_column type=&#8221;1_4&#8243; _builder_version=&#8221;4.5.2&#8243; _module_preset=&#8221;default&#8221;][et_pb_image src=&#8221;https:\/\/hawadyc.com\/wp-content\/uploads\/2021\/01\/adultos-sombra.png&#8221; alt=&#8221;Pulseira de identifica\u00e7ao adulto&#8221; title_text=&#8221;Pulseira de identifica\u00e7ao adulto&#8221; url=&#8221;@ET-DC@eyJkeW5hbWljIjp0cnVlLCJjb250ZW50IjoicG9zdF9saW5rX3VybF9wYWdlIiwic2V0dGluZ3MiOnsicG9zdF9pZCI6IjIxNyJ9fQ==@&#8221; _builder_version=&#8221;4.8.1&#8243; _dynamic_attributes=&#8221;url&#8221; _module_preset=&#8221;default&#8221; max_width=&#8221;90%&#8221; module_alignment=&#8221;center&#8221; custom_margin=&#8221;||||false|false&#8221;][\/et_pb_image][\/et_pb_column][et_pb_column type=&#8221;1_4&#8243; _builder_version=&#8221;4.5.2&#8243; _module_preset=&#8221;default&#8221;][et_pb_image src=&#8221;https:\/\/hawadyc.com\/wp-content\/uploads\/2021\/01\/peques-sombra.png&#8221; alt=&#8221;pulseira de identifica\u00e7\u00e3o pedi\u00e1trica&#8221; title_text=&#8221;pulseira de identifica\u00e7\u00e3o pedi\u00e1trica&#8221; url=&#8221;@ET-DC@eyJkeW5hbWljIjp0cnVlLCJjb250ZW50IjoicG9zdF9saW5rX3VybF9wYWdlIiwic2V0dGluZ3MiOnsicG9zdF9pZCI6IjIzMSJ9fQ==@&#8221; _builder_version=&#8221;4.8.1&#8243; _dynamic_attributes=&#8221;url&#8221; _module_preset=&#8221;default&#8221; max_width=&#8221;90%&#8221; module_alignment=&#8221;center&#8221;][\/et_pb_image][\/et_pb_column][et_pb_column type=&#8221;1_4&#8243; _builder_version=&#8221;4.5.2&#8243; _module_preset=&#8221;default&#8221;][et_pb_image src=&#8221;https:\/\/hawadyc.com\/wp-content\/uploads\/2021\/01\/maternal-sombra.png&#8221; alt=&#8221;pulseira de identifica\u00e7\u00e3o de maternidade&#8221; title_text=&#8221;pulseira de identifica\u00e7\u00e3o de maternidade&#8221; url=&#8221;@ET-DC@eyJkeW5hbWljIjp0cnVlLCJjb250ZW50IjoicG9zdF9saW5rX3VybF9wYWdlIiwic2V0dGluZ3MiOnsicG9zdF9pZCI6IjI1NSJ9fQ==@&#8221; _builder_version=&#8221;4.8.1&#8243; _dynamic_attributes=&#8221;url&#8221; _module_preset=&#8221;default&#8221; max_width=&#8221;75%&#8221; module_alignment=&#8221;center&#8221;][\/et_pb_image][\/et_pb_column][\/et_pb_row][\/et_pb_section]<\/p>\n","protected":false},"excerpt":{"rendered":"<p>Pulseira de emerg\u00eancia de triagemMod. PLP-UTMedidas PLP-UT Comprimento: 260mm \/ Largura: 20mm Comprimento total incluindo r\u00f3tulos Triagem: 310mmL\u00e2mina de Protec\u00e7\u00e3o O Tecido N\u00e3o Tecido permite a transpira\u00e7\u00e3o do paciente e evita atrito, garantindo o conforto da pulseiraCaracteristicas Pulseiras Sistema de identifica\u00e7\u00e3o HawadycComposi\u00e7\u00e3o: polipropileno t\u00e9rmico de 80 m\u00edcrons + almofada de tecido n\u00e3o tecido (TNT). Sem [&hellip;]<\/p>\n","protected":false},"author":3,"featured_media":0,"parent":628,"menu_order":0,"comment_status":"closed","ping_status":"closed","template":"","meta":{"_et_pb_use_builder":"on","_et_pb_old_content":"","_et_gb_content_width":"","footnotes":""},"class_list":["post-643","page","type-page","status-publish","hentry"],"yoast_head":"<!-- This site is optimized with the Yoast SEO plugin v27.4 - https:\/\/yoast.com\/product\/yoast-seo-wordpress\/ -->\n<title>Pulseira de emerg\u00eancia de triagem - Hawadyc<\/title>\n<meta name=\"robots\" content=\"index, follow, max-snippet:-1, max-image-preview:large, max-video-preview:-1\" \/>\n<link rel=\"canonical\" href=\"https:\/\/hawadyc.com\/pt-pt\/pulseiras\/pulseira-de-emergencia-de-triagem\/\" \/>\n<meta property=\"og:locale\" content=\"pt_PT\" \/>\n<meta property=\"og:type\" content=\"article\" \/>\n<meta property=\"og:title\" content=\"Pulseira de emerg\u00eancia de triagem - Hawadyc\" \/>\n<meta property=\"og:description\" content=\"Pulseira de emerg\u00eancia de triagemMod. PLP-UTMedidas PLP-UT Comprimento: 260mm \/ Largura: 20mm Comprimento total incluindo r\u00f3tulos Triagem: 310mmL\u00e2mina de Protec\u00e7\u00e3o O Tecido N\u00e3o Tecido permite a transpira\u00e7\u00e3o do paciente e evita atrito, garantindo o conforto da pulseiraCaracteristicas Pulseiras Sistema de identifica\u00e7\u00e3o HawadycComposi\u00e7\u00e3o: polipropileno t\u00e9rmico de 80 m\u00edcrons + almofada de tecido n\u00e3o tecido (TNT). Sem [&hellip;]\" \/>\n<meta property=\"og:url\" content=\"https:\/\/hawadyc.com\/pt-pt\/pulseiras\/pulseira-de-emergencia-de-triagem\/\" \/>\n<meta property=\"og:site_name\" content=\"Hawadyc\" \/>\n<meta property=\"article:modified_time\" content=\"2021-02-11T16:13:41+00:00\" \/>\n<meta name=\"twitter:card\" content=\"summary_large_image\" \/>\n<meta name=\"twitter:label1\" content=\"Est. reading time\" \/>\n\t<meta name=\"twitter:data1\" content=\"8 minutes\" \/>\n<script type=\"application\/ld+json\" class=\"yoast-schema-graph\">{\"@context\":\"https:\\\/\\\/schema.org\",\"@graph\":[{\"@type\":\"WebPage\",\"@id\":\"https:\\\/\\\/hawadyc.com\\\/pt-pt\\\/pulseiras\\\/pulseira-de-emergencia-de-triagem\\\/\",\"url\":\"https:\\\/\\\/hawadyc.com\\\/pt-pt\\\/pulseiras\\\/pulseira-de-emergencia-de-triagem\\\/\",\"name\":\"Pulseira de emerg\u00eancia de triagem - Hawadyc\",\"isPartOf\":{\"@id\":\"https:\\\/\\\/hawadyc.com\\\/pt-pt\\\/#website\"},\"datePublished\":\"2021-02-11T16:13:39+00:00\",\"dateModified\":\"2021-02-11T16:13:41+00:00\",\"breadcrumb\":{\"@id\":\"https:\\\/\\\/hawadyc.com\\\/pt-pt\\\/pulseiras\\\/pulseira-de-emergencia-de-triagem\\\/#breadcrumb\"},\"inLanguage\":\"pt-PT\",\"potentialAction\":[{\"@type\":\"ReadAction\",\"target\":[\"https:\\\/\\\/hawadyc.com\\\/pt-pt\\\/pulseiras\\\/pulseira-de-emergencia-de-triagem\\\/\"]}]},{\"@type\":\"BreadcrumbList\",\"@id\":\"https:\\\/\\\/hawadyc.com\\\/pt-pt\\\/pulseiras\\\/pulseira-de-emergencia-de-triagem\\\/#breadcrumb\",\"itemListElement\":[{\"@type\":\"ListItem\",\"position\":1,\"name\":\"Portada\",\"item\":\"https:\\\/\\\/hawadyc.com\\\/pt-pt\\\/inicio\\\/\"},{\"@type\":\"ListItem\",\"position\":2,\"name\":\"Pulseiras\",\"item\":\"https:\\\/\\\/hawadyc.com\\\/pt-pt\\\/pulseiras\\\/\"},{\"@type\":\"ListItem\",\"position\":3,\"name\":\"Pulseira de emerg\u00eancia de triagem\"}]},{\"@type\":\"WebSite\",\"@id\":\"https:\\\/\\\/hawadyc.com\\\/pt-pt\\\/#website\",\"url\":\"https:\\\/\\\/hawadyc.com\\\/pt-pt\\\/\",\"name\":\"Hawadyc\",\"description\":\"Etiquetado profesional textil y prendas de ropa\",\"potentialAction\":[{\"@type\":\"SearchAction\",\"target\":{\"@type\":\"EntryPoint\",\"urlTemplate\":\"https:\\\/\\\/hawadyc.com\\\/pt-pt\\\/?s={search_term_string}\"},\"query-input\":{\"@type\":\"PropertyValueSpecification\",\"valueRequired\":true,\"valueName\":\"search_term_string\"}}],\"inLanguage\":\"pt-PT\"}]}<\/script>\n<!-- \/ Yoast SEO plugin. -->","yoast_head_json":{"title":"Pulseira de emerg\u00eancia de triagem - Hawadyc","robots":{"index":"index","follow":"follow","max-snippet":"max-snippet:-1","max-image-preview":"max-image-preview:large","max-video-preview":"max-video-preview:-1"},"canonical":"https:\/\/hawadyc.com\/pt-pt\/pulseiras\/pulseira-de-emergencia-de-triagem\/","og_locale":"pt_PT","og_type":"article","og_title":"Pulseira de emerg\u00eancia de triagem - Hawadyc","og_description":"Pulseira de emerg\u00eancia de triagemMod. PLP-UTMedidas PLP-UT Comprimento: 260mm \/ Largura: 20mm Comprimento total incluindo r\u00f3tulos Triagem: 310mmL\u00e2mina de Protec\u00e7\u00e3o O Tecido N\u00e3o Tecido permite a transpira\u00e7\u00e3o do paciente e evita atrito, garantindo o conforto da pulseiraCaracteristicas Pulseiras Sistema de identifica\u00e7\u00e3o HawadycComposi\u00e7\u00e3o: polipropileno t\u00e9rmico de 80 m\u00edcrons + almofada de tecido n\u00e3o tecido (TNT). Sem [&hellip;]","og_url":"https:\/\/hawadyc.com\/pt-pt\/pulseiras\/pulseira-de-emergencia-de-triagem\/","og_site_name":"Hawadyc","article_modified_time":"2021-02-11T16:13:41+00:00","twitter_card":"summary_large_image","twitter_misc":{"Est. reading time":"8 minutes"},"schema":{"@context":"https:\/\/schema.org","@graph":[{"@type":"WebPage","@id":"https:\/\/hawadyc.com\/pt-pt\/pulseiras\/pulseira-de-emergencia-de-triagem\/","url":"https:\/\/hawadyc.com\/pt-pt\/pulseiras\/pulseira-de-emergencia-de-triagem\/","name":"Pulseira de emerg\u00eancia de triagem - Hawadyc","isPartOf":{"@id":"https:\/\/hawadyc.com\/pt-pt\/#website"},"datePublished":"2021-02-11T16:13:39+00:00","dateModified":"2021-02-11T16:13:41+00:00","breadcrumb":{"@id":"https:\/\/hawadyc.com\/pt-pt\/pulseiras\/pulseira-de-emergencia-de-triagem\/#breadcrumb"},"inLanguage":"pt-PT","potentialAction":[{"@type":"ReadAction","target":["https:\/\/hawadyc.com\/pt-pt\/pulseiras\/pulseira-de-emergencia-de-triagem\/"]}]},{"@type":"BreadcrumbList","@id":"https:\/\/hawadyc.com\/pt-pt\/pulseiras\/pulseira-de-emergencia-de-triagem\/#breadcrumb","itemListElement":[{"@type":"ListItem","position":1,"name":"Portada","item":"https:\/\/hawadyc.com\/pt-pt\/inicio\/"},{"@type":"ListItem","position":2,"name":"Pulseiras","item":"https:\/\/hawadyc.com\/pt-pt\/pulseiras\/"},{"@type":"ListItem","position":3,"name":"Pulseira de emerg\u00eancia de triagem"}]},{"@type":"WebSite","@id":"https:\/\/hawadyc.com\/pt-pt\/#website","url":"https:\/\/hawadyc.com\/pt-pt\/","name":"Hawadyc","description":"Etiquetado profesional textil y prendas de ropa","potentialAction":[{"@type":"SearchAction","target":{"@type":"EntryPoint","urlTemplate":"https:\/\/hawadyc.com\/pt-pt\/?s={search_term_string}"},"query-input":{"@type":"PropertyValueSpecification","valueRequired":true,"valueName":"search_term_string"}}],"inLanguage":"pt-PT"}]}},"_links":{"self":[{"href":"https:\/\/hawadyc.com\/pt-pt\/wp-json\/wp\/v2\/pages\/643","targetHints":{"allow":["GET"]}}],"collection":[{"href":"https:\/\/hawadyc.com\/pt-pt\/wp-json\/wp\/v2\/pages"}],"about":[{"href":"https:\/\/hawadyc.com\/pt-pt\/wp-json\/wp\/v2\/types\/page"}],"author":[{"embeddable":true,"href":"https:\/\/hawadyc.com\/pt-pt\/wp-json\/wp\/v2\/users\/3"}],"replies":[{"embeddable":true,"href":"https:\/\/hawadyc.com\/pt-pt\/wp-json\/wp\/v2\/comments?post=643"}],"version-history":[{"count":2,"href":"https:\/\/hawadyc.com\/pt-pt\/wp-json\/wp\/v2\/pages\/643\/revisions"}],"predecessor-version":[{"id":645,"href":"https:\/\/hawadyc.com\/pt-pt\/wp-json\/wp\/v2\/pages\/643\/revisions\/645"}],"up":[{"embeddable":true,"href":"https:\/\/hawadyc.com\/pt-pt\/wp-json\/wp\/v2\/pages\/628"}],"wp:attachment":[{"href":"https:\/\/hawadyc.com\/pt-pt\/wp-json\/wp\/v2\/media?parent=643"}],"curies":[{"name":"wp","href":"https:\/\/api.w.org\/{rel}","templated":true}]}}