{"id":628,"date":"2021-02-11T15:33:04","date_gmt":"2021-02-11T15:33:04","guid":{"rendered":"https:\/\/hawadyc.com\/pulseiras\/"},"modified":"2021-02-11T15:33:05","modified_gmt":"2021-02-11T15:33:05","slug":"pulseiras","status":"publish","type":"page","link":"https:\/\/hawadyc.com\/pt-pt\/pulseiras\/","title":{"rendered":"Pulseiras"},"content":{"rendered":"\n[et_pb_section fb_built=&#8221;1&#8243; admin_label=&#8221;Header&#8221; _builder_version=&#8221;4.5.1&#8243; background_color=&#8221;#2b343b&#8221; custom_padding=&#8221;||||false|false&#8221; locked=&#8221;off&#8221;][et_pb_row column_structure=&#8221;1_2,1_2&#8243; _builder_version=&#8221;4.5.1&#8243;][et_pb_column type=&#8221;1_2&#8243; _builder_version=&#8221;4.5.1&#8243;][et_pb_image src=&#8221;https:\/\/hawadyc.com\/wp-content\/uploads\/2021\/01\/pulseras-hawaydyc_ver.png&#8221; alt=&#8221;Pulseira de identifica\u00e7ao adultos&#8221; title_text=&#8221;impressora e pulseiras identifica\u00e7ao hawaydyc&#8221; align=&#8221;center&#8221; _builder_version=&#8221;4.8.1&#8243; positioning=&#8221;absolute&#8221; position_origin_a_tablet=&#8221;&#8221; position_origin_a_phone=&#8221;&#8221; position_origin_a_last_edited=&#8221;on|tablet&#8221; position_origin_f_tablet=&#8221;&#8221; position_origin_f_phone=&#8221;&#8221; position_origin_f_last_edited=&#8221;on|tablet&#8221; position_origin_r_tablet=&#8221;&#8221; position_origin_r_phone=&#8221;&#8221; position_origin_r_last_edited=&#8221;on|tablet&#8221; max_width_tablet=&#8221;300px&#8221; max_width_phone=&#8221;250px&#8221; max_width_last_edited=&#8221;off|desktop&#8221; max_height_tablet=&#8221;400px&#8221; max_height_phone=&#8221;300px&#8221; max_height_last_edited=&#8221;on|phone&#8221; custom_margin=&#8221;|||-20vw|false|false&#8221; custom_margin_tablet=&#8221;|||0vw|false|false&#8221; custom_margin_phone=&#8221;&#8221; custom_margin_last_edited=&#8221;on|tablet&#8221; scroll_vertical_motion_enable=&#8221;on&#8221; scroll_vertical_motion=&#8221;0|50|50|100|-4|0|-1&#8243; positioning_tablet=&#8221;none&#8221; positioning_phone=&#8221;&#8221; positioning_last_edited=&#8221;on|tablet&#8221;][\/et_pb_image][\/et_pb_column][et_pb_column type=&#8221;1_2&#8243; _builder_version=&#8221;4.5.1&#8243; background_enable_color=&#8221;off&#8221; background_image=&#8221;https:\/\/hawadyc.com\/wp-content\/uploads\/2021\/01\/beauty-product_57.png&#8221; background_size=&#8221;contain&#8221; custom_padding=&#8221;15%||15%||true|false&#8221; custom_padding_tablet=&#8221;&#8221; custom_padding_phone=&#8221;&#8221; custom_padding_last_edited=&#8221;on|phone&#8221;][et_pb_text _builder_version=&#8221;4.8.1&#8243; header_font=&#8221;Montserrat|800||on|||||&#8221; header_font_size=&#8221;60px&#8221; header_letter_spacing=&#8221;4px&#8221; header_line_height=&#8221;1.2em&#8221; header_2_font=&#8221;Montserrat|700||on|||||&#8221; text_orientation=&#8221;center&#8221; background_layout=&#8221;dark&#8221; header_font_size_tablet=&#8221;40px&#8221; header_font_size_phone=&#8221;30px&#8221; header_font_size_last_edited=&#8221;on|phone&#8221; locked=&#8221;off&#8221;]<h1>Pulseiras<\/h1>\r\n<h2>de identifica\u00e7\u00e3o<\/h2>[\/et_pb_text][\/et_pb_column][\/et_pb_row][\/et_pb_section][et_pb_section fb_built=&#8221;1&#8243; admin_label=&#8221;About&#8221; _builder_version=&#8221;4.5.1&#8243; background_color=&#8221;#f8f5f3&#8243; background_enable_image=&#8221;off&#8221; custom_padding=&#8221;20vw||||false|false&#8221; locked=&#8221;off&#8221;][et_pb_row make_equal=&#8221;on&#8221; _builder_version=&#8221;4.5.1&#8243;][et_pb_column type=&#8221;4_4&#8243; _builder_version=&#8221;4.5.1&#8243;][et_pb_text _builder_version=&#8221;4.8.1&#8243; header_2_font=&#8221;Montserrat|800||on|||||&#8221; header_2_text_align=&#8221;center&#8221; header_2_text_color=&#8221;#2B343B&#8221; header_2_font_size=&#8221;50px&#8221; header_2_letter_spacing=&#8221;3px&#8221; header_2_line_height=&#8221;1.2em&#8221; header_2_font_size_tablet=&#8221;40px&#8221; header_2_font_size_phone=&#8221;30px&#8221; header_2_font_size_last_edited=&#8221;on|phone&#8221; locked=&#8221;off&#8221;]<h2>Identifica\u00e7\u00e3o de doentes<\/h2>[\/et_pb_text][et_pb_text _builder_version=&#8221;4.8.2&#8243; text_font=&#8221;Montserrat||||||||&#8221; text_font_size=&#8221;16px&#8221; text_line_height=&#8221;2em&#8221; hover_enabled=&#8221;0&#8243; text_font_size_tablet=&#8221;14px&#8221; text_font_size_phone=&#8221;14px&#8221; text_font_size_last_edited=&#8221;on|desktop&#8221; text_line_height_phone=&#8221;1.6em&#8221; text_line_height_last_edited=&#8221;off|desktop&#8221; locked=&#8221;off&#8221; sticky_enabled=&#8221;0&#8243;]<p>A identifica\u00e7\u00e3o inadequada do paciente \u00e9 uma causa importante dos problemas e complica\u00e7\u00f5es associados aos erros de atendimento.<\/p>\r\n<p>A forma mais comum de identifica\u00e7\u00e3o de pacientes em centros de sa\u00fade \u00e9 o n\u00famero do quarto ou leito, o diagn\u00f3stico, as caracter\u00edsticas f\u00edsicas ou psicol\u00f3gicas ou o fato de responderem a um nome espec\u00edfico.<\/p>\r\n<p>Problemas de identifica\u00e7\u00e3o est\u00e3o frequentemente associados a complica\u00e7\u00f5es causadas por erros na administra\u00e7\u00e3o de medicamentos, interven\u00e7\u00f5es cir\u00fargicas, testes de diagn\u00f3stico, transfus\u00f5es de sangue e hemoderivados, etc.<\/p>\r\n<p>De acordo com a American Hospital Association, a identifica\u00e7\u00e3o verbal n\u00e3o deve ser feita porque os pacientes podem estar sedados, desatentos, indiferentes, confusos ou simplesmente incapazes de responder. Os pacientes tamb\u00e9m podem ter barreiras de linguagem e linguagem, problemas auditivos ou ser muito jovens, tudo isso pode aumentar a probabilidade de erros e amea\u00e7ar a seguran\u00e7a do atendimento ao paciente.<\/p>\r\n<p>Os profissionais de sa\u00fade costumam ter excesso de confian\u00e7a quando se trata da identifica\u00e7\u00e3o do paciente. Ao encontrar um paciente, presume-se que outras pessoas tamb\u00e9m o conhe\u00e7am.<\/p>[\/et_pb_text][\/et_pb_column][\/et_pb_row][\/et_pb_section][et_pb_section fb_built=&#8221;1&#8243; admin_label=&#8221;Mission&#8221; _builder_version=&#8221;4.8.1&#8243; background_color=&#8221;#D8C1C7&#8243; background_enable_image=&#8221;off&#8221; custom_padding=&#8221;5vw||5vw||true|false&#8221;][et_pb_row _builder_version=&#8221;4.8.1&#8243; _module_preset=&#8221;default&#8221;][et_pb_column type=&#8221;4_4&#8243; _builder_version=&#8221;4.8.1&#8243; _module_preset=&#8221;default&#8221;][et_pb_text _builder_version=&#8221;4.8.1&#8243; _module_preset=&#8221;default&#8221; header_3_font=&#8221;Montserrat|700||on|||||&#8221; header_3_text_align=&#8221;center&#8221; header_3_text_color=&#8221;#242424&#8243; header_3_font_size=&#8221;50px&#8221; header_3_letter_spacing=&#8221;3px&#8221; header_4_font=&#8221;Montserrat|700||on|||||&#8221; header_4_text_align=&#8221;center&#8221; header_4_font_size=&#8221;35px&#8221; header_3_font_size_tablet=&#8221;&#8221; header_3_font_size_phone=&#8221;32px&#8221; header_3_font_size_last_edited=&#8221;on|phone&#8221; header_3_letter_spacing_tablet=&#8221;&#8221; header_3_letter_spacing_phone=&#8221;2px&#8221; header_3_letter_spacing_last_edited=&#8221;on|phone&#8221; header_4_font_size_tablet=&#8221;&#8221; header_4_font_size_phone=&#8221;25px&#8221; header_4_font_size_last_edited=&#8221;on|phone&#8221;]<h3>Pulseiras de identifica\u00e7\u00e3o<\/h3>\r\n<h4>Hawadyc<\/h4>[\/et_pb_text][\/et_pb_column][\/et_pb_row][et_pb_row column_structure=&#8221;1_5,1_5,1_5,1_5,1_5&#8243; _builder_version=&#8221;4.8.1&#8243; _module_preset=&#8221;default&#8221;][et_pb_column type=&#8221;1_5&#8243; _builder_version=&#8221;4.8.1&#8243; _module_preset=&#8221;default&#8221;][et_pb_text _builder_version=&#8221;4.8.1&#8243; _module_preset=&#8221;default&#8221; header_3_font=&#8221;Montserrat|700|||||||&#8221; header_3_text_align=&#8221;center&#8221; header_3_font_size=&#8221;18px&#8221;]<h3>Transfus\u00e3o<\/h3>[\/et_pb_text][et_pb_image src=&#8221;https:\/\/hawadyc.com\/wp-content\/uploads\/2021\/01\/transfusional-sombra.png&#8221; alt=&#8221;Pulseira de seguran\u00e7a de transfus\u00e3o&#8221; title_text=&#8221;Pulseira de seguran\u00e7a de transfus\u00e3o&#8221; url=&#8221;@ET-DC@eyJkeW5hbWljIjp0cnVlLCJjb250ZW50IjoicG9zdF9saW5rX3VybF9wYWdlIiwic2V0dGluZ3MiOnsicG9zdF9pZCI6IjI0NyJ9fQ==@&#8221; _builder_version=&#8221;4.8.1&#8243; _dynamic_attributes=&#8221;url&#8221; _module_preset=&#8221;default&#8221;][\/et_pb_image][\/et_pb_column][et_pb_column type=&#8221;1_5&#8243; _builder_version=&#8221;4.8.1&#8243; _module_preset=&#8221;default&#8221;][et_pb_text _builder_version=&#8221;4.8.1&#8243; _module_preset=&#8221;default&#8221; header_3_font=&#8221;Montserrat|700|||||||&#8221; header_3_text_align=&#8221;center&#8221; header_3_font_size=&#8221;18px&#8221;]<h3>Adultos<\/h3>[\/et_pb_text][et_pb_image src=&#8221;https:\/\/hawadyc.com\/wp-content\/uploads\/2021\/01\/adultos-sombra.png&#8221; alt=&#8221;Pulseira de identifica\u00e7ao adulto&#8221; title_text=&#8221;Pulseira de identifica\u00e7ao adulto&#8221; url=&#8221;@ET-DC@eyJkeW5hbWljIjp0cnVlLCJjb250ZW50IjoicG9zdF9saW5rX3VybF9wYWdlIiwic2V0dGluZ3MiOnsicG9zdF9pZCI6IjIxNyJ9fQ==@&#8221; _builder_version=&#8221;4.8.1&#8243; _dynamic_attributes=&#8221;url&#8221; _module_preset=&#8221;default&#8221;][\/et_pb_image][\/et_pb_column][et_pb_column type=&#8221;1_5&#8243; _builder_version=&#8221;4.8.1&#8243; _module_preset=&#8221;default&#8221;][et_pb_text _builder_version=&#8221;4.8.1&#8243; _module_preset=&#8221;default&#8221; header_3_font=&#8221;Montserrat|700|||||||&#8221; header_3_text_align=&#8221;center&#8221; header_3_font_size=&#8221;18px&#8221;]<h3>Pedi\u00e1trica<\/h3>[\/et_pb_text][et_pb_image src=&#8221;https:\/\/hawadyc.com\/wp-content\/uploads\/2021\/01\/peques-sombra.png&#8221; alt=&#8221;pulseira de identifica\u00e7\u00e3o pedi\u00e1trica&#8221; title_text=&#8221;pulseira de identifica\u00e7\u00e3o pedi\u00e1trica&#8221; url=&#8221;@ET-DC@eyJkeW5hbWljIjp0cnVlLCJjb250ZW50IjoicG9zdF9saW5rX3VybF9wYWdlIiwic2V0dGluZ3MiOnsicG9zdF9pZCI6IjIzMSJ9fQ==@&#8221; _builder_version=&#8221;4.8.1&#8243; _dynamic_attributes=&#8221;url&#8221; _module_preset=&#8221;default&#8221;][\/et_pb_image][\/et_pb_column][et_pb_column type=&#8221;1_5&#8243; _builder_version=&#8221;4.8.1&#8243; _module_preset=&#8221;default&#8221;][et_pb_text _builder_version=&#8221;4.8.1&#8243; _module_preset=&#8221;default&#8221; header_3_font=&#8221;Montserrat|700|||||||&#8221; header_3_text_align=&#8221;center&#8221; header_3_font_size=&#8221;18px&#8221;]<h3>Maternidade<\/h3>[\/et_pb_text][et_pb_image src=&#8221;https:\/\/hawadyc.com\/wp-content\/uploads\/2021\/01\/maternal-sombra.png&#8221; alt=&#8221;pulseira de identifica\u00e7\u00e3o de maternidade&#8221; title_text=&#8221;pulseira de identifica\u00e7\u00e3o de maternidade&#8221; url=&#8221;@ET-DC@eyJkeW5hbWljIjp0cnVlLCJjb250ZW50IjoicG9zdF9saW5rX3VybF9wYWdlIiwic2V0dGluZ3MiOnsicG9zdF9pZCI6IjI1NSJ9fQ==@&#8221; _builder_version=&#8221;4.8.1&#8243; _dynamic_attributes=&#8221;url&#8221; _module_preset=&#8221;default&#8221;][\/et_pb_image][\/et_pb_column][et_pb_column type=&#8221;1_5&#8243; _builder_version=&#8221;4.8.1&#8243; _module_preset=&#8221;default&#8221;][et_pb_text _builder_version=&#8221;4.8.1&#8243; _module_preset=&#8221;default&#8221; header_3_font=&#8221;Montserrat|700|||||||&#8221; header_3_text_align=&#8221;center&#8221; header_3_font_size=&#8221;18px&#8221;]<h3>Emerg\u00eancia de triagem<\/h3>[\/et_pb_text][et_pb_image src=&#8221;https:\/\/hawadyc.com\/wp-content\/uploads\/2021\/01\/alergias-sombra.png&#8221; alt=&#8221;pulseira de identifica\u00e7\u00e3o de emerg\u00eancia de triagem&#8221; title_text=&#8221;pulseira de identifica\u00e7\u00e3o de emerg\u00eancia de triagem&#8221; url=&#8221;@ET-DC@eyJkeW5hbWljIjp0cnVlLCJjb250ZW50IjoicG9zdF9saW5rX3VybF9wYWdlIiwic2V0dGluZ3MiOnsicG9zdF9pZCI6IjIzOSJ9fQ==@&#8221; _builder_version=&#8221;4.8.1&#8243; _dynamic_attributes=&#8221;url&#8221; _module_preset=&#8221;default&#8221; custom_margin=&#8221;-2vw||||false|false&#8221; custom_margin_tablet=&#8221;&#8221; custom_margin_phone=&#8221;&#8221; custom_margin_last_edited=&#8221;on|tablet&#8221;][\/et_pb_image][\/et_pb_column][\/et_pb_row][\/et_pb_section]\n","protected":false},"excerpt":{"rendered":"<p>Pulseiras de identifica\u00e7\u00e3oIdentifica\u00e7\u00e3o de doentesA identifica\u00e7\u00e3o inadequada do paciente \u00e9 uma causa importante dos problemas e complica\u00e7\u00f5es associados aos erros de atendimento. A forma mais comum de identifica\u00e7\u00e3o de pacientes em centros de sa\u00fade \u00e9 o n\u00famero do quarto ou leito, o diagn\u00f3stico, as caracter\u00edsticas f\u00edsicas ou psicol\u00f3gicas ou o fato de responderem a um [&hellip;]<\/p>\n","protected":false},"author":3,"featured_media":0,"parent":0,"menu_order":0,"comment_status":"closed","ping_status":"closed","template":"","meta":{"_et_pb_use_builder":"on","_et_pb_old_content":"","_et_gb_content_width":"","footnotes":""},"class_list":["post-628","page","type-page","status-publish","hentry"],"yoast_head":"<!-- This site is optimized with the Yoast SEO plugin v27.4 - https:\/\/yoast.com\/product\/yoast-seo-wordpress\/ -->\n<title>Pulseiras de identifica\u00e7\u00e3o - Hawadyc<\/title>\n<meta name=\"robots\" content=\"index, follow, max-snippet:-1, max-image-preview:large, max-video-preview:-1\" \/>\n<link rel=\"canonical\" href=\"https:\/\/hawadyc.com\/pt-pt\/pulseiras\/\" \/>\n<meta property=\"og:locale\" content=\"pt_PT\" \/>\n<meta property=\"og:type\" content=\"article\" \/>\n<meta property=\"og:title\" content=\"Pulseiras de identifica\u00e7\u00e3o - Hawadyc\" \/>\n<meta property=\"og:description\" content=\"Pulseiras de identifica\u00e7\u00e3oIdentifica\u00e7\u00e3o de doentesA identifica\u00e7\u00e3o inadequada do paciente \u00e9 uma causa importante dos problemas e complica\u00e7\u00f5es associados aos erros de atendimento. A forma mais comum de identifica\u00e7\u00e3o de pacientes em centros de sa\u00fade \u00e9 o n\u00famero do quarto ou leito, o diagn\u00f3stico, as caracter\u00edsticas f\u00edsicas ou psicol\u00f3gicas ou o fato de responderem a um [&hellip;]\" \/>\n<meta property=\"og:url\" content=\"https:\/\/hawadyc.com\/pt-pt\/pulseiras\/\" \/>\n<meta property=\"og:site_name\" content=\"Hawadyc\" \/>\n<meta property=\"article:modified_time\" content=\"2021-02-11T15:33:05+00:00\" \/>\n<meta name=\"twitter:card\" content=\"summary_large_image\" \/>\n<meta name=\"twitter:label1\" content=\"Est. reading time\" \/>\n\t<meta name=\"twitter:data1\" content=\"6 minutes\" \/>\n<script type=\"application\/ld+json\" class=\"yoast-schema-graph\">{\"@context\":\"https:\\\/\\\/schema.org\",\"@graph\":[{\"@type\":\"WebPage\",\"@id\":\"https:\\\/\\\/hawadyc.com\\\/pt-pt\\\/pulseiras\\\/\",\"url\":\"https:\\\/\\\/hawadyc.com\\\/pt-pt\\\/pulseiras\\\/\",\"name\":\"Pulseiras de identifica\u00e7\u00e3o - Hawadyc\",\"isPartOf\":{\"@id\":\"https:\\\/\\\/hawadyc.com\\\/pt-pt\\\/#website\"},\"datePublished\":\"2021-02-11T15:33:04+00:00\",\"dateModified\":\"2021-02-11T15:33:05+00:00\",\"breadcrumb\":{\"@id\":\"https:\\\/\\\/hawadyc.com\\\/pt-pt\\\/pulseiras\\\/#breadcrumb\"},\"inLanguage\":\"pt-PT\",\"potentialAction\":[{\"@type\":\"ReadAction\",\"target\":[\"https:\\\/\\\/hawadyc.com\\\/pt-pt\\\/pulseiras\\\/\"]}]},{\"@type\":\"BreadcrumbList\",\"@id\":\"https:\\\/\\\/hawadyc.com\\\/pt-pt\\\/pulseiras\\\/#breadcrumb\",\"itemListElement\":[{\"@type\":\"ListItem\",\"position\":1,\"name\":\"Portada\",\"item\":\"https:\\\/\\\/hawadyc.com\\\/pt-pt\\\/inicio\\\/\"},{\"@type\":\"ListItem\",\"position\":2,\"name\":\"Pulseiras\"}]},{\"@type\":\"WebSite\",\"@id\":\"https:\\\/\\\/hawadyc.com\\\/pt-pt\\\/#website\",\"url\":\"https:\\\/\\\/hawadyc.com\\\/pt-pt\\\/\",\"name\":\"Hawadyc\",\"description\":\"Etiquetado profesional textil y prendas de ropa\",\"potentialAction\":[{\"@type\":\"SearchAction\",\"target\":{\"@type\":\"EntryPoint\",\"urlTemplate\":\"https:\\\/\\\/hawadyc.com\\\/pt-pt\\\/?s={search_term_string}\"},\"query-input\":{\"@type\":\"PropertyValueSpecification\",\"valueRequired\":true,\"valueName\":\"search_term_string\"}}],\"inLanguage\":\"pt-PT\"}]}<\/script>\n<!-- \/ Yoast SEO plugin. -->","yoast_head_json":{"title":"Pulseiras de identifica\u00e7\u00e3o - Hawadyc","robots":{"index":"index","follow":"follow","max-snippet":"max-snippet:-1","max-image-preview":"max-image-preview:large","max-video-preview":"max-video-preview:-1"},"canonical":"https:\/\/hawadyc.com\/pt-pt\/pulseiras\/","og_locale":"pt_PT","og_type":"article","og_title":"Pulseiras de identifica\u00e7\u00e3o - Hawadyc","og_description":"Pulseiras de identifica\u00e7\u00e3oIdentifica\u00e7\u00e3o de doentesA identifica\u00e7\u00e3o inadequada do paciente \u00e9 uma causa importante dos problemas e complica\u00e7\u00f5es associados aos erros de atendimento. A forma mais comum de identifica\u00e7\u00e3o de pacientes em centros de sa\u00fade \u00e9 o n\u00famero do quarto ou leito, o diagn\u00f3stico, as caracter\u00edsticas f\u00edsicas ou psicol\u00f3gicas ou o fato de responderem a um [&hellip;]","og_url":"https:\/\/hawadyc.com\/pt-pt\/pulseiras\/","og_site_name":"Hawadyc","article_modified_time":"2021-02-11T15:33:05+00:00","twitter_card":"summary_large_image","twitter_misc":{"Est. reading time":"6 minutes"},"schema":{"@context":"https:\/\/schema.org","@graph":[{"@type":"WebPage","@id":"https:\/\/hawadyc.com\/pt-pt\/pulseiras\/","url":"https:\/\/hawadyc.com\/pt-pt\/pulseiras\/","name":"Pulseiras de identifica\u00e7\u00e3o - Hawadyc","isPartOf":{"@id":"https:\/\/hawadyc.com\/pt-pt\/#website"},"datePublished":"2021-02-11T15:33:04+00:00","dateModified":"2021-02-11T15:33:05+00:00","breadcrumb":{"@id":"https:\/\/hawadyc.com\/pt-pt\/pulseiras\/#breadcrumb"},"inLanguage":"pt-PT","potentialAction":[{"@type":"ReadAction","target":["https:\/\/hawadyc.com\/pt-pt\/pulseiras\/"]}]},{"@type":"BreadcrumbList","@id":"https:\/\/hawadyc.com\/pt-pt\/pulseiras\/#breadcrumb","itemListElement":[{"@type":"ListItem","position":1,"name":"Portada","item":"https:\/\/hawadyc.com\/pt-pt\/inicio\/"},{"@type":"ListItem","position":2,"name":"Pulseiras"}]},{"@type":"WebSite","@id":"https:\/\/hawadyc.com\/pt-pt\/#website","url":"https:\/\/hawadyc.com\/pt-pt\/","name":"Hawadyc","description":"Etiquetado profesional textil y prendas de ropa","potentialAction":[{"@type":"SearchAction","target":{"@type":"EntryPoint","urlTemplate":"https:\/\/hawadyc.com\/pt-pt\/?s={search_term_string}"},"query-input":{"@type":"PropertyValueSpecification","valueRequired":true,"valueName":"search_term_string"}}],"inLanguage":"pt-PT"}]}},"_links":{"self":[{"href":"https:\/\/hawadyc.com\/pt-pt\/wp-json\/wp\/v2\/pages\/628","targetHints":{"allow":["GET"]}}],"collection":[{"href":"https:\/\/hawadyc.com\/pt-pt\/wp-json\/wp\/v2\/pages"}],"about":[{"href":"https:\/\/hawadyc.com\/pt-pt\/wp-json\/wp\/v2\/types\/page"}],"author":[{"embeddable":true,"href":"https:\/\/hawadyc.com\/pt-pt\/wp-json\/wp\/v2\/users\/3"}],"replies":[{"embeddable":true,"href":"https:\/\/hawadyc.com\/pt-pt\/wp-json\/wp\/v2\/comments?post=628"}],"version-history":[{"count":1,"href":"https:\/\/hawadyc.com\/pt-pt\/wp-json\/wp\/v2\/pages\/628\/revisions"}],"predecessor-version":[{"id":629,"href":"https:\/\/hawadyc.com\/pt-pt\/wp-json\/wp\/v2\/pages\/628\/revisions\/629"}],"wp:attachment":[{"href":"https:\/\/hawadyc.com\/pt-pt\/wp-json\/wp\/v2\/media?parent=628"}],"curies":[{"name":"wp","href":"https:\/\/api.w.org\/{rel}","templated":true}]}}