{"id":684,"date":"2021-02-14T22:59:56","date_gmt":"2021-02-14T22:59:56","guid":{"rendered":"https:\/\/hawadyc.com\/politique-de-cookies\/"},"modified":"2021-02-14T23:02:42","modified_gmt":"2021-02-14T23:02:42","slug":"politique-de-cookies","status":"publish","type":"page","link":"https:\/\/hawadyc.com\/fr\/politique-de-cookies\/","title":{"rendered":"Politique de Cookies"},"content":{"rendered":"<p>[et_pb_section fb_built=&#8221;1&#8243; fullwidth=&#8221;on&#8221; _builder_version=&#8221;4.8.2&#8243; _module_preset=&#8221;default&#8221;][et_pb_fullwidth_image src=&#8221;https:\/\/hawadyc.com\/wp-content\/uploads\/2021\/01\/hawadyc-printer-2.jpg&#8221; alt=&#8221;hawadyc imprimante&#8221; title_text=&#8221;hawadyc imprimante&#8221; _builder_version=&#8221;4.8.2&#8243; _module_preset=&#8221;default&#8221;][\/et_pb_fullwidth_image][\/et_pb_section][et_pb_section fb_built=&#8221;1&#8243; _builder_version=&#8221;4.8.2&#8243; _module_preset=&#8221;default&#8221;][et_pb_row _builder_version=&#8221;4.8.2&#8243; _module_preset=&#8221;default&#8221;][et_pb_column type=&#8221;4_4&#8243; _builder_version=&#8221;4.8.2&#8243; _module_preset=&#8221;default&#8221;][et_pb_post_title meta=&#8221;off&#8221; featured_image=&#8221;off&#8221; _builder_version=&#8221;4.8.2&#8243; _module_preset=&#8221;default&#8221; title_font=&#8221;Montserrat|800||on|||||&#8221; title_text_color=&#8221;#242424&#8243; title_font_size=&#8221;45px&#8221;][\/et_pb_post_title][\/et_pb_column][\/et_pb_row][et_pb_row _builder_version=&#8221;4.8.2&#8243; _module_preset=&#8221;default&#8221;][et_pb_column type=&#8221;4_4&#8243; _builder_version=&#8221;4.8.2&#8243; _module_preset=&#8221;default&#8221;][et_pb_text _builder_version=&#8221;4.9.0&#8243; _module_preset=&#8221;default&#8221; header_2_font=&#8221;Montserrat|600|||||||&#8221; header_2_line_height=&#8221;1.5em&#8221; hover_enabled=&#8221;0&#8243; sticky_enabled=&#8221;0&#8243;]Le but de cette politique en mati\u00e8re de cookies est de vous informer de mani\u00e8re claire et pr\u00e9cise sur les cookies utilis\u00e9s dans la page www.hawadyc.com.<\/p>\n<h2>Que sont les cookies?<\/h2>\n<p>Un cookie est un petit morceau de texte que les sites Web que vous visitez sont envoy\u00e9s au navigateur. Il permet au site Web de se souvenir des informations relatives \u00e0 votre visite, telles que la langue de votre choix et d\u2019autres options, afin de faciliter votre prochaine visite et de rendre le le site est plus utile. Les cookies jouent un r\u00f4le tr\u00e8s important et contribuent \u00e0 une meilleure exp\u00e9rience de navigation pour l\u2019utilisateur.<\/p>\n<h2>Types de cookies<\/h2>\n<p>En fonction de l\u2019entit\u00e9 qui g\u00e8re le domaine \u00e0 partir duquel les cookies sont envoy\u00e9s et les donn\u00e9es obtenues trait\u00e9es, deux types peuvent \u00eatre distingu\u00e9s: les cookies propres et les cookies tiers. Il existe \u00e9galement une seconde classification en fonction de la dur\u00e9e pendant laquelle ils restent stock\u00e9s dans le navigateur du client, qui peuvent \u00eatre des cookies de session ou des cookies persistants.<\/p>\n<p>Enfin, il existe une autre classification avec cinq types de cookies en fonction de la finalit\u00e9 pour laquelle les donn\u00e9es obtenues sont trait\u00e9es: cookies techniques, cookies de personnalisation, cookies d\u2019analyse, cookies de publicit\u00e9 et cookies de publicit\u00e9 comportementale.<\/p>\n<p>Pour plus d\u2019informations \u00e0 ce sujet, vous pouvez consulter le Guide d\u2019utilisation des cookies par l\u2019Agence espagnole de protection des donn\u00e9es.<\/p>\n<h2>Cookies utilis\u00e9s sur le web<\/h2>\n<p>Ensuite, les cookies utilis\u00e9s dans ce portail sont identifi\u00e9s, ainsi que leur typologie et leur fonction:<\/p>\n<p>Le site Web HAWADYC utilise Google Analytics, un service d\u2019analyse de site d\u00e9velopp\u00e9 par Google qui permet de mesurer et d\u2019analyser la navigation sur des pages Web. Dans votre navigateur, vous pouvez voir les cookies pour ce service. Selon la typologie pr\u00e9c\u00e9dente, il s\u2019agit de nos propres cookies de session et d\u2019analyse.<\/p>\n<p>L\u2019analyse Web permet d\u2019obtenir des informations sur le nombre d\u2019utilisateurs sur le Web, le nombre de pages vues, la fr\u00e9quence et la r\u00e9p\u00e9tition des visites, leur dur\u00e9e, le navigateur utilis\u00e9, l\u2019op\u00e9rateur fournissant le service, la langue. , le terminal que vous utilisez et la ville \u00e0 laquelle votre adresse IP est attribu\u00e9e. Informations permettant un service meilleur et plus appropri\u00e9 via ce portail.<\/p>\n<p>Pour garantir l\u2019anonymat, Google convertira vos informations de mani\u00e8re anonyme en tronquant l\u2019adresse IP avant de la stocker, afin que Google Analytics ne soit pas utilis\u00e9 pour localiser ou collecter des informations personnellement identifiables des visiteurs du site. Google ne peut envoyer que les informations collect\u00e9es par Google.<\/p>\n<p>Analytique \u00e0 des tiers lorsque la loi l\u2019exige. Conform\u00e9ment aux conditions de service de Google Analytics, Google n\u2019associera votre adresse IP \u00e0 aucune autre donn\u00e9e conserv\u00e9e par Google.<\/p>\n<p>Un autre des cookies t\u00e9l\u00e9charg\u00e9s est un cookie de type technique appel\u00e9 ASP.NET_SessionId. Ce cookie vous permet de stocker un identifiant unique par session \u00e0 travers lequel il est possible de lier les donn\u00e9es n\u00e9cessaires pour permettre la navigation en cours.<\/p>\n<p>Enfin, un cookie appel\u00e9 ControlCookies, propre, technique et de type de session est t\u00e9l\u00e9charg\u00e9. G\u00e9rer le consentement de l\u2019utilisateur pour l\u2019utilisation de cookies sur le site Web, afin de se souvenir des utilisateurs qui les ont accept\u00e9s et de ceux qui ne l\u2019ont pas encore fait, de sorte que les premiers ne soient pas affich\u00e9s en haut de la page. a propos.<\/p>\n<h2>Acceptation de la politique de cookie<\/h2>\n<p>En appuyant sur le bouton \u201cAccepter\u201d, vous acceptez l\u2019utilisation de cookies.<\/p>\n<h2>Comment modifier la configuration des cookies<\/h2>\n<p>Vous pouvez restreindre, bloquer ou supprimer les cookies de www.hawadyc.com ou de tout autre site Web \u00e0 l\u2019aide de votre navigateur. Dans chaque navigateur, l\u2019op\u00e9ration est diff\u00e9rente, la fonction \u201cAide\u201d vous montrera comment proc\u00e9der.<\/p>\n<h2>T\u00e9l\u00e9chargements<\/h2>\n<p>Guide d\u2019utilisation des cookies par l\u2019Agence espagnole pour la protection des donn\u00e9es:<\/p>\n<p><a href=\"https:\/\/www.agpd.es\/portalwebAGPD\/canaldocumentacion\/publicaciones\/common\/Guias\/Guia_Cookies.pdf\" target=\"_blank\" rel=\"noopener\">https:\/\/www.agpd.es\/portalwebAGPD\/canaldocumentacion\/publicaciones\/common\/Guias\/Guia_Cookies.pdf<\/a>[\/et_pb_text][\/et_pb_column][\/et_pb_row][\/et_pb_section]<\/p>\n","protected":false},"excerpt":{"rendered":"<p>Le but de cette politique en mati\u00e8re de cookies est de vous informer de mani\u00e8re claire et pr\u00e9cise sur les cookies utilis\u00e9s dans la page www.hawadyc.com. Que sont les cookies? Un cookie est un petit morceau de texte que les sites Web que vous visitez sont envoy\u00e9s au navigateur. Il permet au site Web de [&hellip;]<\/p>\n","protected":false},"author":3,"featured_media":0,"parent":0,"menu_order":0,"comment_status":"closed","ping_status":"closed","template":"","meta":{"_et_pb_use_builder":"on","_et_pb_old_content":"","_et_gb_content_width":"","footnotes":""},"class_list":["post-684","page","type-page","status-publish","hentry"],"yoast_head":"<!-- This site is optimized with the Yoast SEO plugin v27.6 - https:\/\/yoast.com\/product\/yoast-seo-wordpress\/ -->\n<title>Politique de Cookies - Hawadyc<\/title>\n<meta name=\"robots\" content=\"noindex, nofollow\" \/>\n<meta property=\"og:locale\" content=\"fr_FR\" \/>\n<meta property=\"og:type\" content=\"article\" \/>\n<meta property=\"og:title\" content=\"Politique de Cookies - Hawadyc\" \/>\n<meta property=\"og:description\" content=\"Le but de cette politique en mati\u00e8re de cookies est de vous informer de mani\u00e8re claire et pr\u00e9cise sur les cookies utilis\u00e9s dans la page www.hawadyc.com. Que sont les cookies? Un cookie est un petit morceau de texte que les sites Web que vous visitez sont envoy\u00e9s au navigateur. Il permet au site Web de [&hellip;]\" \/>\n<meta property=\"og:url\" content=\"https:\/\/hawadyc.com\/fr\/politique-de-cookies\/\" \/>\n<meta property=\"og:site_name\" content=\"Hawadyc\" \/>\n<meta property=\"article:modified_time\" content=\"2021-02-14T23:02:42+00:00\" \/>\n<meta name=\"twitter:card\" content=\"summary_large_image\" \/>\n<meta name=\"twitter:label1\" content=\"Est. reading time\" \/>\n\t<meta name=\"twitter:data1\" content=\"4 minutes\" \/>\n<script type=\"application\/ld+json\" class=\"yoast-schema-graph\">{\"@context\":\"https:\\\/\\\/schema.org\",\"@graph\":[{\"@type\":\"WebPage\",\"@id\":\"https:\\\/\\\/hawadyc.com\\\/fr\\\/politique-de-cookies\\\/\",\"url\":\"https:\\\/\\\/hawadyc.com\\\/fr\\\/politique-de-cookies\\\/\",\"name\":\"Politique de Cookies - Hawadyc\",\"isPartOf\":{\"@id\":\"https:\\\/\\\/hawadyc.com\\\/fr\\\/#website\"},\"datePublished\":\"2021-02-14T22:59:56+00:00\",\"dateModified\":\"2021-02-14T23:02:42+00:00\",\"breadcrumb\":{\"@id\":\"https:\\\/\\\/hawadyc.com\\\/fr\\\/politique-de-cookies\\\/#breadcrumb\"},\"inLanguage\":\"fr-FR\",\"potentialAction\":[{\"@type\":\"ReadAction\",\"target\":[\"https:\\\/\\\/hawadyc.com\\\/fr\\\/politique-de-cookies\\\/\"]}]},{\"@type\":\"BreadcrumbList\",\"@id\":\"https:\\\/\\\/hawadyc.com\\\/fr\\\/politique-de-cookies\\\/#breadcrumb\",\"itemListElement\":[{\"@type\":\"ListItem\",\"position\":1,\"name\":\"Portada\",\"item\":\"https:\\\/\\\/hawadyc.com\\\/fr\\\/debut\\\/\"},{\"@type\":\"ListItem\",\"position\":2,\"name\":\"Politique de Cookies\"}]},{\"@type\":\"WebSite\",\"@id\":\"https:\\\/\\\/hawadyc.com\\\/fr\\\/#website\",\"url\":\"https:\\\/\\\/hawadyc.com\\\/fr\\\/\",\"name\":\"Hawadyc\",\"description\":\"Etiquetado profesional textil y prendas de ropa\",\"potentialAction\":[{\"@type\":\"SearchAction\",\"target\":{\"@type\":\"EntryPoint\",\"urlTemplate\":\"https:\\\/\\\/hawadyc.com\\\/fr\\\/?s={search_term_string}\"},\"query-input\":{\"@type\":\"PropertyValueSpecification\",\"valueRequired\":true,\"valueName\":\"search_term_string\"}}],\"inLanguage\":\"fr-FR\"}]}<\/script>\n<!-- \/ Yoast SEO plugin. -->","yoast_head_json":{"title":"Politique de Cookies - Hawadyc","robots":{"index":"noindex","follow":"nofollow"},"og_locale":"fr_FR","og_type":"article","og_title":"Politique de Cookies - Hawadyc","og_description":"Le but de cette politique en mati\u00e8re de cookies est de vous informer de mani\u00e8re claire et pr\u00e9cise sur les cookies utilis\u00e9s dans la page www.hawadyc.com. Que sont les cookies? Un cookie est un petit morceau de texte que les sites Web que vous visitez sont envoy\u00e9s au navigateur. Il permet au site Web de [&hellip;]","og_url":"https:\/\/hawadyc.com\/fr\/politique-de-cookies\/","og_site_name":"Hawadyc","article_modified_time":"2021-02-14T23:02:42+00:00","twitter_card":"summary_large_image","twitter_misc":{"Est. reading time":"4 minutes"},"schema":{"@context":"https:\/\/schema.org","@graph":[{"@type":"WebPage","@id":"https:\/\/hawadyc.com\/fr\/politique-de-cookies\/","url":"https:\/\/hawadyc.com\/fr\/politique-de-cookies\/","name":"Politique de Cookies - Hawadyc","isPartOf":{"@id":"https:\/\/hawadyc.com\/fr\/#website"},"datePublished":"2021-02-14T22:59:56+00:00","dateModified":"2021-02-14T23:02:42+00:00","breadcrumb":{"@id":"https:\/\/hawadyc.com\/fr\/politique-de-cookies\/#breadcrumb"},"inLanguage":"fr-FR","potentialAction":[{"@type":"ReadAction","target":["https:\/\/hawadyc.com\/fr\/politique-de-cookies\/"]}]},{"@type":"BreadcrumbList","@id":"https:\/\/hawadyc.com\/fr\/politique-de-cookies\/#breadcrumb","itemListElement":[{"@type":"ListItem","position":1,"name":"Portada","item":"https:\/\/hawadyc.com\/fr\/debut\/"},{"@type":"ListItem","position":2,"name":"Politique de Cookies"}]},{"@type":"WebSite","@id":"https:\/\/hawadyc.com\/fr\/#website","url":"https:\/\/hawadyc.com\/fr\/","name":"Hawadyc","description":"Etiquetado profesional textil y prendas de ropa","potentialAction":[{"@type":"SearchAction","target":{"@type":"EntryPoint","urlTemplate":"https:\/\/hawadyc.com\/fr\/?s={search_term_string}"},"query-input":{"@type":"PropertyValueSpecification","valueRequired":true,"valueName":"search_term_string"}}],"inLanguage":"fr-FR"}]}},"_links":{"self":[{"href":"https:\/\/hawadyc.com\/fr\/wp-json\/wp\/v2\/pages\/684","targetHints":{"allow":["GET"]}}],"collection":[{"href":"https:\/\/hawadyc.com\/fr\/wp-json\/wp\/v2\/pages"}],"about":[{"href":"https:\/\/hawadyc.com\/fr\/wp-json\/wp\/v2\/types\/page"}],"author":[{"embeddable":true,"href":"https:\/\/hawadyc.com\/fr\/wp-json\/wp\/v2\/users\/3"}],"replies":[{"embeddable":true,"href":"https:\/\/hawadyc.com\/fr\/wp-json\/wp\/v2\/comments?post=684"}],"version-history":[{"count":3,"href":"https:\/\/hawadyc.com\/fr\/wp-json\/wp\/v2\/pages\/684\/revisions"}],"predecessor-version":[{"id":689,"href":"https:\/\/hawadyc.com\/fr\/wp-json\/wp\/v2\/pages\/684\/revisions\/689"}],"wp:attachment":[{"href":"https:\/\/hawadyc.com\/fr\/wp-json\/wp\/v2\/media?parent=684"}],"curies":[{"name":"wp","href":"https:\/\/api.w.org\/{rel}","templated":true}]}}