{"id":614,"date":"2021-02-11T13:28:46","date_gmt":"2021-02-11T13:28:46","guid":{"rendered":"https:\/\/hawadyc.com\/nous-concernant\/"},"modified":"2021-02-11T13:28:47","modified_gmt":"2021-02-11T13:28:47","slug":"nous-concernant","status":"publish","type":"page","link":"https:\/\/hawadyc.com\/fr\/nous-concernant\/","title":{"rendered":"Nous concernant"},"content":{"rendered":"<p>[et_pb_section fb_built=&#8221;1&#8243; admin_label=&#8221;Header&#8221; _builder_version=&#8221;4.5.1&#8243; background_color=&#8221;#2b343b&#8221; custom_padding=&#8221;||||false|false&#8221; locked=&#8221;off&#8221;][et_pb_row column_structure=&#8221;1_2,1_2&#8243; _builder_version=&#8221;4.5.1&#8243;][et_pb_column type=&#8221;1_2&#8243; _builder_version=&#8221;4.5.1&#8243;][et_pb_image src=&#8221;https:\/\/hawadyc.com\/wp-content\/uploads\/2021\/01\/transfusional-duo.png&#8221; alt=&#8221;Bracelets d\u2019identification h\u00e9movigilance&#8221; title_text=&#8221;Bracelets d\u2019identification h\u00e9movigilance&#8221; align=&#8221;center&#8221; _builder_version=&#8221;4.7.7&#8243; positioning=&#8221;absolute&#8221; position_origin_a_tablet=&#8221;&#8221; position_origin_a_phone=&#8221;&#8221; position_origin_a_last_edited=&#8221;on|tablet&#8221; position_origin_f_tablet=&#8221;&#8221; position_origin_f_phone=&#8221;&#8221; position_origin_f_last_edited=&#8221;on|tablet&#8221; position_origin_r_tablet=&#8221;&#8221; position_origin_r_phone=&#8221;&#8221; position_origin_r_last_edited=&#8221;on|tablet&#8221; max_width_tablet=&#8221;300px&#8221; max_width_phone=&#8221;250px&#8221; max_width_last_edited=&#8221;off|desktop&#8221; max_height_tablet=&#8221;400px&#8221; max_height_phone=&#8221;300px&#8221; max_height_last_edited=&#8221;on|phone&#8221; custom_margin=&#8221;|||-10vw|false|false&#8221; custom_margin_tablet=&#8221;|||0vw|false|false&#8221; custom_margin_phone=&#8221;&#8221; custom_margin_last_edited=&#8221;on|tablet&#8221; positioning_tablet=&#8221;none&#8221; positioning_phone=&#8221;&#8221; positioning_last_edited=&#8221;on|tablet&#8221;][\/et_pb_image][\/et_pb_column][et_pb_column type=&#8221;1_2&#8243; _builder_version=&#8221;4.5.1&#8243; background_enable_color=&#8221;off&#8221; background_image=&#8221;https:\/\/hawadyc.com\/wp-content\/uploads\/2021\/01\/beauty-product_57.png&#8221; background_size=&#8221;contain&#8221; custom_padding=&#8221;15%||15%||true|false&#8221; custom_padding_tablet=&#8221;&#8221; custom_padding_phone=&#8221;&#8221; custom_padding_last_edited=&#8221;on|phone&#8221;][et_pb_text _builder_version=&#8221;4.7.7&#8243; header_font=&#8221;Montserrat|800||on|||||&#8221; header_font_size=&#8221;60px&#8221; header_letter_spacing=&#8221;4px&#8221; header_line_height=&#8221;1.2em&#8221; text_orientation=&#8221;center&#8221; background_layout=&#8221;dark&#8221; header_font_size_tablet=&#8221;40px&#8221; header_font_size_phone=&#8221;30px&#8221; header_font_size_last_edited=&#8221;on|phone&#8221; locked=&#8221;off&#8221;]<\/p>\n<h1>Notre histoire<\/h1>\n<p>[\/et_pb_text][\/et_pb_column][\/et_pb_row][\/et_pb_section][et_pb_section fb_built=&#8221;1&#8243; admin_label=&#8221;About&#8221; _builder_version=&#8221;4.5.1&#8243; background_color=&#8221;#f8f5f3&#8243; background_enable_image=&#8221;off&#8221; custom_padding=&#8221;10vw||||false|false&#8221; locked=&#8221;off&#8221;][et_pb_row column_structure=&#8221;1_2,1_2&#8243; make_equal=&#8221;on&#8221; _builder_version=&#8221;4.5.1&#8243;][et_pb_column type=&#8221;1_2&#8243; _builder_version=&#8221;4.5.1&#8243;][et_pb_text _builder_version=&#8221;4.7.7&#8243; header_2_font=&#8221;Montserrat|800||on|||||&#8221; header_2_text_color=&#8221;#2B343B&#8221; header_2_font_size=&#8221;50px&#8221; header_2_letter_spacing=&#8221;3px&#8221; header_2_line_height=&#8221;1.2em&#8221; header_2_font_size_tablet=&#8221;40px&#8221; header_2_font_size_phone=&#8221;30px&#8221; header_2_font_size_last_edited=&#8221;on|phone&#8221; locked=&#8221;off&#8221;]<\/p>\n<h2>Notre entreprise<\/h2>\n<p>[\/et_pb_text][et_pb_text _builder_version=&#8221;4.8.2&#8243; text_font=&#8221;Montserrat||||||||&#8221; text_font_size=&#8221;16px&#8221; text_line_height=&#8221;2em&#8221; max_width=&#8221;800px&#8221; hover_enabled=&#8221;0&#8243; text_font_size_tablet=&#8221;14px&#8221; text_font_size_phone=&#8221;14px&#8221; text_font_size_last_edited=&#8221;on|desktop&#8221; text_line_height_phone=&#8221;1.6em&#8221; text_line_height_last_edited=&#8221;off|desktop&#8221; locked=&#8221;off&#8221; sticky_enabled=&#8221;0&#8243;]<\/p>\n<p>Le groupe Espagnol Hawadyc f\u00fbt cr\u00e9e en 1998 pour apporter des solutions aux probl\u00e9matiques d\u2019identification dans les secteurs hospitaliers et g\u00e9riatriques.<\/p>\n<p>Figurant parmi les premiers \u00e0 avoir apporter des solutions aux probl\u00e8mes d\u2019identification des patients pour les h\u00f4pitaux, nous profitons aujourd\u2019hui d\u2019une grande reconnaissance pour la qualit\u00e9 de nos produits. Associ\u00e9 depuis 2005 \u00e0 la firme de distribution espagnole\u00a0El Corte Ingl\u00e8s, nous sommes fiers de pouvoir \u00eatre consid\u00e9r\u00e9s, aujourd\u2019hui, comme \u00e9tant le principal fabricant de bracelet d\u2019identification patient de la P\u00e9ninsule Ib\u00e9rique.<\/p>\n<p>Dans le domaine g\u00e9riatrique, nous apportons des solutions pour assurer le marquage et l\u2019identification du linge r\u00e9sident et des tenues professionnelles.<br \/>\nPlus de 2000 r\u00e9sidences EHPAD utilisent nos syst\u00e8mes d\u2019identification du linge en Europe.<\/p>\n<p>[\/et_pb_text][\/et_pb_column][et_pb_column type=&#8221;1_2&#8243; _builder_version=&#8221;4.5.1&#8243; custom_padding=&#8221;35px||65px||false|false&#8221; custom_padding_last_edited=&#8221;off|desktop&#8221; border_width_all=&#8221;20px&#8221; border_color_all=&#8221;#2B343B&#8221;][et_pb_image src=&#8221;https:\/\/hawadyc.com\/wp-content\/uploads\/2021\/01\/quirofano-hospital.jpeg&#8221; title_text=&#8221;salle d&#8217;op\u00e9ration \u00e0 l&#8217;h\u00f4pital&#8221; _builder_version=&#8221;4.8.1&#8243; background_enable_color=&#8221;off&#8221; custom_margin=&#8221;|0px||-60px|false|false&#8221; custom_margin_tablet=&#8221;0%|||0%|false|false&#8221; custom_margin_last_edited=&#8221;off|desktop&#8221; locked=&#8221;off&#8221;][\/et_pb_image][\/et_pb_column][\/et_pb_row][\/et_pb_section][et_pb_section fb_built=&#8221;1&#8243; _builder_version=&#8221;4.8.1&#8243; _module_preset=&#8221;default&#8221;][et_pb_row _builder_version=&#8221;4.8.1&#8243; _module_preset=&#8221;default&#8221;][et_pb_column type=&#8221;4_4&#8243; _builder_version=&#8221;4.8.1&#8243; _module_preset=&#8221;default&#8221;][et_pb_text _builder_version=&#8221;4.8.1&#8243; _module_preset=&#8221;default&#8221; header_3_font=&#8221;Montserrat|800|||||||&#8221; header_3_text_align=&#8221;center&#8221; header_3_font_size=&#8221;6vh&#8221; header_3_letter_spacing=&#8221;2px&#8221;]<\/p>\n<h3>Filiales du groupe Hawadyc<\/h3>\n<p>[\/et_pb_text][\/et_pb_column][\/et_pb_row][et_pb_row column_structure=&#8221;1_3,1_3,1_3&#8243; _builder_version=&#8221;4.8.1&#8243; _module_preset=&#8221;default&#8221;][et_pb_column type=&#8221;1_3&#8243; _builder_version=&#8221;4.8.1&#8243; _module_preset=&#8221;default&#8221;][et_pb_blurb title=&#8221;Royaume Uni&#8221; url=&#8221;https:\/\/www.hetikal.com\/en\/&#8221; url_new_window=&#8221;on&#8221; image=&#8221;https:\/\/hawadyc.com\/wp-content\/uploads\/2021\/01\/hetikal-uk.png&#8221; alt=&#8221;Hetikal LTD UK&#8221; _builder_version=&#8221;4.8.1&#8243; _module_preset=&#8221;default&#8221; header_font=&#8221;Montserrat|700|||||||&#8221; header_text_align=&#8221;center&#8221; text_orientation=&#8221;center&#8221; link_option_url_new_window=&#8221;on&#8221;]<\/p>\n<p>Depuis 2011<\/p>\n<p>[\/et_pb_blurb][\/et_pb_column][et_pb_column type=&#8221;1_3&#8243; _builder_version=&#8221;4.8.1&#8243; _module_preset=&#8221;default&#8221;][et_pb_blurb title=&#8221;France&#8221; url=&#8221;https:\/\/www.hetikal.com\/fr\/&#8221; url_new_window=&#8221;on&#8221; image=&#8221;https:\/\/hawadyc.com\/wp-content\/uploads\/2021\/01\/hetikal-france.png&#8221; alt=&#8221;Hetikal France&#8221; _builder_version=&#8221;4.8.1&#8243; _module_preset=&#8221;default&#8221; header_font=&#8221;Montserrat|700|||||||&#8221; header_text_align=&#8221;center&#8221; text_orientation=&#8221;center&#8221; link_option_url_new_window=&#8221;on&#8221;]<\/p>\n<p>Depuis 2015<\/p>\n<p>[\/et_pb_blurb][\/et_pb_column][et_pb_column type=&#8221;1_3&#8243; _builder_version=&#8221;4.8.1&#8243; _module_preset=&#8221;default&#8221;][et_pb_blurb title=&#8221;Portugal&#8221; url=&#8221;https:\/\/www.hetikal.com\/pt-pt\/&#8221; url_new_window=&#8221;on&#8221; image=&#8221;https:\/\/hawadyc.com\/wp-content\/uploads\/2021\/02\/hetikal-portugal.png&#8221; alt=&#8221;Hetikal Portugal&#8221; _builder_version=&#8221;4.8.2&#8243; _module_preset=&#8221;default&#8221; header_font=&#8221;Montserrat|700|||||||&#8221; header_text_align=&#8221;center&#8221; text_orientation=&#8221;center&#8221; link_option_url_new_window=&#8221;on&#8221; hover_enabled=&#8221;0&#8243; title_text=&#8221;Hetikal Portugal&#8221; sticky_enabled=&#8221;0&#8243;]<\/p>\n<p>Depuis 2018<\/p>\n<p>[\/et_pb_blurb][\/et_pb_column][\/et_pb_row][\/et_pb_section][et_pb_section fb_built=&#8221;1&#8243; admin_label=&#8221;Mission&#8221; _builder_version=&#8221;4.5.1&#8243; background_color=&#8221;#f8f5f3&#8243; background_enable_image=&#8221;off&#8221; custom_padding=&#8221;10vw||10vw||true|false&#8221;][et_pb_row _builder_version=&#8221;4.8.1&#8243; background_color=&#8221;#2b343b&#8221; custom_padding=&#8221;80px|40px|80px|40px|true|true&#8221;][et_pb_column type=&#8221;4_4&#8243; _builder_version=&#8221;4.8.1&#8243; custom_padding=&#8221;|||8vw|false|false&#8221; custom_padding_tablet=&#8221;&#8221; custom_padding_phone=&#8221;&#8221; custom_padding_last_edited=&#8221;on|tablet&#8221;][et_pb_image src=&#8221;https:\/\/hawadyc.com\/wp-content\/uploads\/2021\/01\/pulseras-hawaydyc_ver.png&#8221; alt=&#8221;Bracelet d\u2019identification Adultes&#8221; title_text=&#8221;imprimante et bracelets d\u2019identification hawaydyc&#8221; align=&#8221;center&#8221; _builder_version=&#8221;4.8.1&#8243; transform_origin=&#8221;100%|50%&#8221; positioning=&#8221;absolute&#8221; position_origin_a=&#8221;center_left&#8221; horizontal_offset=&#8221;-130px&#8221; horizontal_offset_tablet=&#8221;0px&#8221; horizontal_offset_phone=&#8221;&#8221; horizontal_offset_last_edited=&#8221;on|desktop&#8221; position_origin_a_tablet=&#8221;&#8221; position_origin_a_phone=&#8221;&#8221; position_origin_a_last_edited=&#8221;on|tablet&#8221; position_origin_f_tablet=&#8221;&#8221; position_origin_f_phone=&#8221;&#8221; position_origin_f_last_edited=&#8221;on|tablet&#8221; position_origin_r_tablet=&#8221;&#8221; position_origin_r_phone=&#8221;&#8221; position_origin_r_last_edited=&#8221;on|tablet&#8221; max_width=&#8221;350px&#8221; min_height_tablet=&#8221;&#8221; min_height_phone=&#8221;&#8221; min_height_last_edited=&#8221;on|tablet&#8221; max_height_tablet=&#8221;350px&#8221; max_height_phone=&#8221;&#8221; max_height_last_edited=&#8221;on|desktop&#8221; custom_margin=&#8221;|||-3vw|false|false&#8221; positioning_tablet=&#8221;none&#8221; positioning_phone=&#8221;&#8221; positioning_last_edited=&#8221;on|tablet&#8221; module_alignment_tablet=&#8221;center&#8221; module_alignment_last_edited=&#8221;off|phone&#8221;][\/et_pb_image][et_pb_text _builder_version=&#8221;4.8.2&#8243; header_2_font=&#8221;Montserrat|800||on|||||&#8221; header_2_text_align=&#8221;center&#8221; header_2_font_size=&#8221;50px&#8221; header_2_letter_spacing=&#8221;3px&#8221; header_2_line_height=&#8221;1.2em&#8221; text_orientation=&#8221;center&#8221; background_layout=&#8221;dark&#8221; max_width=&#8221;580px&#8221; module_alignment=&#8221;center&#8221; hover_enabled=&#8221;0&#8243; header_2_font_size_tablet=&#8221;40px&#8221; header_2_font_size_phone=&#8221;30px&#8221; header_2_font_size_last_edited=&#8221;on|phone&#8221; locked=&#8221;off&#8221; sticky_enabled=&#8221;0&#8243;]<\/p>\n<h2>Syst\u00e8mes d\u2019identification<\/h2>\n<p>[\/et_pb_text][et_pb_text _builder_version=&#8221;4.8.2&#8243; text_font=&#8221;Montserrat||||||||&#8221; text_font_size=&#8221;16px&#8221; text_line_height=&#8221;2em&#8221; background_layout=&#8221;dark&#8221; max_width=&#8221;580px&#8221; module_alignment=&#8221;center&#8221; hover_enabled=&#8221;0&#8243; text_font_size_tablet=&#8221;14px&#8221; text_font_size_phone=&#8221;14px&#8221; text_font_size_last_edited=&#8221;on|desktop&#8221; text_line_height_phone=&#8221;1.6em&#8221; text_line_height_last_edited=&#8221;off|desktop&#8221; text_text_shadow_style=&#8221;preset3&#8243; locked=&#8221;off&#8221; text_orientation=&#8221;center&#8221; sticky_enabled=&#8221;0&#8243;]<\/p>\n<p>Sp\u00e9cialis\u00e9s en syst\u00e8mes d\u2019identification depuis plus de 20ans, notre exp\u00e9rience nous permet aujourd\u2019hui de proposer des solutions compl\u00e8tes aux probl\u00e8mes techniques et de gestion en apportant des am\u00e9liorations constantes et des solutions toujours plus adapt\u00e9es aux besoins de nos clients.<\/p>\n<p>Chez Hawadyc, gr\u00e2ce \u00e0 notre suivi et \u00e0 notre grande implication, nous apportons \u00e0 nos clients des solutions et un accompagnement permanent pour offrir aux personnels hospitalier impliqu\u00e9s un confort indispensable \u00e0 l\u2019utilisation de nos produits.<\/p>\n<p>Notre d\u00e9partement Innovation et D\u00e9veloppement apportent des solutions adapt\u00e9es \u00e0 toutes demandes sp\u00e9cifiques.<\/p>\n<p>[\/et_pb_text][\/et_pb_column][\/et_pb_row][\/et_pb_section]<\/p>\n","protected":false},"excerpt":{"rendered":"<p>Notre histoireNotre entrepriseLe groupe Espagnol Hawadyc f\u00fbt cr\u00e9e en 1998 pour apporter des solutions aux probl\u00e9matiques d\u2019identification dans les secteurs hospitaliers et g\u00e9riatriques. Figurant parmi les premiers \u00e0 avoir apporter des solutions aux probl\u00e8mes d\u2019identification des patients pour les h\u00f4pitaux, nous profitons aujourd\u2019hui d\u2019une grande reconnaissance pour la qualit\u00e9 de nos produits. Associ\u00e9 depuis 2005 [&hellip;]<\/p>\n","protected":false},"author":3,"featured_media":0,"parent":0,"menu_order":0,"comment_status":"closed","ping_status":"closed","template":"","meta":{"_et_pb_use_builder":"on","_et_pb_old_content":"","_et_gb_content_width":"","footnotes":""},"class_list":["post-614","page","type-page","status-publish","hentry"],"yoast_head":"<!-- This site is optimized with the Yoast SEO plugin v27.6 - https:\/\/yoast.com\/product\/yoast-seo-wordpress\/ -->\n<title>Nous concernant - Hawadyc<\/title>\n<meta name=\"robots\" content=\"index, follow, max-snippet:-1, max-image-preview:large, max-video-preview:-1\" \/>\n<link rel=\"canonical\" href=\"https:\/\/hawadyc.com\/fr\/nous-concernant\/\" \/>\n<meta property=\"og:locale\" content=\"fr_FR\" \/>\n<meta property=\"og:type\" content=\"article\" \/>\n<meta property=\"og:title\" content=\"Nous concernant - Hawadyc\" \/>\n<meta property=\"og:description\" content=\"Notre histoireNotre entrepriseLe groupe Espagnol Hawadyc f\u00fbt cr\u00e9e en 1998 pour apporter des solutions aux probl\u00e9matiques d\u2019identification dans les secteurs hospitaliers et g\u00e9riatriques. Figurant parmi les premiers \u00e0 avoir apporter des solutions aux probl\u00e8mes d\u2019identification des patients pour les h\u00f4pitaux, nous profitons aujourd\u2019hui d\u2019une grande reconnaissance pour la qualit\u00e9 de nos produits. Associ\u00e9 depuis 2005 [&hellip;]\" \/>\n<meta property=\"og:url\" content=\"https:\/\/hawadyc.com\/fr\/nous-concernant\/\" \/>\n<meta property=\"og:site_name\" content=\"Hawadyc\" \/>\n<meta property=\"article:modified_time\" content=\"2021-02-11T13:28:47+00:00\" \/>\n<meta name=\"twitter:card\" content=\"summary_large_image\" \/>\n<meta name=\"twitter:label1\" content=\"Est. reading time\" \/>\n\t<meta name=\"twitter:data1\" content=\"7 minutes\" \/>\n<script type=\"application\/ld+json\" class=\"yoast-schema-graph\">{\"@context\":\"https:\\\/\\\/schema.org\",\"@graph\":[{\"@type\":\"WebPage\",\"@id\":\"https:\\\/\\\/hawadyc.com\\\/fr\\\/nous-concernant\\\/\",\"url\":\"https:\\\/\\\/hawadyc.com\\\/fr\\\/nous-concernant\\\/\",\"name\":\"Nous concernant - Hawadyc\",\"isPartOf\":{\"@id\":\"https:\\\/\\\/hawadyc.com\\\/fr\\\/#website\"},\"datePublished\":\"2021-02-11T13:28:46+00:00\",\"dateModified\":\"2021-02-11T13:28:47+00:00\",\"breadcrumb\":{\"@id\":\"https:\\\/\\\/hawadyc.com\\\/fr\\\/nous-concernant\\\/#breadcrumb\"},\"inLanguage\":\"fr-FR\",\"potentialAction\":[{\"@type\":\"ReadAction\",\"target\":[\"https:\\\/\\\/hawadyc.com\\\/fr\\\/nous-concernant\\\/\"]}]},{\"@type\":\"BreadcrumbList\",\"@id\":\"https:\\\/\\\/hawadyc.com\\\/fr\\\/nous-concernant\\\/#breadcrumb\",\"itemListElement\":[{\"@type\":\"ListItem\",\"position\":1,\"name\":\"Portada\",\"item\":\"https:\\\/\\\/hawadyc.com\\\/fr\\\/debut\\\/\"},{\"@type\":\"ListItem\",\"position\":2,\"name\":\"Nous concernant\"}]},{\"@type\":\"WebSite\",\"@id\":\"https:\\\/\\\/hawadyc.com\\\/fr\\\/#website\",\"url\":\"https:\\\/\\\/hawadyc.com\\\/fr\\\/\",\"name\":\"Hawadyc\",\"description\":\"Etiquetado profesional textil y prendas de ropa\",\"potentialAction\":[{\"@type\":\"SearchAction\",\"target\":{\"@type\":\"EntryPoint\",\"urlTemplate\":\"https:\\\/\\\/hawadyc.com\\\/fr\\\/?s={search_term_string}\"},\"query-input\":{\"@type\":\"PropertyValueSpecification\",\"valueRequired\":true,\"valueName\":\"search_term_string\"}}],\"inLanguage\":\"fr-FR\"}]}<\/script>\n<!-- \/ Yoast SEO plugin. -->","yoast_head_json":{"title":"Nous concernant - Hawadyc","robots":{"index":"index","follow":"follow","max-snippet":"max-snippet:-1","max-image-preview":"max-image-preview:large","max-video-preview":"max-video-preview:-1"},"canonical":"https:\/\/hawadyc.com\/fr\/nous-concernant\/","og_locale":"fr_FR","og_type":"article","og_title":"Nous concernant - Hawadyc","og_description":"Notre histoireNotre entrepriseLe groupe Espagnol Hawadyc f\u00fbt cr\u00e9e en 1998 pour apporter des solutions aux probl\u00e9matiques d\u2019identification dans les secteurs hospitaliers et g\u00e9riatriques. Figurant parmi les premiers \u00e0 avoir apporter des solutions aux probl\u00e8mes d\u2019identification des patients pour les h\u00f4pitaux, nous profitons aujourd\u2019hui d\u2019une grande reconnaissance pour la qualit\u00e9 de nos produits. Associ\u00e9 depuis 2005 [&hellip;]","og_url":"https:\/\/hawadyc.com\/fr\/nous-concernant\/","og_site_name":"Hawadyc","article_modified_time":"2021-02-11T13:28:47+00:00","twitter_card":"summary_large_image","twitter_misc":{"Est. reading time":"7 minutes"},"schema":{"@context":"https:\/\/schema.org","@graph":[{"@type":"WebPage","@id":"https:\/\/hawadyc.com\/fr\/nous-concernant\/","url":"https:\/\/hawadyc.com\/fr\/nous-concernant\/","name":"Nous concernant - Hawadyc","isPartOf":{"@id":"https:\/\/hawadyc.com\/fr\/#website"},"datePublished":"2021-02-11T13:28:46+00:00","dateModified":"2021-02-11T13:28:47+00:00","breadcrumb":{"@id":"https:\/\/hawadyc.com\/fr\/nous-concernant\/#breadcrumb"},"inLanguage":"fr-FR","potentialAction":[{"@type":"ReadAction","target":["https:\/\/hawadyc.com\/fr\/nous-concernant\/"]}]},{"@type":"BreadcrumbList","@id":"https:\/\/hawadyc.com\/fr\/nous-concernant\/#breadcrumb","itemListElement":[{"@type":"ListItem","position":1,"name":"Portada","item":"https:\/\/hawadyc.com\/fr\/debut\/"},{"@type":"ListItem","position":2,"name":"Nous concernant"}]},{"@type":"WebSite","@id":"https:\/\/hawadyc.com\/fr\/#website","url":"https:\/\/hawadyc.com\/fr\/","name":"Hawadyc","description":"Etiquetado profesional textil y prendas de ropa","potentialAction":[{"@type":"SearchAction","target":{"@type":"EntryPoint","urlTemplate":"https:\/\/hawadyc.com\/fr\/?s={search_term_string}"},"query-input":{"@type":"PropertyValueSpecification","valueRequired":true,"valueName":"search_term_string"}}],"inLanguage":"fr-FR"}]}},"_links":{"self":[{"href":"https:\/\/hawadyc.com\/fr\/wp-json\/wp\/v2\/pages\/614","targetHints":{"allow":["GET"]}}],"collection":[{"href":"https:\/\/hawadyc.com\/fr\/wp-json\/wp\/v2\/pages"}],"about":[{"href":"https:\/\/hawadyc.com\/fr\/wp-json\/wp\/v2\/types\/page"}],"author":[{"embeddable":true,"href":"https:\/\/hawadyc.com\/fr\/wp-json\/wp\/v2\/users\/3"}],"replies":[{"embeddable":true,"href":"https:\/\/hawadyc.com\/fr\/wp-json\/wp\/v2\/comments?post=614"}],"version-history":[{"count":2,"href":"https:\/\/hawadyc.com\/fr\/wp-json\/wp\/v2\/pages\/614\/revisions"}],"predecessor-version":[{"id":616,"href":"https:\/\/hawadyc.com\/fr\/wp-json\/wp\/v2\/pages\/614\/revisions\/616"}],"wp:attachment":[{"href":"https:\/\/hawadyc.com\/fr\/wp-json\/wp\/v2\/media?parent=614"}],"curies":[{"name":"wp","href":"https:\/\/api.w.org\/{rel}","templated":true}]}}