{"id":611,"date":"2021-02-11T13:22:59","date_gmt":"2021-02-11T13:22:59","guid":{"rendered":"https:\/\/hawadyc.com\/bracelets-didentification\/bracelet-triage-services-durgences\/"},"modified":"2021-02-11T13:22:59","modified_gmt":"2021-02-11T13:22:59","slug":"bracelet-triage-services-durgences","status":"publish","type":"page","link":"https:\/\/hawadyc.com\/fr\/bracelets-didentification\/bracelet-triage-services-durgences\/","title":{"rendered":"Bracelet Triage Services d\u2019urgences"},"content":{"rendered":"<p>[et_pb_section fb_built=&#8221;1&#8243; admin_label=&#8221;Header&#8221; _builder_version=&#8221;4.8.1&#8243; background_color=&#8221;#eee8e2&#8243; background_enable_image=&#8221;off&#8221; custom_padding=&#8221;0px||0px|||&#8221; background_last_edited=&#8221;on|phone&#8221; background_enable_image_tablet=&#8221;off&#8221; locked=&#8221;off&#8221;][et_pb_row column_structure=&#8221;2_3,1_3&#8243; use_custom_gutter=&#8221;on&#8221; gutter_width=&#8221;1&#8243; make_equal=&#8221;on&#8221; _builder_version=&#8221;4.8.1&#8243; custom_padding=&#8221;0px||0px|||&#8221;][et_pb_column type=&#8221;2_3&#8243; _builder_version=&#8221;4.8.1&#8243; use_background_color_gradient=&#8221;on&#8221; background_color_gradient_start=&#8221;rgba(0,0,0,0)&#8221; background_color_gradient_end=&#8221;#d8c1c7&#8243; background_color_gradient_direction=&#8221;90deg&#8221; background_color_gradient_start_position=&#8221;50%&#8221; background_color_gradient_end_position=&#8221;0%&#8221; custom_padding=&#8221;160px|51px|||false|false&#8221; custom_padding_tablet=&#8221;80px||||false|false&#8221; custom_padding_phone=&#8221;&#8221; custom_padding_last_edited=&#8221;on|phone&#8221;][et_pb_text _builder_version=&#8221;4.8.1&#8243; header_font=&#8221;Montserrat|800||on|||||&#8221; header_text_color=&#8221;#2B343B&#8221; header_font_size=&#8221;60px&#8221; header_letter_spacing=&#8221;3px&#8221; header_line_height=&#8221;1.2em&#8221; custom_margin=&#8221;||||false|false&#8221; header_font_size_tablet=&#8221;60px&#8221; header_font_size_phone=&#8221;30px&#8221; header_font_size_last_edited=&#8221;on|desktop&#8221;]<\/p>\n<h1>Bracelet Triage Services d\u2019urgences<\/h1>\n<p>[\/et_pb_text][et_pb_text _builder_version=&#8221;4.8.1&#8243; header_3_font=&#8221;Montserrat|700||on|||||&#8221; header_3_text_color=&#8221;#75263B&#8221; header_3_font_size=&#8221;40px&#8221; header_3_letter_spacing=&#8221;2px&#8221; header_3_line_height=&#8221;1.2em&#8221; custom_margin=&#8221;||40px||false|false&#8221; header_3_font_size_tablet=&#8221;40px&#8221; header_3_font_size_phone=&#8221;30px&#8221; header_3_font_size_last_edited=&#8221;on|phone&#8221;]<\/p>\n<h3>Mod. PLP-UT<\/h3>\n<p>[\/et_pb_text][\/et_pb_column][et_pb_column type=&#8221;1_3&#8243; _builder_version=&#8221;4.5.2&#8243; custom_padding=&#8221;64px||212px||false|false&#8221;][et_pb_image src=&#8221;https:\/\/hawadyc.com\/wp-content\/uploads\/2021\/01\/alergias-sombra.png&#8221; alt=&#8221;Bracelet d\u2019identification triage services d\u2019urgences&#8221; title_text=&#8221;Bracelet d\u2019identification triage services d\u2019urgences&#8221; _builder_version=&#8221;4.8.1&#8243; _module_preset=&#8221;default&#8221; z_index=&#8221;1&#8243; max_height_tablet=&#8221;420px&#8221; max_height_phone=&#8221;420px&#8221; max_height_last_edited=&#8221;on|phone&#8221;][\/et_pb_image][et_pb_image src=&#8221;https:\/\/hawadyc.com\/wp-content\/uploads\/2020\/12\/Oval.png&#8221; title_text=&#8221;Oval&#8221; _builder_version=&#8221;4.8.1&#8243; _module_preset=&#8221;default&#8221; transform_scale=&#8221;160%|160%&#8221; transform_scale_tablet=&#8221;100%|100%&#8221; transform_scale_phone=&#8221;&#8221; transform_scale_last_edited=&#8221;on|tablet&#8221; transform_translate_tablet=&#8221;&#8221; transform_translate_phone=&#8221;&#8221; transform_translate_last_edited=&#8221;on|phone&#8221; transform_rotate_tablet=&#8221;&#8221; transform_rotate_phone=&#8221;&#8221; transform_rotate_last_edited=&#8221;on|phone&#8221; transform_skew_tablet=&#8221;&#8221; transform_skew_phone=&#8221;&#8221; transform_skew_last_edited=&#8221;on|phone&#8221; transform_origin_tablet=&#8221;&#8221; transform_origin_phone=&#8221;&#8221; transform_origin_last_edited=&#8221;on|phone&#8221; transform_styles_last_edited=&#8221;on|tablet&#8221; positioning=&#8221;absolute&#8221; position_origin_a=&#8221;center_right&#8221; z_index=&#8221;1&#8243; position_origin_a_tablet=&#8221;top_left&#8221; position_origin_a_phone=&#8221;&#8221; position_origin_a_last_edited=&#8221;on|phone&#8221; position_origin_f_tablet=&#8221;&#8221; position_origin_f_phone=&#8221;&#8221; position_origin_f_last_edited=&#8221;on|phone&#8221; position_origin_r_tablet=&#8221;&#8221; position_origin_r_phone=&#8221;&#8221; position_origin_r_last_edited=&#8221;on|phone&#8221; max_height_last_edited=&#8221;off|tablet&#8221; scroll_vertical_motion_enable=&#8221;on&#8221; scroll_vertical_motion=&#8221;0|50|50|100|-5|0|2&#8243; transform_styles_tablet=&#8221;&#8221; transform_styles_phone=&#8221;&#8221; positioning_tablet=&#8221;&#8221; positioning_phone=&#8221;&#8221; positioning_last_edited=&#8221;on|phone&#8221;][\/et_pb_image][et_pb_divider show_divider=&#8221;off&#8221; _builder_version=&#8221;4.8.1&#8243; _module_preset=&#8221;default&#8221; background_color=&#8221;#D8C1C7&#8243; transform_translate=&#8221;100%|-50%&#8221; transform_translate_linked=&#8221;off&#8221; positioning=&#8221;absolute&#8221; position_origin_a=&#8221;center_right&#8221; width=&#8221;72%&#8221; height=&#8221;350px&#8221; custom_margin=&#8221;||||false|false&#8221;][\/et_pb_divider][\/et_pb_column][\/et_pb_row][\/et_pb_section][et_pb_section fb_built=&#8221;1&#8243; admin_label=&#8221;Features&#8221; _builder_version=&#8221;4.8.1&#8243; background_color=&#8221;#EEE8E2&#8243; background_enable_image=&#8221;off&#8221; custom_padding=&#8221;||||false|false&#8221; locked=&#8221;off&#8221;][et_pb_row column_structure=&#8221;2_3,1_3&#8243; use_custom_gutter=&#8221;on&#8221; gutter_width=&#8221;1&#8243; _builder_version=&#8221;4.5.2&#8243; custom_padding=&#8221;0px||||false|false&#8221;][et_pb_column type=&#8221;2_3&#8243; _builder_version=&#8221;4.5.2&#8243; border_width_all=&#8221;20px&#8221; border_color_all=&#8221;#2B343B&#8221;][et_pb_image src=&#8221;https:\/\/hawadyc.com\/wp-content\/uploads\/2021\/01\/alerta-condiciones-medicas-sombra.png&#8221; alt=&#8221;Bracelets d\u2019identification triage services d\u2019urgences&#8221; title_text=&#8221;Bracelets d\u2019identification triage services d\u2019urgences&#8221; _builder_version=&#8221;4.8.1&#8243; max_width=&#8221;60%&#8221; module_alignment=&#8221;center&#8221;][\/et_pb_image][\/et_pb_column][et_pb_column type=&#8221;1_3&#8243; _builder_version=&#8221;4.5.2&#8243; custom_padding=&#8221;60px|||30px|false|false&#8221; custom_padding_tablet=&#8221;|||0px|false|false&#8221; custom_padding_phone=&#8221;&#8221; custom_padding_last_edited=&#8221;on|desktop&#8221;][et_pb_text _builder_version=&#8221;4.8.1&#8243; text_font=&#8221;Montserrat||||||||&#8221; header_2_font=&#8221;Montserrat|800||on|||||&#8221; header_2_text_color=&#8221;#2b343b&#8221; header_2_font_size=&#8221;22px&#8221; header_2_letter_spacing=&#8221;2px&#8221; header_2_line_height=&#8221;1.2em&#8221; max_width=&#8221;800px&#8221; custom_margin=&#8221;||30px||false|false&#8221; text_font_size_tablet=&#8221;14px&#8221; text_font_size_phone=&#8221;14px&#8221; text_font_size_last_edited=&#8221;off|desktop&#8221; text_line_height_phone=&#8221;1.6em&#8221; text_line_height_last_edited=&#8221;off|desktop&#8221; header_2_font_size_tablet=&#8221;24px&#8221; header_2_font_size_phone=&#8221;20px&#8221; header_2_font_size_last_edited=&#8221;off|desktop&#8221; locked=&#8221;off&#8221;]<\/p>\n<h2>Tailles<\/h2>\n<p><strong>PLP-UT<\/strong><br \/>\nLongueur: 260mm \/ Largeur: 20mm<br \/>\nLongueur totale pour les besoins du triage patient: 310mm[\/et_pb_text][et_pb_text _builder_version=&#8221;4.8.2&#8243; text_font=&#8221;Montserrat||||||||&#8221; header_2_font=&#8221;Montserrat|800||on|||||&#8221; header_2_text_color=&#8221;#2b343b&#8221; header_2_font_size=&#8221;22px&#8221; header_2_letter_spacing=&#8221;2px&#8221; header_2_line_height=&#8221;1.2em&#8221; max_width=&#8221;800px&#8221; custom_margin=&#8221;||30px||false|false&#8221; hover_enabled=&#8221;0&#8243; locked=&#8221;off&#8221; sticky_enabled=&#8221;0&#8243;]<\/p>\n<h2>Bande de protection<\/h2>\n<p>Sa composition en <strong>fibre textile non tiss\u00e9<\/strong> offre confort et protection en \u00e9vitant les irritations dus aux frottement et en laissant une transpiration bienfaisante de la peau<\/p>\n<p>[\/et_pb_text][\/et_pb_column][\/et_pb_row][\/et_pb_section][et_pb_section fb_built=&#8221;1&#8243; admin_label=&#8221;CTA&#8221; _builder_version=&#8221;4.8.1&#8243; use_background_color_gradient=&#8221;on&#8221; background_color_gradient_start=&#8221;#2b343b&#8221; background_color_gradient_end=&#8221;#d8c1c7&#8243; background_color_gradient_direction=&#8221;90deg&#8221; background_color_gradient_start_position=&#8221;50%&#8221; background_color_gradient_end_position=&#8221;50%&#8221; custom_padding=&#8221;10vw||10vw||true|false&#8221; background_last_edited=&#8221;on|tablet&#8221; use_background_color_gradient_tablet=&#8221;on&#8221; background_color_gradient_start_tablet=&#8221;#a16b79&#8243; global_module=&#8221;397&#8243; saved_tabs=&#8221;all&#8221;][et_pb_row _builder_version=&#8221;4.8.1&#8243; _module_preset=&#8221;default&#8221;][et_pb_column type=&#8221;4_4&#8243; _builder_version=&#8221;4.8.1&#8243; _module_preset=&#8221;default&#8221;][et_pb_text _builder_version=&#8221;4.8.1&#8243; _module_preset=&#8221;default&#8221; header_text_align=&#8221;center&#8221; header_2_font=&#8221;Montserrat|800||on|||||&#8221; header_2_text_align=&#8221;center&#8221; header_2_text_color=&#8221;#FFFFFF&#8221; header_2_font_size=&#8221;50px&#8221; header_2_letter_spacing=&#8221;2px&#8221; header_3_font=&#8221;Montserrat|600||on|||||&#8221; header_3_text_align=&#8221;center&#8221; header_3_text_color=&#8221;#FFFFFF&#8221; header_3_font_size=&#8221;30px&#8221; header_3_line_height=&#8221;1.4em&#8221;]<\/p>\n<h2>Caract\u00e9ristiques des Bracelets<\/h2>\n<h3>Syst\u00e8mes d\u2019identification Hawadyc<\/h3>\n<p>[\/et_pb_text][\/et_pb_column][\/et_pb_row][et_pb_row column_structure=&#8221;1_2,1_2&#8243; _builder_version=&#8221;4.8.1&#8243; _module_preset=&#8221;default&#8221;][et_pb_column type=&#8221;1_2&#8243; _builder_version=&#8221;4.8.1&#8243; _module_preset=&#8221;default&#8221;][et_pb_text ol_position=&#8221;outside&#8221; _builder_version=&#8221;4.8.1&#8243; _module_preset=&#8221;default&#8221; text_font=&#8221;|600|||||||&#8221; text_text_color=&#8221;#FFFFFF&#8221; text_font_size=&#8221;1.2em&#8221; ol_line_height=&#8221;1.6em&#8221;]<\/p>\n<p><strong>Composition:<\/strong> Polypropyl\u00e8ne thermique de 80 microns + coussinet en textile non tiss\u00e9.<\/p>\n<p><strong>Sans latex.<\/strong><\/p>\n<p>Le coussinet en textile non tiss\u00e9 (TNT) <strong>apporte un grand confort<\/strong> en \u00e9vitant les probl\u00e8mes d\u2019irritations dus aux frotements r\u00e9p\u00e9t\u00e9s du bracelet et en assurant une transpiration efficace de la peau.<\/p>\n<p>Tr\u00e8s robuste il <strong>r\u00e9siste ais\u00e9ment aux tensions<\/strong> aussi bien sec que mouill\u00e9.<\/p>\n<p>[\/et_pb_text][\/et_pb_column][et_pb_column type=&#8221;1_2&#8243; _builder_version=&#8221;4.8.1&#8243; _module_preset=&#8221;default&#8221;][et_pb_text _builder_version=&#8221;4.8.1&#8243; _module_preset=&#8221;default&#8221; text_font=&#8221;|600|||||||&#8221; text_text_color=&#8221;#242424&#8243; text_font_size=&#8221;1.2em&#8221; text_text_color_tablet=&#8221;#FFFFFF&#8221; text_text_color_phone=&#8221;&#8221; text_text_color_last_edited=&#8221;on|phone&#8221;]<\/p>\n<p><strong>Le fermoir en adh\u00e9sif-lamin\u00e9<\/strong> r\u00e9pond aux crit\u00e8res de s\u00e9curit\u00e9 en \u00e9vitant toute r\u00e9utilisation du bracelet. Inclus un point de rupture pour \u00e9viter les blessures en cas d\u2019arrachement.<\/p>\n<p><strong>Pr\u00e9-impression couleur<\/strong> et avec logo personnalis\u00e9 du centre hospitalier. Encre U.V de haute qualit\u00e9.<\/p>\n<p><strong>Impression thermique instantan\u00e9e<\/strong> et permettant l\u2019utilisation d\u2019outils de tra\u00e7abilit\u00e9 vari\u00e9s (code barre, QR code).<\/p>\n<p><strong>Rapide et facile d\u2019utilisation<\/strong>. Mise au poignet du patient simplifi\u00e9.<\/p>\n<p>[\/et_pb_text][\/et_pb_column][\/et_pb_row][\/et_pb_section][et_pb_section fb_built=&#8221;1&#8243; admin_label=&#8221;Related&#8221; _builder_version=&#8221;4.5.2&#8243; _module_preset=&#8221;default&#8221; background_color=&#8221;#f8f5f3&#8243; background_enable_image=&#8221;off&#8221; custom_padding=&#8221;||||false|false&#8221;][et_pb_row _builder_version=&#8221;4.8.1&#8243; _module_preset=&#8221;default&#8221;][et_pb_column type=&#8221;4_4&#8243; _builder_version=&#8221;4.8.1&#8243; _module_preset=&#8221;default&#8221;][et_pb_text _builder_version=&#8221;4.8.1&#8243; _module_preset=&#8221;default&#8221; header_4_font=&#8221;Montserrat|700||on|||||&#8221; header_4_text_align=&#8221;center&#8221; header_4_font_size=&#8221;30px&#8221; header_4_letter_spacing=&#8221;2px&#8221;]<\/p>\n<h4>Autres bracelets d\u2019identification<\/h4>\n<p>[\/et_pb_text][\/et_pb_column][\/et_pb_row][et_pb_row column_structure=&#8221;1_4,1_4,1_4,1_4&#8243; _builder_version=&#8221;4.5.2&#8243; _module_preset=&#8221;default&#8221;][et_pb_column type=&#8221;1_4&#8243; _builder_version=&#8221;4.5.2&#8243; _module_preset=&#8221;default&#8221;][et_pb_image src=&#8221;https:\/\/hawadyc.com\/wp-content\/uploads\/2021\/01\/transfusional-sombra.png&#8221; alt=&#8221;Bracelet d\u2019identification h\u00e9movigilance&#8221; title_text=&#8221;Bracelet d\u2019identification h\u00e9movigilance&#8221; url=&#8221;@ET-DC@eyJkeW5hbWljIjp0cnVlLCJjb250ZW50IjoicG9zdF9saW5rX3VybF9wYWdlIiwic2V0dGluZ3MiOnsicG9zdF9pZCI6IjI0NyJ9fQ==@&#8221; _builder_version=&#8221;4.8.1&#8243; _dynamic_attributes=&#8221;url&#8221; _module_preset=&#8221;default&#8221; width=&#8221;120%&#8221; module_alignment=&#8221;center&#8221; custom_margin=&#8221;-3vw||||false|false&#8221; custom_padding=&#8221;||||false|false&#8221;][\/et_pb_image][\/et_pb_column][et_pb_column type=&#8221;1_4&#8243; _builder_version=&#8221;4.5.2&#8243; _module_preset=&#8221;default&#8221;][et_pb_image src=&#8221;https:\/\/hawadyc.com\/wp-content\/uploads\/2021\/01\/adultos-sombra.png&#8221; alt=&#8221;Bracelet d\u2019identification Adulte&#8221; title_text=&#8221;Bracelet d\u2019identification Adulte&#8221; url=&#8221;@ET-DC@eyJkeW5hbWljIjp0cnVlLCJjb250ZW50IjoicG9zdF9saW5rX3VybF9wYWdlIiwic2V0dGluZ3MiOnsicG9zdF9pZCI6IjIxNyJ9fQ==@&#8221; _builder_version=&#8221;4.8.1&#8243; _dynamic_attributes=&#8221;url&#8221; _module_preset=&#8221;default&#8221; max_width=&#8221;90%&#8221; module_alignment=&#8221;center&#8221; custom_margin=&#8221;||||false|false&#8221;][\/et_pb_image][\/et_pb_column][et_pb_column type=&#8221;1_4&#8243; _builder_version=&#8221;4.5.2&#8243; _module_preset=&#8221;default&#8221;][et_pb_image src=&#8221;https:\/\/hawadyc.com\/wp-content\/uploads\/2021\/01\/peques-sombra.png&#8221; alt=&#8221;Bracelet d\u2019identification P\u00e9diatrique&#8221; title_text=&#8221;Bracelet d\u2019identification P\u00e9diatrique&#8221; url=&#8221;@ET-DC@eyJkeW5hbWljIjp0cnVlLCJjb250ZW50IjoicG9zdF9saW5rX3VybF9wYWdlIiwic2V0dGluZ3MiOnsicG9zdF9pZCI6IjIzMSJ9fQ==@&#8221; _builder_version=&#8221;4.8.1&#8243; _dynamic_attributes=&#8221;url&#8221; _module_preset=&#8221;default&#8221; max_width=&#8221;90%&#8221; module_alignment=&#8221;center&#8221;][\/et_pb_image][\/et_pb_column][et_pb_column type=&#8221;1_4&#8243; _builder_version=&#8221;4.5.2&#8243; _module_preset=&#8221;default&#8221;][et_pb_image src=&#8221;https:\/\/hawadyc.com\/wp-content\/uploads\/2021\/01\/maternal-sombra.png&#8221; alt=&#8221;Bracelet d\u2019identification de maternit\u00e9&#8221; title_text=&#8221;Bracelet d\u2019identification de maternit\u00e9&#8221; url=&#8221;@ET-DC@eyJkeW5hbWljIjp0cnVlLCJjb250ZW50IjoicG9zdF9saW5rX3VybF9wYWdlIiwic2V0dGluZ3MiOnsicG9zdF9pZCI6IjI1NSJ9fQ==@&#8221; _builder_version=&#8221;4.8.1&#8243; _dynamic_attributes=&#8221;url&#8221; _module_preset=&#8221;default&#8221; max_width=&#8221;75%&#8221; module_alignment=&#8221;center&#8221;][\/et_pb_image][\/et_pb_column][\/et_pb_row][\/et_pb_section]<\/p>\n","protected":false},"excerpt":{"rendered":"<p>Bracelet Triage Services d\u2019urgencesMod. PLP-UTTailles PLP-UT Longueur: 260mm \/ Largeur: 20mm Longueur totale pour les besoins du triage patient: 310mmBande de protection Sa composition en fibre textile non tiss\u00e9 offre confort et protection en \u00e9vitant les irritations dus aux frottement et en laissant une transpiration bienfaisante de la peauCaract\u00e9ristiques des Bracelets Syst\u00e8mes d\u2019identification HawadycComposition: Polypropyl\u00e8ne [&hellip;]<\/p>\n","protected":false},"author":3,"featured_media":0,"parent":598,"menu_order":0,"comment_status":"closed","ping_status":"closed","template":"","meta":{"_et_pb_use_builder":"on","_et_pb_old_content":"","_et_gb_content_width":"","footnotes":""},"class_list":["post-611","page","type-page","status-publish","hentry"],"yoast_head":"<!-- This site is optimized with the Yoast SEO plugin v27.6 - https:\/\/yoast.com\/product\/yoast-seo-wordpress\/ -->\n<title>Bracelet Triage Services d\u2019urgences - Hawadyc<\/title>\n<meta name=\"robots\" content=\"index, follow, max-snippet:-1, max-image-preview:large, max-video-preview:-1\" \/>\n<link rel=\"canonical\" href=\"https:\/\/hawadyc.com\/fr\/bracelets-didentification\/bracelet-triage-services-durgences\/\" \/>\n<meta property=\"og:locale\" content=\"fr_FR\" \/>\n<meta property=\"og:type\" content=\"article\" \/>\n<meta property=\"og:title\" content=\"Bracelet Triage Services d\u2019urgences - Hawadyc\" \/>\n<meta property=\"og:description\" content=\"Bracelet Triage Services d\u2019urgencesMod. PLP-UTTailles PLP-UT Longueur: 260mm \/ Largeur: 20mm Longueur totale pour les besoins du triage patient: 310mmBande de protection Sa composition en fibre textile non tiss\u00e9 offre confort et protection en \u00e9vitant les irritations dus aux frottement et en laissant une transpiration bienfaisante de la peauCaract\u00e9ristiques des Bracelets Syst\u00e8mes d\u2019identification HawadycComposition: Polypropyl\u00e8ne [&hellip;]\" \/>\n<meta property=\"og:url\" content=\"https:\/\/hawadyc.com\/fr\/bracelets-didentification\/bracelet-triage-services-durgences\/\" \/>\n<meta property=\"og:site_name\" content=\"Hawadyc\" \/>\n<meta name=\"twitter:card\" content=\"summary_large_image\" \/>\n<meta name=\"twitter:label1\" content=\"Est. reading time\" \/>\n\t<meta name=\"twitter:data1\" content=\"8 minutes\" \/>\n<script type=\"application\/ld+json\" class=\"yoast-schema-graph\">{\"@context\":\"https:\\\/\\\/schema.org\",\"@graph\":[{\"@type\":\"WebPage\",\"@id\":\"https:\\\/\\\/hawadyc.com\\\/fr\\\/bracelets-didentification\\\/bracelet-triage-services-durgences\\\/\",\"url\":\"https:\\\/\\\/hawadyc.com\\\/fr\\\/bracelets-didentification\\\/bracelet-triage-services-durgences\\\/\",\"name\":\"Bracelet Triage Services d\u2019urgences - Hawadyc\",\"isPartOf\":{\"@id\":\"https:\\\/\\\/hawadyc.com\\\/fr\\\/#website\"},\"datePublished\":\"2021-02-11T13:22:59+00:00\",\"breadcrumb\":{\"@id\":\"https:\\\/\\\/hawadyc.com\\\/fr\\\/bracelets-didentification\\\/bracelet-triage-services-durgences\\\/#breadcrumb\"},\"inLanguage\":\"fr-FR\",\"potentialAction\":[{\"@type\":\"ReadAction\",\"target\":[\"https:\\\/\\\/hawadyc.com\\\/fr\\\/bracelets-didentification\\\/bracelet-triage-services-durgences\\\/\"]}]},{\"@type\":\"BreadcrumbList\",\"@id\":\"https:\\\/\\\/hawadyc.com\\\/fr\\\/bracelets-didentification\\\/bracelet-triage-services-durgences\\\/#breadcrumb\",\"itemListElement\":[{\"@type\":\"ListItem\",\"position\":1,\"name\":\"Portada\",\"item\":\"https:\\\/\\\/hawadyc.com\\\/fr\\\/debut\\\/\"},{\"@type\":\"ListItem\",\"position\":2,\"name\":\"Bracelets d\u2019identification\",\"item\":\"https:\\\/\\\/hawadyc.com\\\/fr\\\/bracelets-didentification\\\/\"},{\"@type\":\"ListItem\",\"position\":3,\"name\":\"Bracelet Triage Services d\u2019urgences\"}]},{\"@type\":\"WebSite\",\"@id\":\"https:\\\/\\\/hawadyc.com\\\/fr\\\/#website\",\"url\":\"https:\\\/\\\/hawadyc.com\\\/fr\\\/\",\"name\":\"Hawadyc\",\"description\":\"Etiquetado profesional textil y prendas de ropa\",\"potentialAction\":[{\"@type\":\"SearchAction\",\"target\":{\"@type\":\"EntryPoint\",\"urlTemplate\":\"https:\\\/\\\/hawadyc.com\\\/fr\\\/?s={search_term_string}\"},\"query-input\":{\"@type\":\"PropertyValueSpecification\",\"valueRequired\":true,\"valueName\":\"search_term_string\"}}],\"inLanguage\":\"fr-FR\"}]}<\/script>\n<!-- \/ Yoast SEO plugin. -->","yoast_head_json":{"title":"Bracelet Triage Services d\u2019urgences - Hawadyc","robots":{"index":"index","follow":"follow","max-snippet":"max-snippet:-1","max-image-preview":"max-image-preview:large","max-video-preview":"max-video-preview:-1"},"canonical":"https:\/\/hawadyc.com\/fr\/bracelets-didentification\/bracelet-triage-services-durgences\/","og_locale":"fr_FR","og_type":"article","og_title":"Bracelet Triage Services d\u2019urgences - Hawadyc","og_description":"Bracelet Triage Services d\u2019urgencesMod. PLP-UTTailles PLP-UT Longueur: 260mm \/ Largeur: 20mm Longueur totale pour les besoins du triage patient: 310mmBande de protection Sa composition en fibre textile non tiss\u00e9 offre confort et protection en \u00e9vitant les irritations dus aux frottement et en laissant une transpiration bienfaisante de la peauCaract\u00e9ristiques des Bracelets Syst\u00e8mes d\u2019identification HawadycComposition: Polypropyl\u00e8ne [&hellip;]","og_url":"https:\/\/hawadyc.com\/fr\/bracelets-didentification\/bracelet-triage-services-durgences\/","og_site_name":"Hawadyc","twitter_card":"summary_large_image","twitter_misc":{"Est. reading time":"8 minutes"},"schema":{"@context":"https:\/\/schema.org","@graph":[{"@type":"WebPage","@id":"https:\/\/hawadyc.com\/fr\/bracelets-didentification\/bracelet-triage-services-durgences\/","url":"https:\/\/hawadyc.com\/fr\/bracelets-didentification\/bracelet-triage-services-durgences\/","name":"Bracelet Triage Services d\u2019urgences - Hawadyc","isPartOf":{"@id":"https:\/\/hawadyc.com\/fr\/#website"},"datePublished":"2021-02-11T13:22:59+00:00","breadcrumb":{"@id":"https:\/\/hawadyc.com\/fr\/bracelets-didentification\/bracelet-triage-services-durgences\/#breadcrumb"},"inLanguage":"fr-FR","potentialAction":[{"@type":"ReadAction","target":["https:\/\/hawadyc.com\/fr\/bracelets-didentification\/bracelet-triage-services-durgences\/"]}]},{"@type":"BreadcrumbList","@id":"https:\/\/hawadyc.com\/fr\/bracelets-didentification\/bracelet-triage-services-durgences\/#breadcrumb","itemListElement":[{"@type":"ListItem","position":1,"name":"Portada","item":"https:\/\/hawadyc.com\/fr\/debut\/"},{"@type":"ListItem","position":2,"name":"Bracelets d\u2019identification","item":"https:\/\/hawadyc.com\/fr\/bracelets-didentification\/"},{"@type":"ListItem","position":3,"name":"Bracelet Triage Services d\u2019urgences"}]},{"@type":"WebSite","@id":"https:\/\/hawadyc.com\/fr\/#website","url":"https:\/\/hawadyc.com\/fr\/","name":"Hawadyc","description":"Etiquetado profesional textil y prendas de ropa","potentialAction":[{"@type":"SearchAction","target":{"@type":"EntryPoint","urlTemplate":"https:\/\/hawadyc.com\/fr\/?s={search_term_string}"},"query-input":{"@type":"PropertyValueSpecification","valueRequired":true,"valueName":"search_term_string"}}],"inLanguage":"fr-FR"}]}},"_links":{"self":[{"href":"https:\/\/hawadyc.com\/fr\/wp-json\/wp\/v2\/pages\/611","targetHints":{"allow":["GET"]}}],"collection":[{"href":"https:\/\/hawadyc.com\/fr\/wp-json\/wp\/v2\/pages"}],"about":[{"href":"https:\/\/hawadyc.com\/fr\/wp-json\/wp\/v2\/types\/page"}],"author":[{"embeddable":true,"href":"https:\/\/hawadyc.com\/fr\/wp-json\/wp\/v2\/users\/3"}],"replies":[{"embeddable":true,"href":"https:\/\/hawadyc.com\/fr\/wp-json\/wp\/v2\/comments?post=611"}],"version-history":[{"count":2,"href":"https:\/\/hawadyc.com\/fr\/wp-json\/wp\/v2\/pages\/611\/revisions"}],"predecessor-version":[{"id":613,"href":"https:\/\/hawadyc.com\/fr\/wp-json\/wp\/v2\/pages\/611\/revisions\/613"}],"up":[{"embeddable":true,"href":"https:\/\/hawadyc.com\/fr\/wp-json\/wp\/v2\/pages\/598"}],"wp:attachment":[{"href":"https:\/\/hawadyc.com\/fr\/wp-json\/wp\/v2\/media?parent=611"}],"curies":[{"name":"wp","href":"https:\/\/api.w.org\/{rel}","templated":true}]}}