{"id":598,"date":"2021-02-11T11:42:32","date_gmt":"2021-02-11T11:42:32","guid":{"rendered":"https:\/\/hawadyc.com\/bracelets-didentification\/"},"modified":"2021-02-11T11:42:33","modified_gmt":"2021-02-11T11:42:33","slug":"bracelets-didentification","status":"publish","type":"page","link":"https:\/\/hawadyc.com\/fr\/bracelets-didentification\/","title":{"rendered":"Bracelets d\u2019identification"},"content":{"rendered":"\n[et_pb_section fb_built=&#8221;1&#8243; admin_label=&#8221;Header&#8221; _builder_version=&#8221;4.5.1&#8243; background_color=&#8221;#2b343b&#8221; custom_padding=&#8221;||||false|false&#8221; locked=&#8221;off&#8221;][et_pb_row column_structure=&#8221;1_2,1_2&#8243; _builder_version=&#8221;4.5.1&#8243;][et_pb_column type=&#8221;1_2&#8243; _builder_version=&#8221;4.5.1&#8243;][et_pb_image src=&#8221;https:\/\/hawadyc.com\/wp-content\/uploads\/2021\/01\/pulseras-hawaydyc_ver.png&#8221; alt=&#8221;Bracelet d\u2019identification Adultes&#8221; title_text=&#8221;imprimante et bracelets d\u2019identification hawaydyc&#8221; align=&#8221;center&#8221; _builder_version=&#8221;4.8.1&#8243; positioning=&#8221;absolute&#8221; position_origin_a_tablet=&#8221;&#8221; position_origin_a_phone=&#8221;&#8221; position_origin_a_last_edited=&#8221;on|tablet&#8221; position_origin_f_tablet=&#8221;&#8221; position_origin_f_phone=&#8221;&#8221; position_origin_f_last_edited=&#8221;on|tablet&#8221; position_origin_r_tablet=&#8221;&#8221; position_origin_r_phone=&#8221;&#8221; position_origin_r_last_edited=&#8221;on|tablet&#8221; max_width_tablet=&#8221;300px&#8221; max_width_phone=&#8221;250px&#8221; max_width_last_edited=&#8221;off|desktop&#8221; max_height_tablet=&#8221;400px&#8221; max_height_phone=&#8221;300px&#8221; max_height_last_edited=&#8221;on|phone&#8221; custom_margin=&#8221;|||-20vw|false|false&#8221; custom_margin_tablet=&#8221;|||0vw|false|false&#8221; custom_margin_phone=&#8221;&#8221; custom_margin_last_edited=&#8221;on|tablet&#8221; scroll_vertical_motion_enable=&#8221;on&#8221; scroll_vertical_motion=&#8221;0|50|50|100|-4|0|-1&#8243; positioning_tablet=&#8221;none&#8221; positioning_phone=&#8221;&#8221; positioning_last_edited=&#8221;on|tablet&#8221;][\/et_pb_image][\/et_pb_column][et_pb_column type=&#8221;1_2&#8243; _builder_version=&#8221;4.5.1&#8243; background_enable_color=&#8221;off&#8221; background_image=&#8221;https:\/\/hawadyc.com\/wp-content\/uploads\/2021\/01\/beauty-product_57.png&#8221; background_size=&#8221;contain&#8221; custom_padding=&#8221;15%||15%||true|false&#8221; custom_padding_tablet=&#8221;&#8221; custom_padding_phone=&#8221;&#8221; custom_padding_last_edited=&#8221;on|phone&#8221;][et_pb_text _builder_version=&#8221;4.8.1&#8243; header_font=&#8221;Montserrat|800||on|||||&#8221; header_font_size=&#8221;60px&#8221; header_letter_spacing=&#8221;4px&#8221; header_line_height=&#8221;1.2em&#8221; header_2_font=&#8221;Montserrat|700||on|||||&#8221; text_orientation=&#8221;center&#8221; background_layout=&#8221;dark&#8221; header_font_size_tablet=&#8221;40px&#8221; header_font_size_phone=&#8221;30px&#8221; header_font_size_last_edited=&#8221;on|phone&#8221; locked=&#8221;off&#8221;]<h1>Bracelets<\/h1>\r\n<h2>d\u2019identification<\/h2>[\/et_pb_text][\/et_pb_column][\/et_pb_row][\/et_pb_section][et_pb_section fb_built=&#8221;1&#8243; admin_label=&#8221;About&#8221; _builder_version=&#8221;4.5.1&#8243; background_color=&#8221;#f8f5f3&#8243; background_enable_image=&#8221;off&#8221; custom_padding=&#8221;20vw||||false|false&#8221; locked=&#8221;off&#8221;][et_pb_row make_equal=&#8221;on&#8221; _builder_version=&#8221;4.5.1&#8243;][et_pb_column type=&#8221;4_4&#8243; _builder_version=&#8221;4.5.1&#8243;][et_pb_text _builder_version=&#8221;4.8.1&#8243; header_2_font=&#8221;Montserrat|800||on|||||&#8221; header_2_text_align=&#8221;center&#8221; header_2_text_color=&#8221;#2B343B&#8221; header_2_font_size=&#8221;50px&#8221; header_2_letter_spacing=&#8221;3px&#8221; header_2_line_height=&#8221;1.2em&#8221; header_2_font_size_tablet=&#8221;40px&#8221; header_2_font_size_phone=&#8221;30px&#8221; header_2_font_size_last_edited=&#8221;on|phone&#8221; locked=&#8221;off&#8221;]<h2>Identification des patients<\/h2>[\/et_pb_text][et_pb_text _builder_version=&#8221;4.8.2&#8243; text_font=&#8221;Montserrat||||||||&#8221; text_font_size=&#8221;16px&#8221; text_line_height=&#8221;2em&#8221; hover_enabled=&#8221;0&#8243; text_font_size_tablet=&#8221;14px&#8221; text_font_size_phone=&#8221;14px&#8221; text_font_size_last_edited=&#8221;on|desktop&#8221; text_line_height_phone=&#8221;1.6em&#8221; text_line_height_last_edited=&#8221;off|desktop&#8221; locked=&#8221;off&#8221; sticky_enabled=&#8221;0&#8243;]<p>L\u2019utilisation de mauvais outils d\u2019identification peut engendrer de nombreux probl\u00e8mes et notamment se r\u00e9percuter sur la qualit\u00e9 des soins et de la gestion sanitaire.<\/p>\r\n<p>De nombreuses situations peuvent favoriser les erreurs d\u2019identifications\u00a0: elles peuvent r\u00e9sulter d\u2019une mauvaise orthographe du pr\u00e9nom ou du nom, (personne arrivant sans papier), d\u2019une fusion d\u2019identit\u00e9 (personnes changeant de nom entre deux consultations), une confusion dans le sexe renseign\u00e9 ou encore avec un homonyme, etc.<\/p>\r\n<p>Il est donc indispensable de bien sensibiliser les professionnels et les patients sur les outils mis \u00e0 leur disposition pour r\u00e9duire au maximum les risques et \u00e9viter les mauvais traitements. Et c\u2019est ainsi que notre groupe Hawadyc se d\u00e9finit, en apportant aux professionnels de sant\u00e9 des moyens efficaces et de confiance, pour am\u00e9liorer toujours plus leur relation avec leurs patients.<\/p>\r\n<p>Selon l&#8217;American Hospital Association, l&#8217;identification verbale ne doit pas \u00eatre effectu\u00e9e car les patients peuvent \u00eatre sous s\u00e9dation, inattentifs, indiff\u00e9rents, confus ou simplement incapables de r\u00e9pondre. Les patients peuvent \u00e9galement avoir des barri\u00e8res linguistiques et linguistiques, des probl\u00e8mes d&#8217;audition ou le fait d&#8217;\u00eatre trop jeunes, qui peuvent tous augmenter la probabilit\u00e9 d&#8217;erreurs et menacer la s\u00e9curit\u00e9 des soins aux patients.<\/p>\r\n<p>Le personnel de sant\u00e9 est souvent trop confiant en mati\u00e8re d&#8217;identification des patients. Lors de la rencontre d&#8217;un patient, on suppose que les autres le connaissent \u00e9galement.<\/p>[\/et_pb_text][\/et_pb_column][\/et_pb_row][\/et_pb_section][et_pb_section fb_built=&#8221;1&#8243; admin_label=&#8221;Mission&#8221; _builder_version=&#8221;4.8.1&#8243; background_color=&#8221;#D8C1C7&#8243; background_enable_image=&#8221;off&#8221; custom_padding=&#8221;5vw||5vw||true|false&#8221;][et_pb_row _builder_version=&#8221;4.8.1&#8243; _module_preset=&#8221;default&#8221;][et_pb_column type=&#8221;4_4&#8243; _builder_version=&#8221;4.8.1&#8243; _module_preset=&#8221;default&#8221;][et_pb_text _builder_version=&#8221;4.8.1&#8243; _module_preset=&#8221;default&#8221; header_3_font=&#8221;Montserrat|700||on|||||&#8221; header_3_text_align=&#8221;center&#8221; header_3_text_color=&#8221;#242424&#8243; header_3_font_size=&#8221;50px&#8221; header_3_letter_spacing=&#8221;3px&#8221; header_4_font=&#8221;Montserrat|700||on|||||&#8221; header_4_text_align=&#8221;center&#8221; header_4_font_size=&#8221;35px&#8221; header_3_font_size_tablet=&#8221;&#8221; header_3_font_size_phone=&#8221;32px&#8221; header_3_font_size_last_edited=&#8221;on|phone&#8221; header_3_letter_spacing_tablet=&#8221;&#8221; header_3_letter_spacing_phone=&#8221;2px&#8221; header_3_letter_spacing_last_edited=&#8221;on|phone&#8221; header_4_font_size_tablet=&#8221;&#8221; header_4_font_size_phone=&#8221;25px&#8221; header_4_font_size_last_edited=&#8221;on|phone&#8221;]<h3>Bracelets d\u2019identification<\/h3>\r\n<h4>Hawadyc<\/h4>[\/et_pb_text][\/et_pb_column][\/et_pb_row][et_pb_row column_structure=&#8221;1_5,1_5,1_5,1_5,1_5&#8243; _builder_version=&#8221;4.8.1&#8243; _module_preset=&#8221;default&#8221;][et_pb_column type=&#8221;1_5&#8243; _builder_version=&#8221;4.8.1&#8243; _module_preset=&#8221;default&#8221;][et_pb_text _builder_version=&#8221;4.8.1&#8243; _module_preset=&#8221;default&#8221; header_3_font=&#8221;Montserrat|700|||||||&#8221; header_3_text_align=&#8221;center&#8221; header_3_font_size=&#8221;18px&#8221;]<h3>H\u00e9movigilance<\/h3>[\/et_pb_text][et_pb_image src=&#8221;https:\/\/hawadyc.com\/wp-content\/uploads\/2021\/01\/transfusional-sombra.png&#8221; alt=&#8221;Bracelet d\u2019identification d\u2019h\u00e9movigilance&#8221; title_text=&#8221;Bracelet d\u2019identification d\u2019h\u00e9movigilance&#8221; url=&#8221;@ET-DC@eyJkeW5hbWljIjp0cnVlLCJjb250ZW50IjoicG9zdF9saW5rX3VybF9wYWdlIiwic2V0dGluZ3MiOnsicG9zdF9pZCI6IjI0NyJ9fQ==@&#8221; _builder_version=&#8221;4.8.1&#8243; _dynamic_attributes=&#8221;url&#8221; _module_preset=&#8221;default&#8221;][\/et_pb_image][\/et_pb_column][et_pb_column type=&#8221;1_5&#8243; _builder_version=&#8221;4.8.1&#8243; _module_preset=&#8221;default&#8221;][et_pb_text _builder_version=&#8221;4.8.1&#8243; _module_preset=&#8221;default&#8221; header_3_font=&#8221;Montserrat|700|||||||&#8221; header_3_text_align=&#8221;center&#8221; header_3_font_size=&#8221;18px&#8221;]<h3>Adultes<\/h3>[\/et_pb_text][et_pb_image src=&#8221;https:\/\/hawadyc.com\/wp-content\/uploads\/2021\/01\/adultos-sombra.png&#8221; alt=&#8221;Bracelet d\u2019identification Adulte&#8221; title_text=&#8221;Bracelet d\u2019identification Adulte&#8221; url=&#8221;@ET-DC@eyJkeW5hbWljIjp0cnVlLCJjb250ZW50IjoicG9zdF9saW5rX3VybF9wYWdlIiwic2V0dGluZ3MiOnsicG9zdF9pZCI6IjIxNyJ9fQ==@&#8221; _builder_version=&#8221;4.8.1&#8243; _dynamic_attributes=&#8221;url&#8221; _module_preset=&#8221;default&#8221;][\/et_pb_image][\/et_pb_column][et_pb_column type=&#8221;1_5&#8243; _builder_version=&#8221;4.8.1&#8243; _module_preset=&#8221;default&#8221;][et_pb_text _builder_version=&#8221;4.8.1&#8243; _module_preset=&#8221;default&#8221; header_3_font=&#8221;Montserrat|700|||||||&#8221; header_3_text_align=&#8221;center&#8221; header_3_font_size=&#8221;18px&#8221;]<h3>P\u00e9diatrique<\/h3>[\/et_pb_text][et_pb_image src=&#8221;https:\/\/hawadyc.com\/wp-content\/uploads\/2021\/01\/peques-sombra.png&#8221; alt=&#8221;Bracelet d\u2019identification P\u00e9diatrique&#8221; title_text=&#8221;Bracelet d\u2019identification P\u00e9diatrique&#8221; url=&#8221;@ET-DC@eyJkeW5hbWljIjp0cnVlLCJjb250ZW50IjoicG9zdF9saW5rX3VybF9wYWdlIiwic2V0dGluZ3MiOnsicG9zdF9pZCI6IjIzMSJ9fQ==@&#8221; _builder_version=&#8221;4.8.1&#8243; _dynamic_attributes=&#8221;url&#8221; _module_preset=&#8221;default&#8221;][\/et_pb_image][\/et_pb_column][et_pb_column type=&#8221;1_5&#8243; _builder_version=&#8221;4.8.1&#8243; _module_preset=&#8221;default&#8221;][et_pb_text _builder_version=&#8221;4.8.1&#8243; _module_preset=&#8221;default&#8221; header_3_font=&#8221;Montserrat|700|||||||&#8221; header_3_text_align=&#8221;center&#8221; header_3_font_size=&#8221;18px&#8221;]<h3>Maternit\u00e9<\/h3>[\/et_pb_text][et_pb_image src=&#8221;https:\/\/hawadyc.com\/wp-content\/uploads\/2021\/01\/maternal-sombra.png&#8221; alt=&#8221;Bracelet d\u2019identification de maternit\u00e9&#8221; title_text=&#8221;Bracelet d\u2019identification de maternit\u00e9&#8221; url=&#8221;@ET-DC@eyJkeW5hbWljIjp0cnVlLCJjb250ZW50IjoicG9zdF9saW5rX3VybF9wYWdlIiwic2V0dGluZ3MiOnsicG9zdF9pZCI6IjI1NSJ9fQ==@&#8221; _builder_version=&#8221;4.8.1&#8243; _dynamic_attributes=&#8221;url&#8221; _module_preset=&#8221;default&#8221;][\/et_pb_image][\/et_pb_column][et_pb_column type=&#8221;1_5&#8243; _builder_version=&#8221;4.8.1&#8243; _module_preset=&#8221;default&#8221;][et_pb_text _builder_version=&#8221;4.8.1&#8243; _module_preset=&#8221;default&#8221; header_3_font=&#8221;Montserrat|700|||||||&#8221; header_3_text_align=&#8221;center&#8221; header_3_font_size=&#8221;18px&#8221;]<h3>Triage Services d\u2019urgences<\/h3>[\/et_pb_text][et_pb_image src=&#8221;https:\/\/hawadyc.com\/wp-content\/uploads\/2021\/01\/alergias-sombra.png&#8221; alt=&#8221;Bracelet d\u2019identification triage services d\u2019urgences&#8221; title_text=&#8221;Bracelet d\u2019identification triage services d\u2019urgences&#8221; url=&#8221;@ET-DC@eyJkeW5hbWljIjp0cnVlLCJjb250ZW50IjoicG9zdF9saW5rX3VybF9wYWdlIiwic2V0dGluZ3MiOnsicG9zdF9pZCI6IjIzOSJ9fQ==@&#8221; _builder_version=&#8221;4.8.1&#8243; _dynamic_attributes=&#8221;url&#8221; _module_preset=&#8221;default&#8221; custom_margin=&#8221;-2vw||||false|false&#8221; custom_margin_tablet=&#8221;&#8221; custom_margin_phone=&#8221;&#8221; custom_margin_last_edited=&#8221;on|tablet&#8221;][\/et_pb_image][\/et_pb_column][\/et_pb_row][\/et_pb_section]\n","protected":false},"excerpt":{"rendered":"<p>Bracelets d\u2019identificationIdentification des patientsL\u2019utilisation de mauvais outils d\u2019identification peut engendrer de nombreux probl\u00e8mes et notamment se r\u00e9percuter sur la qualit\u00e9 des soins et de la gestion sanitaire. De nombreuses situations peuvent favoriser les erreurs d\u2019identifications\u00a0: elles peuvent r\u00e9sulter d\u2019une mauvaise orthographe du pr\u00e9nom ou du nom, (personne arrivant sans papier), d\u2019une fusion d\u2019identit\u00e9 (personnes changeant [&hellip;]<\/p>\n","protected":false},"author":3,"featured_media":0,"parent":0,"menu_order":0,"comment_status":"closed","ping_status":"closed","template":"","meta":{"_et_pb_use_builder":"on","_et_pb_old_content":"","_et_gb_content_width":"","footnotes":""},"class_list":["post-598","page","type-page","status-publish","hentry"],"yoast_head":"<!-- This site is optimized with the Yoast SEO plugin v27.6 - https:\/\/yoast.com\/product\/yoast-seo-wordpress\/ -->\n<title>Bracelets d\u2019identification - Hawadyc<\/title>\n<meta name=\"robots\" content=\"index, follow, max-snippet:-1, max-image-preview:large, max-video-preview:-1\" \/>\n<link rel=\"canonical\" href=\"https:\/\/hawadyc.com\/fr\/bracelets-didentification\/\" \/>\n<meta property=\"og:locale\" content=\"fr_FR\" \/>\n<meta property=\"og:type\" content=\"article\" \/>\n<meta property=\"og:title\" content=\"Bracelets d\u2019identification - Hawadyc\" \/>\n<meta property=\"og:description\" content=\"Bracelets d\u2019identificationIdentification des patientsL\u2019utilisation de mauvais outils d\u2019identification peut engendrer de nombreux probl\u00e8mes et notamment se r\u00e9percuter sur la qualit\u00e9 des soins et de la gestion sanitaire. De nombreuses situations peuvent favoriser les erreurs d\u2019identifications\u00a0: elles peuvent r\u00e9sulter d\u2019une mauvaise orthographe du pr\u00e9nom ou du nom, (personne arrivant sans papier), d\u2019une fusion d\u2019identit\u00e9 (personnes changeant [&hellip;]\" \/>\n<meta property=\"og:url\" content=\"https:\/\/hawadyc.com\/fr\/bracelets-didentification\/\" \/>\n<meta property=\"og:site_name\" content=\"Hawadyc\" \/>\n<meta property=\"article:modified_time\" content=\"2021-02-11T11:42:33+00:00\" \/>\n<meta name=\"twitter:card\" content=\"summary_large_image\" \/>\n<meta name=\"twitter:label1\" content=\"Est. reading time\" \/>\n\t<meta name=\"twitter:data1\" content=\"7 minutes\" \/>\n<script type=\"application\/ld+json\" class=\"yoast-schema-graph\">{\"@context\":\"https:\\\/\\\/schema.org\",\"@graph\":[{\"@type\":\"WebPage\",\"@id\":\"https:\\\/\\\/hawadyc.com\\\/fr\\\/bracelets-didentification\\\/\",\"url\":\"https:\\\/\\\/hawadyc.com\\\/fr\\\/bracelets-didentification\\\/\",\"name\":\"Bracelets d\u2019identification - Hawadyc\",\"isPartOf\":{\"@id\":\"https:\\\/\\\/hawadyc.com\\\/fr\\\/#website\"},\"datePublished\":\"2021-02-11T11:42:32+00:00\",\"dateModified\":\"2021-02-11T11:42:33+00:00\",\"breadcrumb\":{\"@id\":\"https:\\\/\\\/hawadyc.com\\\/fr\\\/bracelets-didentification\\\/#breadcrumb\"},\"inLanguage\":\"fr-FR\",\"potentialAction\":[{\"@type\":\"ReadAction\",\"target\":[\"https:\\\/\\\/hawadyc.com\\\/fr\\\/bracelets-didentification\\\/\"]}]},{\"@type\":\"BreadcrumbList\",\"@id\":\"https:\\\/\\\/hawadyc.com\\\/fr\\\/bracelets-didentification\\\/#breadcrumb\",\"itemListElement\":[{\"@type\":\"ListItem\",\"position\":1,\"name\":\"Portada\",\"item\":\"https:\\\/\\\/hawadyc.com\\\/fr\\\/debut\\\/\"},{\"@type\":\"ListItem\",\"position\":2,\"name\":\"Bracelets d\u2019identification\"}]},{\"@type\":\"WebSite\",\"@id\":\"https:\\\/\\\/hawadyc.com\\\/fr\\\/#website\",\"url\":\"https:\\\/\\\/hawadyc.com\\\/fr\\\/\",\"name\":\"Hawadyc\",\"description\":\"Etiquetado profesional textil y prendas de ropa\",\"potentialAction\":[{\"@type\":\"SearchAction\",\"target\":{\"@type\":\"EntryPoint\",\"urlTemplate\":\"https:\\\/\\\/hawadyc.com\\\/fr\\\/?s={search_term_string}\"},\"query-input\":{\"@type\":\"PropertyValueSpecification\",\"valueRequired\":true,\"valueName\":\"search_term_string\"}}],\"inLanguage\":\"fr-FR\"}]}<\/script>\n<!-- \/ Yoast SEO plugin. -->","yoast_head_json":{"title":"Bracelets d\u2019identification - Hawadyc","robots":{"index":"index","follow":"follow","max-snippet":"max-snippet:-1","max-image-preview":"max-image-preview:large","max-video-preview":"max-video-preview:-1"},"canonical":"https:\/\/hawadyc.com\/fr\/bracelets-didentification\/","og_locale":"fr_FR","og_type":"article","og_title":"Bracelets d\u2019identification - Hawadyc","og_description":"Bracelets d\u2019identificationIdentification des patientsL\u2019utilisation de mauvais outils d\u2019identification peut engendrer de nombreux probl\u00e8mes et notamment se r\u00e9percuter sur la qualit\u00e9 des soins et de la gestion sanitaire. De nombreuses situations peuvent favoriser les erreurs d\u2019identifications\u00a0: elles peuvent r\u00e9sulter d\u2019une mauvaise orthographe du pr\u00e9nom ou du nom, (personne arrivant sans papier), d\u2019une fusion d\u2019identit\u00e9 (personnes changeant [&hellip;]","og_url":"https:\/\/hawadyc.com\/fr\/bracelets-didentification\/","og_site_name":"Hawadyc","article_modified_time":"2021-02-11T11:42:33+00:00","twitter_card":"summary_large_image","twitter_misc":{"Est. reading time":"7 minutes"},"schema":{"@context":"https:\/\/schema.org","@graph":[{"@type":"WebPage","@id":"https:\/\/hawadyc.com\/fr\/bracelets-didentification\/","url":"https:\/\/hawadyc.com\/fr\/bracelets-didentification\/","name":"Bracelets d\u2019identification - Hawadyc","isPartOf":{"@id":"https:\/\/hawadyc.com\/fr\/#website"},"datePublished":"2021-02-11T11:42:32+00:00","dateModified":"2021-02-11T11:42:33+00:00","breadcrumb":{"@id":"https:\/\/hawadyc.com\/fr\/bracelets-didentification\/#breadcrumb"},"inLanguage":"fr-FR","potentialAction":[{"@type":"ReadAction","target":["https:\/\/hawadyc.com\/fr\/bracelets-didentification\/"]}]},{"@type":"BreadcrumbList","@id":"https:\/\/hawadyc.com\/fr\/bracelets-didentification\/#breadcrumb","itemListElement":[{"@type":"ListItem","position":1,"name":"Portada","item":"https:\/\/hawadyc.com\/fr\/debut\/"},{"@type":"ListItem","position":2,"name":"Bracelets d\u2019identification"}]},{"@type":"WebSite","@id":"https:\/\/hawadyc.com\/fr\/#website","url":"https:\/\/hawadyc.com\/fr\/","name":"Hawadyc","description":"Etiquetado profesional textil y prendas de ropa","potentialAction":[{"@type":"SearchAction","target":{"@type":"EntryPoint","urlTemplate":"https:\/\/hawadyc.com\/fr\/?s={search_term_string}"},"query-input":{"@type":"PropertyValueSpecification","valueRequired":true,"valueName":"search_term_string"}}],"inLanguage":"fr-FR"}]}},"_links":{"self":[{"href":"https:\/\/hawadyc.com\/fr\/wp-json\/wp\/v2\/pages\/598","targetHints":{"allow":["GET"]}}],"collection":[{"href":"https:\/\/hawadyc.com\/fr\/wp-json\/wp\/v2\/pages"}],"about":[{"href":"https:\/\/hawadyc.com\/fr\/wp-json\/wp\/v2\/types\/page"}],"author":[{"embeddable":true,"href":"https:\/\/hawadyc.com\/fr\/wp-json\/wp\/v2\/users\/3"}],"replies":[{"embeddable":true,"href":"https:\/\/hawadyc.com\/fr\/wp-json\/wp\/v2\/comments?post=598"}],"version-history":[{"count":1,"href":"https:\/\/hawadyc.com\/fr\/wp-json\/wp\/v2\/pages\/598\/revisions"}],"predecessor-version":[{"id":599,"href":"https:\/\/hawadyc.com\/fr\/wp-json\/wp\/v2\/pages\/598\/revisions\/599"}],"wp:attachment":[{"href":"https:\/\/hawadyc.com\/fr\/wp-json\/wp\/v2\/media?parent=598"}],"curies":[{"name":"wp","href":"https:\/\/api.w.org\/{rel}","templated":true}]}}